{"id":94,"date":"2026-04-30T11:30:26","date_gmt":"2026-04-30T09:30:26","guid":{"rendered":"https:\/\/cryometal.wpcomstaging.com\/?page_id=94"},"modified":"2026-04-30T16:05:26","modified_gmt":"2026-04-30T14:05:26","slug":"cryo-jx-rada","status":"publish","type":"page","link":"https:\/\/www.cryometal.cz\/en\/dewarovy-nadoby\/cryo-jx-rada\/","title":{"rendered":"LAB \u0159ada"},"content":{"rendered":"<p><img loading=\"lazy\" decoding=\"async\" class=\"alignnone size-medium wp-image-1503\" src=\"https:\/\/www.cryometal.cz\/wp-content\/uploads\/2026\/04\/LAB4-300x281.jpeg\" alt=\"\" width=\"300\" height=\"281\" srcset=\"https:\/\/www.cryometal.cz\/wp-content\/uploads\/2026\/04\/LAB4-300x281.jpeg 300w, https:\/\/www.cryometal.cz\/wp-content\/uploads\/2026\/04\/LAB4-768x719.jpeg 768w, https:\/\/www.cryometal.cz\/wp-content\/uploads\/2026\/04\/LAB4.jpeg 1024w\" sizes=\"auto, (max-width: 300px) 100vw, 300px\" \/><\/p>\r<!--themify_builder_content-->\n<div id=\"themify_builder_content-94\" data-postid=\"94\" class=\"themify_builder_content themify_builder_content-94 themify_builder tf_clear\">\n                    <div  data-lazy=\"1\" class=\"module_row themify_builder_row tb_z8bx42 tb_first tf_w\">\n                        <div class=\"row_inner col_align_top tb_col_count_1 tf_box tf_rel\">\n                        <div  data-lazy=\"1\" class=\"module_column tb-column col-full tb_d0jt42 first\">\n                    <!-- module text -->\n<div  class=\"module module-text tb_3ocr43    tb_gs1080631\" data-lazy=\"1\">\n        <div  class=\"tb_text_wrap\">\n        <h1 class=\"page-title\">Dewarovy n\u00e1doby &#8211; LAB \u0159ada<\/h1>    <\/div>\n<\/div>\n<!-- \/module text --><!-- module divider -->\n<div  class=\"module tf_mw module-divider tb_orhr43 solid  divider-custom divider-left\" style=\"border-width: 3px;border-color: #60ccf7;margin-bottom: 17px;max-width: 188px;\" data-lazy=\"1\">\n    <\/div>\n<!-- \/module divider -->\n        <div  data-lazy=\"1\" class=\"module_subrow themify_builder_sub_row tf_w col_align_top tb_col_count_2 tb_dig443\">\n                <div  data-lazy=\"1\" class=\"module_column sub_column tb_4pav44 first\">\n                    <!-- module image -->\n<div  class=\"module module-image tb_a2lt656 image-top   tf_mw\" data-lazy=\"1\">\n        <div class=\"image-wrap tf_rel tf_mw\">\n            <img loading=\"lazy\" decoding=\"async\" width=\"150\" height=\"150\" src=\"https:\/\/www.cryometal.cz\/wp-content\/uploads\/2026\/04\/LAB_transport1-150x150.jpeg\" class=\"wp-post-image wp-image-1502\" title=\"LAB_transport1\" alt=\"LAB_transport1\">    \n        <\/div>\n    <!-- \/image-wrap -->\n    \n        <\/div>\n<!-- \/module image -->        <\/div>\n                    <div  data-lazy=\"1\" class=\"module_column sub_column tb_kncf44 last\">\n                    <!-- module text -->\n<div  class=\"module module-text tb_90p744\" data-lazy=\"1\">\n        <div  class=\"tb_text_wrap\">\n        <p><strong>N\u00e1doby \u0159ady LAB <\/strong>jsou ur\u010deny ke kladov\u00e1n\u00ed kapaln\u00e9ho dus\u00edku, jeho transportu a vyu\u017eit\u00ed v kryogenn\u00edch aplikac\u00edch. Maxim\u00e1ln\u00ed pracovn\u00ed p\u0159etlak 0,05MPa.\u00a0\u00a0<\/p>\n<p><b>Pou\u017eit\u00ed v oborech<\/b>\u00a0\u2013 humanit\u00e1rn\u00ed a veterin\u00e1rn\u00ed medic\u00edna, genetick\u00fd v\u00fdzkum, metalurgie, stroj\u00edrensk\u00e9 oprav\u00e1renstv\u00ed, energetika atd.<\/p>    <\/div>\n<\/div>\n<!-- \/module text -->        <\/div>\n                    <\/div>\n                <\/div>\n                        <\/div>\n        <\/div>\n        <\/div>\n<!--\/themify_builder_content-->\r\n<p>&nbsp;<\/p>","protected":false},"excerpt":{"rendered":"<p>&nbsp;<\/p>","protected":false},"author":2,"featured_media":0,"parent":33,"menu_order":1,"comment_status":"closed","ping_status":"closed","template":"","meta":{"footnotes":""},"class_list":["post-94","page","type-page","status-publish","hentry","has-post-title","has-post-date","has-post-category","has-post-tag","has-post-comment","has-post-author",""],"yoast_head":"<!-- This site is optimized with the Yoast SEO plugin v27.5 - https:\/\/yoast.com\/product\/yoast-seo-wordpress\/ -->\n<title>LAB \u0159ada - Cryometal<\/title>\n<meta name=\"robots\" content=\"index, follow, max-snippet:-1, max-image-preview:large, max-video-preview:-1\" \/>\n<link rel=\"canonical\" href=\"https:\/\/www.cryometal.cz\/en\/dewarovy-nadoby\/cryo-jx-rada\/\" \/>\n<meta name=\"twitter:card\" content=\"summary_large_image\" \/>\n<meta name=\"twitter:title\" content=\"LAB \u0159ada - Cryometal\" \/>\n<meta name=\"twitter:description\" content=\"&nbsp;\" \/>\n<meta name=\"twitter:image\" content=\"https:\/\/www.cryometal.cz\/wp-content\/uploads\/2026\/04\/LAB4.jpeg\" \/>\n<meta name=\"twitter:label1\" content=\"Estimated reading time\" \/>\n\t<meta name=\"twitter:data1\" content=\"1 minute\" \/>\n<script type=\"application\/ld+json\" class=\"yoast-schema-graph\">{\"@context\":\"https:\\\/\\\/schema.org\",\"@graph\":[{\"@type\":\"WebPage\",\"@id\":\"https:\\\/\\\/www.cryometal.cz\\\/dewarovy-nadoby\\\/cryo-jx-rada\\\/\",\"url\":\"https:\\\/\\\/www.cryometal.cz\\\/dewarovy-nadoby\\\/cryo-jx-rada\\\/\",\"name\":\"LAB \u0159ada - Cryometal\",\"isPartOf\":{\"@id\":\"https:\\\/\\\/www.cryometal.cz\\\/#website\"},\"primaryImageOfPage\":{\"@id\":\"https:\\\/\\\/www.cryometal.cz\\\/dewarovy-nadoby\\\/cryo-jx-rada\\\/#primaryimage\"},\"image\":{\"@id\":\"https:\\\/\\\/www.cryometal.cz\\\/dewarovy-nadoby\\\/cryo-jx-rada\\\/#primaryimage\"},\"thumbnailUrl\":\"https:\\\/\\\/www.cryometal.cz\\\/wp-content\\\/uploads\\\/2026\\\/04\\\/LAB4-300x281.jpeg\",\"datePublished\":\"2026-04-30T09:30:26+00:00\",\"dateModified\":\"2026-04-30T14:05:26+00:00\",\"breadcrumb\":{\"@id\":\"https:\\\/\\\/www.cryometal.cz\\\/dewarovy-nadoby\\\/cryo-jx-rada\\\/#breadcrumb\"},\"inLanguage\":\"en-GB\",\"potentialAction\":[{\"@type\":\"ReadAction\",\"target\":[\"https:\\\/\\\/www.cryometal.cz\\\/dewarovy-nadoby\\\/cryo-jx-rada\\\/\"]}]},{\"@type\":\"ImageObject\",\"inLanguage\":\"en-GB\",\"@id\":\"https:\\\/\\\/www.cryometal.cz\\\/dewarovy-nadoby\\\/cryo-jx-rada\\\/#primaryimage\",\"url\":\"https:\\\/\\\/www.cryometal.cz\\\/wp-content\\\/uploads\\\/2026\\\/04\\\/LAB4-300x281.jpeg\",\"contentUrl\":\"https:\\\/\\\/www.cryometal.cz\\\/wp-content\\\/uploads\\\/2026\\\/04\\\/LAB4-300x281.jpeg\"},{\"@type\":\"BreadcrumbList\",\"@id\":\"https:\\\/\\\/www.cryometal.cz\\\/dewarovy-nadoby\\\/cryo-jx-rada\\\/#breadcrumb\",\"itemListElement\":[{\"@type\":\"ListItem\",\"position\":1,\"name\":\"Dom\u016f\",\"item\":\"https:\\\/\\\/www.cryometal.cz\\\/\"},{\"@type\":\"ListItem\",\"position\":2,\"name\":\"Dewarovy n\u00e1doby\",\"item\":\"https:\\\/\\\/www.cryometal.cz\\\/dewarovy-nadoby\\\/\"},{\"@type\":\"ListItem\",\"position\":3,\"name\":\"LAB \u0159ada\"}]},{\"@type\":\"WebSite\",\"@id\":\"https:\\\/\\\/www.cryometal.cz\\\/#website\",\"url\":\"https:\\\/\\\/www.cryometal.cz\\\/\",\"name\":\"Cryometal\",\"description\":\"\",\"publisher\":{\"@id\":\"https:\\\/\\\/www.cryometal.cz\\\/#organization\"},\"potentialAction\":[{\"@type\":\"SearchAction\",\"target\":{\"@type\":\"EntryPoint\",\"urlTemplate\":\"https:\\\/\\\/www.cryometal.cz\\\/?s={search_term_string}\"},\"query-input\":{\"@type\":\"PropertyValueSpecification\",\"valueRequired\":true,\"valueName\":\"search_term_string\"}}],\"inLanguage\":\"en-GB\"},{\"@type\":\"Organization\",\"@id\":\"https:\\\/\\\/www.cryometal.cz\\\/#organization\",\"name\":\"Cryometal s.r.o.\",\"url\":\"https:\\\/\\\/www.cryometal.cz\\\/\",\"logo\":{\"@type\":\"ImageObject\",\"inLanguage\":\"en-GB\",\"@id\":\"https:\\\/\\\/www.cryometal.cz\\\/#\\\/schema\\\/logo\\\/image\\\/\",\"url\":\"https:\\\/\\\/www.cryometal.cz\\\/wp-content\\\/uploads\\\/2020\\\/04\\\/logo2_transparent-e1588170436895.png\",\"contentUrl\":\"https:\\\/\\\/www.cryometal.cz\\\/wp-content\\\/uploads\\\/2020\\\/04\\\/logo2_transparent-e1588170436895.png\",\"width\":210,\"height\":57,\"caption\":\"Cryometal s.r.o.\"},\"image\":{\"@id\":\"https:\\\/\\\/www.cryometal.cz\\\/#\\\/schema\\\/logo\\\/image\\\/\"},\"sameAs\":[\"https:\\\/\\\/www.facebook.com\\\/people\\\/Cryometal\\\/100085547590674\\\/\"]}]}<\/script>\n<!-- \/ Yoast SEO plugin. -->","yoast_head_json":{"title":"LAB \u0159ada - Cryometal","robots":{"index":"index","follow":"follow","max-snippet":"max-snippet:-1","max-image-preview":"max-image-preview:large","max-video-preview":"max-video-preview:-1"},"canonical":"https:\/\/www.cryometal.cz\/en\/dewarovy-nadoby\/cryo-jx-rada\/","twitter_card":"summary_large_image","twitter_title":"LAB \u0159ada - Cryometal","twitter_description":"&nbsp;","twitter_image":"https:\/\/www.cryometal.cz\/wp-content\/uploads\/2026\/04\/LAB4.jpeg","twitter_misc":{"Estimated reading time":"1 minute"},"schema":{"@context":"https:\/\/schema.org","@graph":[{"@type":"WebPage","@id":"https:\/\/www.cryometal.cz\/dewarovy-nadoby\/cryo-jx-rada\/","url":"https:\/\/www.cryometal.cz\/dewarovy-nadoby\/cryo-jx-rada\/","name":"LAB \u0159ada - Cryometal","isPartOf":{"@id":"https:\/\/www.cryometal.cz\/#website"},"primaryImageOfPage":{"@id":"https:\/\/www.cryometal.cz\/dewarovy-nadoby\/cryo-jx-rada\/#primaryimage"},"image":{"@id":"https:\/\/www.cryometal.cz\/dewarovy-nadoby\/cryo-jx-rada\/#primaryimage"},"thumbnailUrl":"https:\/\/www.cryometal.cz\/wp-content\/uploads\/2026\/04\/LAB4-300x281.jpeg","datePublished":"2026-04-30T09:30:26+00:00","dateModified":"2026-04-30T14:05:26+00:00","breadcrumb":{"@id":"https:\/\/www.cryometal.cz\/dewarovy-nadoby\/cryo-jx-rada\/#breadcrumb"},"inLanguage":"en-GB","potentialAction":[{"@type":"ReadAction","target":["https:\/\/www.cryometal.cz\/dewarovy-nadoby\/cryo-jx-rada\/"]}]},{"@type":"ImageObject","inLanguage":"en-GB","@id":"https:\/\/www.cryometal.cz\/dewarovy-nadoby\/cryo-jx-rada\/#primaryimage","url":"https:\/\/www.cryometal.cz\/wp-content\/uploads\/2026\/04\/LAB4-300x281.jpeg","contentUrl":"https:\/\/www.cryometal.cz\/wp-content\/uploads\/2026\/04\/LAB4-300x281.jpeg"},{"@type":"BreadcrumbList","@id":"https:\/\/www.cryometal.cz\/dewarovy-nadoby\/cryo-jx-rada\/#breadcrumb","itemListElement":[{"@type":"ListItem","position":1,"name":"Dom\u016f","item":"https:\/\/www.cryometal.cz\/"},{"@type":"ListItem","position":2,"name":"Dewarovy n\u00e1doby","item":"https:\/\/www.cryometal.cz\/dewarovy-nadoby\/"},{"@type":"ListItem","position":3,"name":"LAB \u0159ada"}]},{"@type":"WebSite","@id":"https:\/\/www.cryometal.cz\/#website","url":"https:\/\/www.cryometal.cz\/","name":"Cryometal","description":"","publisher":{"@id":"https:\/\/www.cryometal.cz\/#organization"},"potentialAction":[{"@type":"SearchAction","target":{"@type":"EntryPoint","urlTemplate":"https:\/\/www.cryometal.cz\/?s={search_term_string}"},"query-input":{"@type":"PropertyValueSpecification","valueRequired":true,"valueName":"search_term_string"}}],"inLanguage":"en-GB"},{"@type":"Organization","@id":"https:\/\/www.cryometal.cz\/#organization","name":"Cryometal s.r.o.","url":"https:\/\/www.cryometal.cz\/","logo":{"@type":"ImageObject","inLanguage":"en-GB","@id":"https:\/\/www.cryometal.cz\/#\/schema\/logo\/image\/","url":"https:\/\/www.cryometal.cz\/wp-content\/uploads\/2020\/04\/logo2_transparent-e1588170436895.png","contentUrl":"https:\/\/www.cryometal.cz\/wp-content\/uploads\/2020\/04\/logo2_transparent-e1588170436895.png","width":210,"height":57,"caption":"Cryometal s.r.o."},"image":{"@id":"https:\/\/www.cryometal.cz\/#\/schema\/logo\/image\/"},"sameAs":["https:\/\/www.facebook.com\/people\/Cryometal\/100085547590674\/"]}]}},"builder_content":"<h1>Dewarovy n\u00e1doby - LAB \u0159ada<\/h1>\n\n<img src=\"https:\/\/www.cryometal.cz\/wp-content\/uploads\/2026\/04\/LAB_transport1-150x150.jpeg\" title=\"LAB_transport1\" alt=\"LAB_transport1\">\n<p><strong>N\u00e1doby \u0159ady LAB <\/strong>jsou ur\u010deny ke kladov\u00e1n\u00ed kapaln\u00e9ho dus\u00edku, jeho transportu a vyu\u017eit\u00ed v kryogenn\u00edch aplikac\u00edch. Maxim\u00e1ln\u00ed pracovn\u00ed p\u0159etlak 0,05MPa.\u00a0\u00a0<\/p> <p><b>Pou\u017eit\u00ed v oborech<\/b>\u00a0\u2013 humanit\u00e1rn\u00ed a veterin\u00e1rn\u00ed medic\u00edna, genetick\u00fd v\u00fdzkum, metalurgie, stroj\u00edrensk\u00e9 oprav\u00e1renstv\u00ed, energetika atd.<\/p>","_links":{"self":[{"href":"https:\/\/www.cryometal.cz\/en\/wp-json\/wp\/v2\/pages\/94","targetHints":{"allow":["GET"]}}],"collection":[{"href":"https:\/\/www.cryometal.cz\/en\/wp-json\/wp\/v2\/pages"}],"about":[{"href":"https:\/\/www.cryometal.cz\/en\/wp-json\/wp\/v2\/types\/page"}],"author":[{"embeddable":true,"href":"https:\/\/www.cryometal.cz\/en\/wp-json\/wp\/v2\/users\/2"}],"replies":[{"embeddable":true,"href":"https:\/\/www.cryometal.cz\/en\/wp-json\/wp\/v2\/comments?post=94"}],"version-history":[{"count":29,"href":"https:\/\/www.cryometal.cz\/en\/wp-json\/wp\/v2\/pages\/94\/revisions"}],"predecessor-version":[{"id":1563,"href":"https:\/\/www.cryometal.cz\/en\/wp-json\/wp\/v2\/pages\/94\/revisions\/1563"}],"up":[{"embeddable":true,"href":"https:\/\/www.cryometal.cz\/en\/wp-json\/wp\/v2\/pages\/33"}],"wp:attachment":[{"href":"https:\/\/www.cryometal.cz\/en\/wp-json\/wp\/v2\/media?parent=94"}],"curies":[{"name":"wp","href":"https:\/\/api.w.org\/{rel}","templated":true}]}}