{"id":838,"date":"2018-04-27T22:39:38","date_gmt":"2018-04-27T21:39:38","guid":{"rendered":"https:\/\/cryometal.wpcomstaging.com\/?page_id=2"},"modified":"2026-04-30T09:19:58","modified_gmt":"2026-04-30T07:19:58","slug":"contact","status":"publish","type":"page","link":"https:\/\/www.cryometal.cz\/en\/contact\/","title":{"rendered":"Kontakt"},"content":{"rendered":"<!--themify_builder_content-->\n<div id=\"themify_builder_content-838\" data-postid=\"838\" class=\"themify_builder_content themify_builder_content-838 themify_builder tf_clear\">\n                    <div  data-lazy=\"1\" class=\"module_row themify_builder_row tb_g4mh9 tb_first tf_w\">\n                        <div class=\"row_inner col_align_top tb_col_count_1 tf_box tf_rel\">\n                        <div  data-lazy=\"1\" class=\"module_column tb-column col-full tb_qsuh10 first\">\n                    <!-- module text -->\n<div  class=\"module module-text tb_8lrz10    tb_gs1080631\" data-lazy=\"1\">\n        <div  class=\"tb_text_wrap\">\n        <h1 class=\"page-title\">Kontakt<\/h1>    <\/div>\n<\/div>\n<!-- \/module text --><!-- module divider -->\n<div  class=\"module tf_mw module-divider tb_h8k410 solid  divider-custom divider-left\" style=\"border-width: 3px;border-color: #60ccf7;margin-bottom: 17px;max-width: 188px;\" data-lazy=\"1\">\n    <\/div>\n<!-- \/module divider -->\n        <div  data-lazy=\"1\" class=\"module_subrow themify_builder_sub_row tf_w col_align_top tb_col_count_2 tb_88tu10\">\n                <div  data-lazy=\"1\" class=\"module_column sub_column tb_7mio11 first\">\n                    <!-- module text -->\n<div  class=\"module module-text tb_nhje11\" data-lazy=\"1\">\n        <div  class=\"tb_text_wrap\">\n        <p><strong>CRYOMETAL s.r.o.<\/strong><br \/>Kolovratsk\u00e1 1445\/17<br \/>251 01 \u0158\u00ed\u010dany u Prahy<br \/>\u010cesk\u00e1 Republika<br \/>I\u010cO: 47544805<br \/>DI\u010c: CZ47544805<\/p>    <\/div>\n<\/div>\n<!-- \/module text -->        <\/div>\n                    <div  data-lazy=\"1\" class=\"module_column sub_column tb_3ia811 last\">\n                    <!-- module text -->\n<div  class=\"module module-text tb_ixzp791\" data-lazy=\"1\">\n        <div  class=\"tb_text_wrap\">\n        <p><strong>Obchodn\u00ed odd\u011blen\u00ed<\/strong><\/p>\n<p><strong>Telefon: +420 323 603 141<\/strong><br \/><strong>Fax:\u00a0 \u00a0 \u00a0 \u00a0 \u00a0+420 323 603 145<\/strong><br \/><strong>E-mail: <a href=\"mailto:obchod@cryometal.cz\">obchod_cryo@cryometal.cz<\/a><\/strong><\/p>    <\/div>\n<\/div>\n<!-- \/module text -->        <\/div>\n                    <\/div>\n                <\/div>\n                        <\/div>\n        <\/div>\n                        <div  data-lazy=\"1\" class=\"module_row themify_builder_row tb_3uxr103 tf_w\">\n                        <div class=\"row_inner col_align_top tb_col_count_1 tf_box tf_rel\">\n                        <div  data-lazy=\"1\" class=\"module_column tb-column col-full tb_rmm2103 first\">\n                    <!-- module image -->\n<div  class=\"module module-image tb_sb9b779 image-top   tf_mw\" data-lazy=\"1\">\n        <div class=\"image-wrap tf_rel tf_mw\">\n            <a href=\"https:\/\/www.google.com\/maps\/embed?pb=!1m18!1m12!1m3!1d2564.6937708544333!2d14.647034000000001!3d49.99835050000001!2m3!1f0!2f0!3f0!3m2!1i1024!2i768!4f13.1!3m3!1m2!1s0x470b8eaac82af7ab%3A0xa88d2c26447ad66b!2zS29sb3ZyYXRza8OhIDE0NDUvMTcsIDI1MSAwMSDFmMOtxI1hbnk!5e0!3m2!1scs!2scz!4v1662641408416!5m2!1scs!2scz\" class=\"lightbox-builder themify_lightbox\">\n                                   <span class=\"zoom\">\n                <svg  aria-label=\"Open\" class=\"tf_fa tf-ti-search\" xmlns:xlink=\"http:\/\/www.w3.org\/1999\/xlink\" role=\"img\"><use href=\"#tf-ti-search\" xlink:href=\"#tf-ti-search\"><\/use><\/svg>            <\/span>\n                    <img loading=\"lazy\" decoding=\"async\" width=\"1852\" height=\"634\" src=\"https:\/\/www.cryometal.cz\/wp-content\/uploads\/2022\/09\/Screenshot_152.png\" class=\"wp-post-image wp-image-1152\" title=\"Screenshot_152\" alt=\"Screenshot_152\" srcset=\"https:\/\/www.cryometal.cz\/wp-content\/uploads\/2022\/09\/Screenshot_152.png 1852w, https:\/\/www.cryometal.cz\/wp-content\/uploads\/2022\/09\/Screenshot_152-300x103.png 300w, https:\/\/www.cryometal.cz\/wp-content\/uploads\/2022\/09\/Screenshot_152-1024x351.png 1024w, https:\/\/www.cryometal.cz\/wp-content\/uploads\/2022\/09\/Screenshot_152-768x263.png 768w, https:\/\/www.cryometal.cz\/wp-content\/uploads\/2022\/09\/Screenshot_152-1536x526.png 1536w, https:\/\/www.cryometal.cz\/wp-content\/uploads\/2022\/09\/Screenshot_152-600x205.png 600w\" sizes=\"auto, (max-width: 1852px) 100vw, 1852px\" \/>        <\/a>\n    \n        <\/div>\n    <!-- \/image-wrap -->\n    \n        <\/div>\n<!-- \/module image -->        <\/div>\n                        <\/div>\n        <\/div>\n        <\/div>\n<!--\/themify_builder_content-->","protected":false},"excerpt":{"rendered":"<p>Kontakt<\/p>","protected":false},"author":1,"featured_media":0,"parent":0,"menu_order":3,"comment_status":"closed","ping_status":"closed","template":"","meta":{"footnotes":""},"class_list":["post-838","page","type-page","status-publish","hentry","has-post-title","has-post-date","has-post-category","has-post-tag","has-post-comment","has-post-author",""],"yoast_head":"<!-- This site is optimized with the Yoast SEO plugin v27.5 - https:\/\/yoast.com\/product\/yoast-seo-wordpress\/ -->\n<title>Kontakt - Cryometal<\/title>\n<meta name=\"robots\" content=\"index, follow, max-snippet:-1, max-image-preview:large, max-video-preview:-1\" \/>\n<link rel=\"canonical\" href=\"https:\/\/www.cryometal.cz\/en\/contact\/\" \/>\n<meta name=\"twitter:card\" content=\"summary_large_image\" \/>\n<meta name=\"twitter:title\" content=\"Kontakt - Cryometal\" \/>\n<meta name=\"twitter:description\" content=\"Kontakt\" \/>\n<meta name=\"twitter:image\" content=\"http:\/\/www.cryometal.cz\/wp-content\/uploads\/2022\/09\/Screenshot_152.png\" \/>\n<meta name=\"twitter:label1\" content=\"Estimated reading time\" \/>\n\t<meta name=\"twitter:data1\" content=\"1 minute\" \/>\n<script type=\"application\/ld+json\" class=\"yoast-schema-graph\">{\"@context\":\"https:\\\/\\\/schema.org\",\"@graph\":[{\"@type\":\"WebPage\",\"@id\":\"https:\\\/\\\/www.cryometal.cz\\\/contact\\\/\",\"url\":\"https:\\\/\\\/www.cryometal.cz\\\/contact\\\/\",\"name\":\"Kontakt - Cryometal\",\"isPartOf\":{\"@id\":\"https:\\\/\\\/www.cryometal.cz\\\/#website\"},\"primaryImageOfPage\":{\"@id\":\"https:\\\/\\\/www.cryometal.cz\\\/contact\\\/#primaryimage\"},\"image\":{\"@id\":\"https:\\\/\\\/www.cryometal.cz\\\/contact\\\/#primaryimage\"},\"thumbnailUrl\":\"http:\\\/\\\/www.cryometal.cz\\\/wp-content\\\/uploads\\\/2022\\\/09\\\/Screenshot_152.png\",\"datePublished\":\"2018-04-27T21:39:38+00:00\",\"dateModified\":\"2026-04-30T07:19:58+00:00\",\"breadcrumb\":{\"@id\":\"https:\\\/\\\/www.cryometal.cz\\\/contact\\\/#breadcrumb\"},\"inLanguage\":\"en-GB\",\"potentialAction\":[{\"@type\":\"ReadAction\",\"target\":[\"https:\\\/\\\/www.cryometal.cz\\\/contact\\\/\"]}]},{\"@type\":\"ImageObject\",\"inLanguage\":\"en-GB\",\"@id\":\"https:\\\/\\\/www.cryometal.cz\\\/contact\\\/#primaryimage\",\"url\":\"http:\\\/\\\/www.cryometal.cz\\\/wp-content\\\/uploads\\\/2022\\\/09\\\/Screenshot_152.png\",\"contentUrl\":\"http:\\\/\\\/www.cryometal.cz\\\/wp-content\\\/uploads\\\/2022\\\/09\\\/Screenshot_152.png\"},{\"@type\":\"BreadcrumbList\",\"@id\":\"https:\\\/\\\/www.cryometal.cz\\\/contact\\\/#breadcrumb\",\"itemListElement\":[{\"@type\":\"ListItem\",\"position\":1,\"name\":\"Dom\u016f\",\"item\":\"https:\\\/\\\/www.cryometal.cz\\\/\"},{\"@type\":\"ListItem\",\"position\":2,\"name\":\"Kontakt\"}]},{\"@type\":\"WebSite\",\"@id\":\"https:\\\/\\\/www.cryometal.cz\\\/#website\",\"url\":\"https:\\\/\\\/www.cryometal.cz\\\/\",\"name\":\"Cryometal\",\"description\":\"\",\"publisher\":{\"@id\":\"https:\\\/\\\/www.cryometal.cz\\\/#organization\"},\"potentialAction\":[{\"@type\":\"SearchAction\",\"target\":{\"@type\":\"EntryPoint\",\"urlTemplate\":\"https:\\\/\\\/www.cryometal.cz\\\/?s={search_term_string}\"},\"query-input\":{\"@type\":\"PropertyValueSpecification\",\"valueRequired\":true,\"valueName\":\"search_term_string\"}}],\"inLanguage\":\"en-GB\"},{\"@type\":\"Organization\",\"@id\":\"https:\\\/\\\/www.cryometal.cz\\\/#organization\",\"name\":\"Cryometal s.r.o.\",\"url\":\"https:\\\/\\\/www.cryometal.cz\\\/\",\"logo\":{\"@type\":\"ImageObject\",\"inLanguage\":\"en-GB\",\"@id\":\"https:\\\/\\\/www.cryometal.cz\\\/#\\\/schema\\\/logo\\\/image\\\/\",\"url\":\"https:\\\/\\\/www.cryometal.cz\\\/wp-content\\\/uploads\\\/2020\\\/04\\\/logo2_transparent-e1588170436895.png\",\"contentUrl\":\"https:\\\/\\\/www.cryometal.cz\\\/wp-content\\\/uploads\\\/2020\\\/04\\\/logo2_transparent-e1588170436895.png\",\"width\":210,\"height\":57,\"caption\":\"Cryometal s.r.o.\"},\"image\":{\"@id\":\"https:\\\/\\\/www.cryometal.cz\\\/#\\\/schema\\\/logo\\\/image\\\/\"},\"sameAs\":[\"https:\\\/\\\/www.facebook.com\\\/people\\\/Cryometal\\\/100085547590674\\\/\"]}]}<\/script>\n<!-- \/ Yoast SEO plugin. -->","yoast_head_json":{"title":"Kontakt - Cryometal","robots":{"index":"index","follow":"follow","max-snippet":"max-snippet:-1","max-image-preview":"max-image-preview:large","max-video-preview":"max-video-preview:-1"},"canonical":"https:\/\/www.cryometal.cz\/en\/contact\/","twitter_card":"summary_large_image","twitter_title":"Kontakt - Cryometal","twitter_description":"Kontakt","twitter_image":"http:\/\/www.cryometal.cz\/wp-content\/uploads\/2022\/09\/Screenshot_152.png","twitter_misc":{"Estimated reading time":"1 minute"},"schema":{"@context":"https:\/\/schema.org","@graph":[{"@type":"WebPage","@id":"https:\/\/www.cryometal.cz\/contact\/","url":"https:\/\/www.cryometal.cz\/contact\/","name":"Kontakt - Cryometal","isPartOf":{"@id":"https:\/\/www.cryometal.cz\/#website"},"primaryImageOfPage":{"@id":"https:\/\/www.cryometal.cz\/contact\/#primaryimage"},"image":{"@id":"https:\/\/www.cryometal.cz\/contact\/#primaryimage"},"thumbnailUrl":"http:\/\/www.cryometal.cz\/wp-content\/uploads\/2022\/09\/Screenshot_152.png","datePublished":"2018-04-27T21:39:38+00:00","dateModified":"2026-04-30T07:19:58+00:00","breadcrumb":{"@id":"https:\/\/www.cryometal.cz\/contact\/#breadcrumb"},"inLanguage":"en-GB","potentialAction":[{"@type":"ReadAction","target":["https:\/\/www.cryometal.cz\/contact\/"]}]},{"@type":"ImageObject","inLanguage":"en-GB","@id":"https:\/\/www.cryometal.cz\/contact\/#primaryimage","url":"http:\/\/www.cryometal.cz\/wp-content\/uploads\/2022\/09\/Screenshot_152.png","contentUrl":"http:\/\/www.cryometal.cz\/wp-content\/uploads\/2022\/09\/Screenshot_152.png"},{"@type":"BreadcrumbList","@id":"https:\/\/www.cryometal.cz\/contact\/#breadcrumb","itemListElement":[{"@type":"ListItem","position":1,"name":"Dom\u016f","item":"https:\/\/www.cryometal.cz\/"},{"@type":"ListItem","position":2,"name":"Kontakt"}]},{"@type":"WebSite","@id":"https:\/\/www.cryometal.cz\/#website","url":"https:\/\/www.cryometal.cz\/","name":"Cryometal","description":"","publisher":{"@id":"https:\/\/www.cryometal.cz\/#organization"},"potentialAction":[{"@type":"SearchAction","target":{"@type":"EntryPoint","urlTemplate":"https:\/\/www.cryometal.cz\/?s={search_term_string}"},"query-input":{"@type":"PropertyValueSpecification","valueRequired":true,"valueName":"search_term_string"}}],"inLanguage":"en-GB"},{"@type":"Organization","@id":"https:\/\/www.cryometal.cz\/#organization","name":"Cryometal s.r.o.","url":"https:\/\/www.cryometal.cz\/","logo":{"@type":"ImageObject","inLanguage":"en-GB","@id":"https:\/\/www.cryometal.cz\/#\/schema\/logo\/image\/","url":"https:\/\/www.cryometal.cz\/wp-content\/uploads\/2020\/04\/logo2_transparent-e1588170436895.png","contentUrl":"https:\/\/www.cryometal.cz\/wp-content\/uploads\/2020\/04\/logo2_transparent-e1588170436895.png","width":210,"height":57,"caption":"Cryometal s.r.o."},"image":{"@id":"https:\/\/www.cryometal.cz\/#\/schema\/logo\/image\/"},"sameAs":["https:\/\/www.facebook.com\/people\/Cryometal\/100085547590674\/"]}]}},"builder_content":"<h1>Kontakt<\/h1>\n\n<p><strong>CRYOMETAL s.r.o.<\/strong><br \/>Kolovratsk\u00e1 1445\/17<br \/>251 01 \u0158\u00ed\u010dany u Prahy<br \/>\u010cesk\u00e1 Republika<br \/>I\u010cO: 47544805<br \/>DI\u010c: CZ47544805<\/p>\n<p><strong>Obchodn\u00ed odd\u011blen\u00ed<\/strong><\/p> <p><strong>Telefon: +420 323 603 141<\/strong><br \/><strong>Fax:\u00a0 \u00a0 \u00a0 \u00a0 \u00a0+420 323 603 145<\/strong><br \/><strong>E-mail: <a href=\"mailto:obchod@cryometal.cz\">obchod_cryo@cryometal.cz<\/a><\/strong><\/p>\n<a href=\"https:\/\/www.google.com\/maps\/embed?pb=!1m18!1m12!1m3!1d2564.6937708544333!2d14.647034000000001!3d49.99835050000001!2m3!1f0!2f0!3f0!3m2!1i1024!2i768!4f13.1!3m3!1m2!1s0x470b8eaac82af7ab%3A0xa88d2c26447ad66b!2zS29sb3ZyYXRza8OhIDE0NDUvMTcsIDI1MSAwMSDFmMOtxI1hbnk!5e0!3m2!1scs!2scz!4v1662641408416!5m2!1scs!2scz\"> <svg aria-label=\"Open\" xmlns:xlink=\"http:\/\/www.w3.org\/1999\/xlink\" role=\"img\"><use href=\"#tf-ti-search\" xlink:href=\"#tf-ti-search\"><\/use><\/svg> <img src=\"https:\/\/www.cryometal.cz\/wp-content\/uploads\/2022\/09\/Screenshot_152.png\" title=\"Screenshot_152\" alt=\"Screenshot_152\" srcset=\"https:\/\/www.cryometal.cz\/wp-content\/uploads\/2022\/09\/Screenshot_152.png 1852w, https:\/\/www.cryometal.cz\/wp-content\/uploads\/2022\/09\/Screenshot_152-300x103.png 300w, https:\/\/www.cryometal.cz\/wp-content\/uploads\/2022\/09\/Screenshot_152-1024x351.png 1024w, https:\/\/www.cryometal.cz\/wp-content\/uploads\/2022\/09\/Screenshot_152-768x263.png 768w, https:\/\/www.cryometal.cz\/wp-content\/uploads\/2022\/09\/Screenshot_152-1536x526.png 1536w, https:\/\/www.cryometal.cz\/wp-content\/uploads\/2022\/09\/Screenshot_152-600x205.png 600w\" sizes=\"(max-width: 1852px) 100vw, 1852px\" \/> <\/a>","_links":{"self":[{"href":"https:\/\/www.cryometal.cz\/en\/wp-json\/wp\/v2\/pages\/838","targetHints":{"allow":["GET"]}}],"collection":[{"href":"https:\/\/www.cryometal.cz\/en\/wp-json\/wp\/v2\/pages"}],"about":[{"href":"https:\/\/www.cryometal.cz\/en\/wp-json\/wp\/v2\/types\/page"}],"author":[{"embeddable":true,"href":"https:\/\/www.cryometal.cz\/en\/wp-json\/wp\/v2\/users\/1"}],"replies":[{"embeddable":true,"href":"https:\/\/www.cryometal.cz\/en\/wp-json\/wp\/v2\/comments?post=838"}],"version-history":[{"count":32,"href":"https:\/\/www.cryometal.cz\/en\/wp-json\/wp\/v2\/pages\/838\/revisions"}],"predecessor-version":[{"id":1492,"href":"https:\/\/www.cryometal.cz\/en\/wp-json\/wp\/v2\/pages\/838\/revisions\/1492"}],"wp:attachment":[{"href":"https:\/\/www.cryometal.cz\/en\/wp-json\/wp\/v2\/media?parent=838"}],"curies":[{"name":"wp","href":"https:\/\/api.w.org\/{rel}","templated":true}]}}