{"id":64,"date":"2019-12-11T11:09:10","date_gmt":"2019-12-11T10:09:10","guid":{"rendered":"https:\/\/cryometal.wpcomstaging.com\/?page_id=64"},"modified":"2026-04-30T09:18:15","modified_gmt":"2026-04-30T07:18:15","slug":"objednavky","status":"publish","type":"page","link":"https:\/\/www.cryometal.cz\/en\/objednavky\/","title":{"rendered":"Objedn\u00e1vky"},"content":{"rendered":"<!--themify_builder_content-->\n<div id=\"themify_builder_content-64\" data-postid=\"64\" class=\"themify_builder_content themify_builder_content-64 themify_builder tf_clear\">\n                    <div  data-lazy=\"1\" class=\"module_row themify_builder_row tb_d27o97 tb_first tf_w\">\n                        <div class=\"row_inner col_align_top tb_col_count_1 tf_box tf_rel\">\n                        <div  data-lazy=\"1\" class=\"module_column tb-column col-full tb_o1ei97 first\">\n                    <!-- module text -->\n<div  class=\"module module-text tb_wqww97    tb_gs1080631\" data-lazy=\"1\">\n        <div  class=\"tb_text_wrap\">\n        <h1 class=\"page-title\">Objedn\u00e1vky<\/h1>    <\/div>\n<\/div>\n<!-- \/module text --><!-- module divider -->\n<div  class=\"module tf_mw module-divider tb_l5lh98 solid  divider-custom divider-left\" style=\"border-width: 3px;border-color: #60ccf7;margin-bottom: 17px;max-width: 188px;\" data-lazy=\"1\">\n    <\/div>\n<!-- \/module divider -->\n<!-- module text -->\n<div  class=\"module module-text tb_ct6p372\" data-lazy=\"1\">\n        <div  class=\"tb_text_wrap\">\n        <p>Va\u0161e objedn\u00e1vky a dotazy r\u00e1di zodpov\u00edme na emailov\u00e9 adrese <a href=\"mailto:obchod@cryometal.cz\">obchod_cryo@cryometal.cz<\/a>\u00a0<\/p>\n<p>Telefon: +420 323 603 141<\/p>\n<p>Fax:\u00a0 \u00a0 \u00a0 \u00a0 \u00a0+420 323 603 142<\/p>\n<p>\u00a0<\/p>\n<p><strong>Nebo vyu\u017eijte n\u00e1\u0161 formul\u00e1\u0159 n\u00ed\u017ee<\/strong><\/p>    <\/div>\n<\/div>\n<!-- \/module text -->        <\/div>\n                        <\/div>\n        <\/div>\n        <\/div>\n<!--\/themify_builder_content-->","protected":false},"excerpt":{"rendered":"<p>Objedn\u00e1vky<\/p>","protected":false},"author":1,"featured_media":0,"parent":0,"menu_order":6,"comment_status":"closed","ping_status":"closed","template":"","meta":{"footnotes":""},"class_list":["post-64","page","type-page","status-publish","hentry","has-post-title","has-post-date","has-post-category","has-post-tag","has-post-comment","has-post-author",""],"yoast_head":"<!-- This site is optimized with the Yoast SEO plugin v27.5 - https:\/\/yoast.com\/product\/yoast-seo-wordpress\/ -->\n<title>Objedn\u00e1vky - Cryometal<\/title>\n<meta name=\"robots\" content=\"index, follow, max-snippet:-1, max-image-preview:large, max-video-preview:-1\" \/>\n<link rel=\"canonical\" href=\"https:\/\/www.cryometal.cz\/en\/objednavky\/\" \/>\n<meta name=\"twitter:card\" content=\"summary_large_image\" \/>\n<meta name=\"twitter:title\" content=\"Objedn\u00e1vky - Cryometal\" \/>\n<meta name=\"twitter:description\" content=\"Objedn\u00e1vky\" \/>\n<meta name=\"twitter:label1\" content=\"Estimated reading time\" \/>\n\t<meta name=\"twitter:data1\" content=\"1 minute\" \/>\n<script type=\"application\/ld+json\" class=\"yoast-schema-graph\">{\"@context\":\"https:\\\/\\\/schema.org\",\"@graph\":[{\"@type\":\"WebPage\",\"@id\":\"https:\\\/\\\/www.cryometal.cz\\\/objednavky\\\/\",\"url\":\"https:\\\/\\\/www.cryometal.cz\\\/objednavky\\\/\",\"name\":\"Objedn\u00e1vky - Cryometal\",\"isPartOf\":{\"@id\":\"https:\\\/\\\/www.cryometal.cz\\\/#website\"},\"datePublished\":\"2019-12-11T10:09:10+00:00\",\"dateModified\":\"2026-04-30T07:18:15+00:00\",\"breadcrumb\":{\"@id\":\"https:\\\/\\\/www.cryometal.cz\\\/objednavky\\\/#breadcrumb\"},\"inLanguage\":\"en-GB\",\"potentialAction\":[{\"@type\":\"ReadAction\",\"target\":[\"https:\\\/\\\/www.cryometal.cz\\\/objednavky\\\/\"]}]},{\"@type\":\"BreadcrumbList\",\"@id\":\"https:\\\/\\\/www.cryometal.cz\\\/objednavky\\\/#breadcrumb\",\"itemListElement\":[{\"@type\":\"ListItem\",\"position\":1,\"name\":\"Dom\u016f\",\"item\":\"https:\\\/\\\/www.cryometal.cz\\\/\"},{\"@type\":\"ListItem\",\"position\":2,\"name\":\"Objedn\u00e1vky\"}]},{\"@type\":\"WebSite\",\"@id\":\"https:\\\/\\\/www.cryometal.cz\\\/#website\",\"url\":\"https:\\\/\\\/www.cryometal.cz\\\/\",\"name\":\"Cryometal\",\"description\":\"\",\"publisher\":{\"@id\":\"https:\\\/\\\/www.cryometal.cz\\\/#organization\"},\"potentialAction\":[{\"@type\":\"SearchAction\",\"target\":{\"@type\":\"EntryPoint\",\"urlTemplate\":\"https:\\\/\\\/www.cryometal.cz\\\/?s={search_term_string}\"},\"query-input\":{\"@type\":\"PropertyValueSpecification\",\"valueRequired\":true,\"valueName\":\"search_term_string\"}}],\"inLanguage\":\"en-GB\"},{\"@type\":\"Organization\",\"@id\":\"https:\\\/\\\/www.cryometal.cz\\\/#organization\",\"name\":\"Cryometal s.r.o.\",\"url\":\"https:\\\/\\\/www.cryometal.cz\\\/\",\"logo\":{\"@type\":\"ImageObject\",\"inLanguage\":\"en-GB\",\"@id\":\"https:\\\/\\\/www.cryometal.cz\\\/#\\\/schema\\\/logo\\\/image\\\/\",\"url\":\"https:\\\/\\\/www.cryometal.cz\\\/wp-content\\\/uploads\\\/2020\\\/04\\\/logo2_transparent-e1588170436895.png\",\"contentUrl\":\"https:\\\/\\\/www.cryometal.cz\\\/wp-content\\\/uploads\\\/2020\\\/04\\\/logo2_transparent-e1588170436895.png\",\"width\":210,\"height\":57,\"caption\":\"Cryometal s.r.o.\"},\"image\":{\"@id\":\"https:\\\/\\\/www.cryometal.cz\\\/#\\\/schema\\\/logo\\\/image\\\/\"},\"sameAs\":[\"https:\\\/\\\/www.facebook.com\\\/people\\\/Cryometal\\\/100085547590674\\\/\"]}]}<\/script>\n<!-- \/ Yoast SEO plugin. -->","yoast_head_json":{"title":"Objedn\u00e1vky - Cryometal","robots":{"index":"index","follow":"follow","max-snippet":"max-snippet:-1","max-image-preview":"max-image-preview:large","max-video-preview":"max-video-preview:-1"},"canonical":"https:\/\/www.cryometal.cz\/en\/objednavky\/","twitter_card":"summary_large_image","twitter_title":"Objedn\u00e1vky - Cryometal","twitter_description":"Objedn\u00e1vky","twitter_misc":{"Estimated reading time":"1 minute"},"schema":{"@context":"https:\/\/schema.org","@graph":[{"@type":"WebPage","@id":"https:\/\/www.cryometal.cz\/objednavky\/","url":"https:\/\/www.cryometal.cz\/objednavky\/","name":"Objedn\u00e1vky - Cryometal","isPartOf":{"@id":"https:\/\/www.cryometal.cz\/#website"},"datePublished":"2019-12-11T10:09:10+00:00","dateModified":"2026-04-30T07:18:15+00:00","breadcrumb":{"@id":"https:\/\/www.cryometal.cz\/objednavky\/#breadcrumb"},"inLanguage":"en-GB","potentialAction":[{"@type":"ReadAction","target":["https:\/\/www.cryometal.cz\/objednavky\/"]}]},{"@type":"BreadcrumbList","@id":"https:\/\/www.cryometal.cz\/objednavky\/#breadcrumb","itemListElement":[{"@type":"ListItem","position":1,"name":"Dom\u016f","item":"https:\/\/www.cryometal.cz\/"},{"@type":"ListItem","position":2,"name":"Objedn\u00e1vky"}]},{"@type":"WebSite","@id":"https:\/\/www.cryometal.cz\/#website","url":"https:\/\/www.cryometal.cz\/","name":"Cryometal","description":"","publisher":{"@id":"https:\/\/www.cryometal.cz\/#organization"},"potentialAction":[{"@type":"SearchAction","target":{"@type":"EntryPoint","urlTemplate":"https:\/\/www.cryometal.cz\/?s={search_term_string}"},"query-input":{"@type":"PropertyValueSpecification","valueRequired":true,"valueName":"search_term_string"}}],"inLanguage":"en-GB"},{"@type":"Organization","@id":"https:\/\/www.cryometal.cz\/#organization","name":"Cryometal s.r.o.","url":"https:\/\/www.cryometal.cz\/","logo":{"@type":"ImageObject","inLanguage":"en-GB","@id":"https:\/\/www.cryometal.cz\/#\/schema\/logo\/image\/","url":"https:\/\/www.cryometal.cz\/wp-content\/uploads\/2020\/04\/logo2_transparent-e1588170436895.png","contentUrl":"https:\/\/www.cryometal.cz\/wp-content\/uploads\/2020\/04\/logo2_transparent-e1588170436895.png","width":210,"height":57,"caption":"Cryometal s.r.o."},"image":{"@id":"https:\/\/www.cryometal.cz\/#\/schema\/logo\/image\/"},"sameAs":["https:\/\/www.facebook.com\/people\/Cryometal\/100085547590674\/"]}]}},"builder_content":"<h1>Objedn\u00e1vky<\/h1>\n\n<p>Va\u0161e objedn\u00e1vky a dotazy r\u00e1di zodpov\u00edme na emailov\u00e9 adrese <a href=\"mailto:obchod@cryometal.cz\">obchod_cryo@cryometal.cz<\/a>\u00a0<\/p> <p>Telefon: +420 323 603 141<\/p> <p>Fax:\u00a0 \u00a0 \u00a0 \u00a0 \u00a0+420 323 603 142<\/p> <p>\u00a0<\/p> <p><strong>Nebo vyu\u017eijte n\u00e1\u0161 formul\u00e1\u0159 n\u00ed\u017ee<\/strong><\/p>","_links":{"self":[{"href":"https:\/\/www.cryometal.cz\/en\/wp-json\/wp\/v2\/pages\/64","targetHints":{"allow":["GET"]}}],"collection":[{"href":"https:\/\/www.cryometal.cz\/en\/wp-json\/wp\/v2\/pages"}],"about":[{"href":"https:\/\/www.cryometal.cz\/en\/wp-json\/wp\/v2\/types\/page"}],"author":[{"embeddable":true,"href":"https:\/\/www.cryometal.cz\/en\/wp-json\/wp\/v2\/users\/1"}],"replies":[{"embeddable":true,"href":"https:\/\/www.cryometal.cz\/en\/wp-json\/wp\/v2\/comments?post=64"}],"version-history":[{"count":18,"href":"https:\/\/www.cryometal.cz\/en\/wp-json\/wp\/v2\/pages\/64\/revisions"}],"predecessor-version":[{"id":1491,"href":"https:\/\/www.cryometal.cz\/en\/wp-json\/wp\/v2\/pages\/64\/revisions\/1491"}],"wp:attachment":[{"href":"https:\/\/www.cryometal.cz\/en\/wp-json\/wp\/v2\/media?parent=64"}],"curies":[{"name":"wp","href":"https:\/\/api.w.org\/{rel}","templated":true}]}}