{"id":434,"date":"2020-05-31T16:15:39","date_gmt":"2020-05-31T15:15:39","guid":{"rendered":"https:\/\/cryometal.wpcomstaging.com\/?page_id=434"},"modified":"2026-04-30T09:17:48","modified_gmt":"2026-04-30T07:17:48","slug":"zdravotnicke-potreby","status":"publish","type":"page","link":"https:\/\/www.cryometal.cz\/en\/zdravotnicke-potreby\/","title":{"rendered":"Zdravotnick\u00e9 pot\u0159eby a p\u0159\u00edstroje"},"content":{"rendered":"<!--themify_builder_content-->\n<div id=\"themify_builder_content-434\" data-postid=\"434\" class=\"themify_builder_content themify_builder_content-434 themify_builder tf_clear\">\n                    <div  data-lazy=\"1\" class=\"module_row themify_builder_row tb_etng909 tb_first tf_w\">\n                        <div class=\"row_inner col_align_top tb_col_count_1 tf_box tf_rel\">\n                        <div  data-lazy=\"1\" class=\"module_column tb-column col-full tb_cldp909 first\">\n                    <!-- module text -->\n<div  class=\"module module-text tb_z6s7909    tb_gs1080631\" data-lazy=\"1\">\n        <div  class=\"tb_text_wrap\">\n        <h1 class=\"page-title\">Zdravotnick\u00e9 pot\u0159eby<\/h1>    <\/div>\n<\/div>\n<!-- \/module text --><!-- module divider -->\n<div  class=\"module tf_mw module-divider tb_pf3k909 solid  divider-custom divider-left\" style=\"border-width: 3px;border-color: #60ccf7;margin-bottom: 17px;max-width: 188px;\" data-lazy=\"1\">\n    <\/div>\n<!-- \/module divider -->\n<!-- module text -->\n<div  class=\"module module-text tb_lm64960\" data-lazy=\"1\">\n        <div  class=\"tb_text_wrap\">\n        <p>\u00a0<\/p>\n<div class=\"wp-block-media-text alignwide is-stacked-on-mobile\">\u00a0<\/div>    <\/div>\n<\/div>\n<!-- \/module text -->        <div  data-lazy=\"1\" class=\"module_subrow themify_builder_sub_row tf_w col_align_top tb_col_count_2 tb_7qrh35\">\n                <div  data-lazy=\"1\" class=\"module_column sub_column tb_yyq235 first\">\n                    <!-- module image -->\n<div  class=\"module module-image tb_hhul38 image-center   tf_mw\" data-lazy=\"1\">\n        <div class=\"image-wrap tf_rel tf_mw\">\n            <img loading=\"lazy\" decoding=\"async\" width=\"286\" height=\"471\" src=\"https:\/\/www.cryometal.cz\/wp-content\/uploads\/2021\/01\/cryogen.png\" class=\"wp-post-image wp-image-709\" title=\"cryogen\" alt=\"cryogen\" srcset=\"https:\/\/www.cryometal.cz\/wp-content\/uploads\/2021\/01\/cryogen.png 286w, https:\/\/www.cryometal.cz\/wp-content\/uploads\/2021\/01\/cryogen-182x300.png 182w\" sizes=\"auto, (max-width: 286px) 100vw, 286px\" \/>    \n        <\/div>\n    <!-- \/image-wrap -->\n    \n        <\/div>\n<!-- \/module image -->        <\/div>\n                    <div  data-lazy=\"1\" class=\"module_column sub_column tb_n4k635 last\">\n                    <!-- module text -->\n<div  class=\"module module-text tb_6x4w481\" data-lazy=\"1\">\n        <div  class=\"tb_text_wrap\">\n        <h5 class=\"margin-bottom-half\">Cryogen \u2013 3<\/h5>\n<p>P\u0159\u00edstroj pro lok\u00e1ln\u00ed kryoterapii. Vyu\u017e\u00edv\u00e1 \u0159\u00edzen\u00fd proud kryogenn\u00ed p\u00e1ry o teplot\u011b -146\u00a0<sup>o<\/sup>C p\u0159i kr\u00e1tk\u00e9 aplikaci maxim\u00e1ln\u011b 3 minut.<\/p>    <\/div>\n<\/div>\n<!-- \/module text -->        <\/div>\n                    <\/div>\n                <div  data-lazy=\"1\" class=\"module_subrow themify_builder_sub_row tf_w col_align_top tb_col_count_2 tb_1qt4317\">\n                <div  data-lazy=\"1\" class=\"module_column sub_column tb_lspn317 first\">\n                    <!-- module text -->\n<div  class=\"module module-text tb_qlsp318\" data-lazy=\"1\">\n        <div  class=\"tb_text_wrap\">\n        <h5 id=\"block-8ad4414e-fce5-4d0a-b755-4978db4dde44\">Kryosprej CS-1<\/h5>\n<p id=\"block-a76d00a7-3992-4c05-a7e8-f73e3c4ae60b\" style=\"color: #141414; font-size: 17.6px; font-weight: 400;\">Kryosprej pro LN2 (0,5l) s mo\u017enost\u00ed r\u016fzn\u00fdch koncovek podle u\u017eit\u00ed v terapii a dermatologi\u00ed<\/p>    <\/div>\n<\/div>\n<!-- \/module text -->        <\/div>\n                    <div  data-lazy=\"1\" class=\"module_column sub_column tb_rtg1318 last\">\n                    <!-- module image -->\n<div  class=\"module module-image tb_ribm318 image-center   tf_mw\" data-lazy=\"1\">\n        <div class=\"image-wrap tf_rel tf_mw\">\n            <img loading=\"lazy\" decoding=\"async\" src=\"https:\/\/www.cryometal.cz\/wp-content\/uploads\/2021\/01\/sprej.jpg\" width=\"177\" height=\"407\" class=\"wp-post-image wp-image-705\" title=\"Sprej\" alt=\"Sprej\">    \n        <\/div>\n    <!-- \/image-wrap -->\n    \n        <\/div>\n<!-- \/module image -->        <\/div>\n                    <\/div>\n                <\/div>\n                        <\/div>\n        <\/div>\n        <\/div>\n<!--\/themify_builder_content-->","protected":false},"excerpt":{"rendered":"<p>Zdravotnick\u00e9 pot\u0159eby<\/p>","protected":false},"author":1,"featured_media":0,"parent":0,"menu_order":5,"comment_status":"closed","ping_status":"closed","template":"","meta":{"footnotes":""},"class_list":["post-434","page","type-page","status-publish","hentry","has-post-title","has-post-date","has-post-category","has-post-tag","has-post-comment","has-post-author",""],"yoast_head":"<!-- This site is optimized with the Yoast SEO plugin v27.5 - https:\/\/yoast.com\/product\/yoast-seo-wordpress\/ -->\n<title>Zdravotnick\u00e9 pot\u0159eby a p\u0159\u00edstroje - Cryometal<\/title>\n<meta name=\"robots\" content=\"index, follow, max-snippet:-1, max-image-preview:large, max-video-preview:-1\" \/>\n<link rel=\"canonical\" href=\"https:\/\/www.cryometal.cz\/en\/zdravotnicke-potreby\/\" \/>\n<meta name=\"twitter:card\" content=\"summary_large_image\" \/>\n<meta name=\"twitter:title\" content=\"Zdravotnick\u00e9 pot\u0159eby a p\u0159\u00edstroje - Cryometal\" \/>\n<meta name=\"twitter:description\" content=\"Zdravotnick\u00e9 pot\u0159eby\" \/>\n<meta name=\"twitter:image\" content=\"https:\/\/www.cryometal.cz\/wp-content\/uploads\/2021\/01\/cryogen.png\" \/>\n<meta name=\"twitter:label1\" content=\"Estimated reading time\" \/>\n\t<meta name=\"twitter:data1\" content=\"1 minute\" \/>\n<script type=\"application\/ld+json\" class=\"yoast-schema-graph\">{\"@context\":\"https:\\\/\\\/schema.org\",\"@graph\":[{\"@type\":\"WebPage\",\"@id\":\"https:\\\/\\\/www.cryometal.cz\\\/zdravotnicke-potreby\\\/\",\"url\":\"https:\\\/\\\/www.cryometal.cz\\\/zdravotnicke-potreby\\\/\",\"name\":\"Zdravotnick\u00e9 pot\u0159eby a p\u0159\u00edstroje - Cryometal\",\"isPartOf\":{\"@id\":\"https:\\\/\\\/www.cryometal.cz\\\/#website\"},\"primaryImageOfPage\":{\"@id\":\"https:\\\/\\\/www.cryometal.cz\\\/zdravotnicke-potreby\\\/#primaryimage\"},\"image\":{\"@id\":\"https:\\\/\\\/www.cryometal.cz\\\/zdravotnicke-potreby\\\/#primaryimage\"},\"thumbnailUrl\":\"https:\\\/\\\/www.cryometal.cz\\\/wp-content\\\/uploads\\\/2021\\\/01\\\/cryogen.png\",\"datePublished\":\"2020-05-31T15:15:39+00:00\",\"dateModified\":\"2026-04-30T07:17:48+00:00\",\"breadcrumb\":{\"@id\":\"https:\\\/\\\/www.cryometal.cz\\\/zdravotnicke-potreby\\\/#breadcrumb\"},\"inLanguage\":\"en-GB\",\"potentialAction\":[{\"@type\":\"ReadAction\",\"target\":[\"https:\\\/\\\/www.cryometal.cz\\\/zdravotnicke-potreby\\\/\"]}]},{\"@type\":\"ImageObject\",\"inLanguage\":\"en-GB\",\"@id\":\"https:\\\/\\\/www.cryometal.cz\\\/zdravotnicke-potreby\\\/#primaryimage\",\"url\":\"https:\\\/\\\/www.cryometal.cz\\\/wp-content\\\/uploads\\\/2021\\\/01\\\/cryogen.png\",\"contentUrl\":\"https:\\\/\\\/www.cryometal.cz\\\/wp-content\\\/uploads\\\/2021\\\/01\\\/cryogen.png\"},{\"@type\":\"BreadcrumbList\",\"@id\":\"https:\\\/\\\/www.cryometal.cz\\\/zdravotnicke-potreby\\\/#breadcrumb\",\"itemListElement\":[{\"@type\":\"ListItem\",\"position\":1,\"name\":\"Dom\u016f\",\"item\":\"https:\\\/\\\/www.cryometal.cz\\\/\"},{\"@type\":\"ListItem\",\"position\":2,\"name\":\"Zdravotnick\u00e9 pot\u0159eby a p\u0159\u00edstroje\"}]},{\"@type\":\"WebSite\",\"@id\":\"https:\\\/\\\/www.cryometal.cz\\\/#website\",\"url\":\"https:\\\/\\\/www.cryometal.cz\\\/\",\"name\":\"Cryometal\",\"description\":\"\",\"publisher\":{\"@id\":\"https:\\\/\\\/www.cryometal.cz\\\/#organization\"},\"potentialAction\":[{\"@type\":\"SearchAction\",\"target\":{\"@type\":\"EntryPoint\",\"urlTemplate\":\"https:\\\/\\\/www.cryometal.cz\\\/?s={search_term_string}\"},\"query-input\":{\"@type\":\"PropertyValueSpecification\",\"valueRequired\":true,\"valueName\":\"search_term_string\"}}],\"inLanguage\":\"en-GB\"},{\"@type\":\"Organization\",\"@id\":\"https:\\\/\\\/www.cryometal.cz\\\/#organization\",\"name\":\"Cryometal s.r.o.\",\"url\":\"https:\\\/\\\/www.cryometal.cz\\\/\",\"logo\":{\"@type\":\"ImageObject\",\"inLanguage\":\"en-GB\",\"@id\":\"https:\\\/\\\/www.cryometal.cz\\\/#\\\/schema\\\/logo\\\/image\\\/\",\"url\":\"https:\\\/\\\/www.cryometal.cz\\\/wp-content\\\/uploads\\\/2020\\\/04\\\/logo2_transparent-e1588170436895.png\",\"contentUrl\":\"https:\\\/\\\/www.cryometal.cz\\\/wp-content\\\/uploads\\\/2020\\\/04\\\/logo2_transparent-e1588170436895.png\",\"width\":210,\"height\":57,\"caption\":\"Cryometal s.r.o.\"},\"image\":{\"@id\":\"https:\\\/\\\/www.cryometal.cz\\\/#\\\/schema\\\/logo\\\/image\\\/\"},\"sameAs\":[\"https:\\\/\\\/www.facebook.com\\\/people\\\/Cryometal\\\/100085547590674\\\/\"]}]}<\/script>\n<!-- \/ Yoast SEO plugin. -->","yoast_head_json":{"title":"Zdravotnick\u00e9 pot\u0159eby a p\u0159\u00edstroje - Cryometal","robots":{"index":"index","follow":"follow","max-snippet":"max-snippet:-1","max-image-preview":"max-image-preview:large","max-video-preview":"max-video-preview:-1"},"canonical":"https:\/\/www.cryometal.cz\/en\/zdravotnicke-potreby\/","twitter_card":"summary_large_image","twitter_title":"Zdravotnick\u00e9 pot\u0159eby a p\u0159\u00edstroje - Cryometal","twitter_description":"Zdravotnick\u00e9 pot\u0159eby","twitter_image":"https:\/\/www.cryometal.cz\/wp-content\/uploads\/2021\/01\/cryogen.png","twitter_misc":{"Estimated reading time":"1 minute"},"schema":{"@context":"https:\/\/schema.org","@graph":[{"@type":"WebPage","@id":"https:\/\/www.cryometal.cz\/zdravotnicke-potreby\/","url":"https:\/\/www.cryometal.cz\/zdravotnicke-potreby\/","name":"Zdravotnick\u00e9 pot\u0159eby a p\u0159\u00edstroje - Cryometal","isPartOf":{"@id":"https:\/\/www.cryometal.cz\/#website"},"primaryImageOfPage":{"@id":"https:\/\/www.cryometal.cz\/zdravotnicke-potreby\/#primaryimage"},"image":{"@id":"https:\/\/www.cryometal.cz\/zdravotnicke-potreby\/#primaryimage"},"thumbnailUrl":"https:\/\/www.cryometal.cz\/wp-content\/uploads\/2021\/01\/cryogen.png","datePublished":"2020-05-31T15:15:39+00:00","dateModified":"2026-04-30T07:17:48+00:00","breadcrumb":{"@id":"https:\/\/www.cryometal.cz\/zdravotnicke-potreby\/#breadcrumb"},"inLanguage":"en-GB","potentialAction":[{"@type":"ReadAction","target":["https:\/\/www.cryometal.cz\/zdravotnicke-potreby\/"]}]},{"@type":"ImageObject","inLanguage":"en-GB","@id":"https:\/\/www.cryometal.cz\/zdravotnicke-potreby\/#primaryimage","url":"https:\/\/www.cryometal.cz\/wp-content\/uploads\/2021\/01\/cryogen.png","contentUrl":"https:\/\/www.cryometal.cz\/wp-content\/uploads\/2021\/01\/cryogen.png"},{"@type":"BreadcrumbList","@id":"https:\/\/www.cryometal.cz\/zdravotnicke-potreby\/#breadcrumb","itemListElement":[{"@type":"ListItem","position":1,"name":"Dom\u016f","item":"https:\/\/www.cryometal.cz\/"},{"@type":"ListItem","position":2,"name":"Zdravotnick\u00e9 pot\u0159eby a p\u0159\u00edstroje"}]},{"@type":"WebSite","@id":"https:\/\/www.cryometal.cz\/#website","url":"https:\/\/www.cryometal.cz\/","name":"Cryometal","description":"","publisher":{"@id":"https:\/\/www.cryometal.cz\/#organization"},"potentialAction":[{"@type":"SearchAction","target":{"@type":"EntryPoint","urlTemplate":"https:\/\/www.cryometal.cz\/?s={search_term_string}"},"query-input":{"@type":"PropertyValueSpecification","valueRequired":true,"valueName":"search_term_string"}}],"inLanguage":"en-GB"},{"@type":"Organization","@id":"https:\/\/www.cryometal.cz\/#organization","name":"Cryometal s.r.o.","url":"https:\/\/www.cryometal.cz\/","logo":{"@type":"ImageObject","inLanguage":"en-GB","@id":"https:\/\/www.cryometal.cz\/#\/schema\/logo\/image\/","url":"https:\/\/www.cryometal.cz\/wp-content\/uploads\/2020\/04\/logo2_transparent-e1588170436895.png","contentUrl":"https:\/\/www.cryometal.cz\/wp-content\/uploads\/2020\/04\/logo2_transparent-e1588170436895.png","width":210,"height":57,"caption":"Cryometal s.r.o."},"image":{"@id":"https:\/\/www.cryometal.cz\/#\/schema\/logo\/image\/"},"sameAs":["https:\/\/www.facebook.com\/people\/Cryometal\/100085547590674\/"]}]}},"builder_content":"<h1>Zdravotnick\u00e9 pot\u0159eby<\/h1>\n\n<p>\u00a0<\/p> \u00a0\n<img src=\"https:\/\/www.cryometal.cz\/wp-content\/uploads\/2021\/01\/cryogen.png\" title=\"cryogen\" alt=\"cryogen\" srcset=\"https:\/\/www.cryometal.cz\/wp-content\/uploads\/2021\/01\/cryogen.png 286w, https:\/\/www.cryometal.cz\/wp-content\/uploads\/2021\/01\/cryogen-182x300.png 182w\" sizes=\"(max-width: 286px) 100vw, 286px\" \/>\n<h5>Cryogen \u2013 3<\/h5> <p>P\u0159\u00edstroj pro lok\u00e1ln\u00ed kryoterapii. Vyu\u017e\u00edv\u00e1 \u0159\u00edzen\u00fd proud kryogenn\u00ed p\u00e1ry o teplot\u011b -146\u00a0<sup>o<\/sup>C p\u0159i kr\u00e1tk\u00e9 aplikaci maxim\u00e1ln\u011b 3 minut.<\/p>\n<h5 id=\"block-8ad4414e-fce5-4d0a-b755-4978db4dde44\">Kryosprej CS-1<\/h5> <p id=\"block-a76d00a7-3992-4c05-a7e8-f73e3c4ae60b\" style=\"color: #141414; font-size: 17.6px; font-weight: 400;\">Kryosprej pro LN2 (0,5l) s mo\u017enost\u00ed r\u016fzn\u00fdch koncovek podle u\u017eit\u00ed v terapii a dermatologi\u00ed<\/p>\n<img src=\"https:\/\/www.cryometal.cz\/wp-content\/uploads\/2021\/01\/sprej.jpg\" width=\"177\" height=\"407\" title=\"Sprej\" alt=\"Sprej\">","_links":{"self":[{"href":"https:\/\/www.cryometal.cz\/en\/wp-json\/wp\/v2\/pages\/434","targetHints":{"allow":["GET"]}}],"collection":[{"href":"https:\/\/www.cryometal.cz\/en\/wp-json\/wp\/v2\/pages"}],"about":[{"href":"https:\/\/www.cryometal.cz\/en\/wp-json\/wp\/v2\/types\/page"}],"author":[{"embeddable":true,"href":"https:\/\/www.cryometal.cz\/en\/wp-json\/wp\/v2\/users\/1"}],"replies":[{"embeddable":true,"href":"https:\/\/www.cryometal.cz\/en\/wp-json\/wp\/v2\/comments?post=434"}],"version-history":[{"count":6,"href":"https:\/\/www.cryometal.cz\/en\/wp-json\/wp\/v2\/pages\/434\/revisions"}],"predecessor-version":[{"id":1397,"href":"https:\/\/www.cryometal.cz\/en\/wp-json\/wp\/v2\/pages\/434\/revisions\/1397"}],"wp:attachment":[{"href":"https:\/\/www.cryometal.cz\/en\/wp-json\/wp\/v2\/media?parent=434"}],"curies":[{"name":"wp","href":"https:\/\/api.w.org\/{rel}","templated":true}]}}