{"id":36,"date":"2019-12-05T00:12:10","date_gmt":"2019-12-04T23:12:10","guid":{"rendered":"https:\/\/cryometal.wpcomstaging.com\/sluzby\/"},"modified":"2026-04-30T09:17:30","modified_gmt":"2026-04-30T07:17:30","slug":"sluzby","status":"publish","type":"page","link":"https:\/\/www.cryometal.cz\/en\/sluzby\/","title":{"rendered":"Slu\u017eby"},"content":{"rendered":"<!--themify_builder_content-->\n<div id=\"themify_builder_content-36\" data-postid=\"36\" class=\"themify_builder_content themify_builder_content-36 themify_builder tf_clear\">\n                    <div  data-lazy=\"1\" class=\"module_row themify_builder_row tb_62xa205 tb_first tf_w\">\n                        <div class=\"row_inner col_align_top tb_col_count_1 tf_box tf_rel\">\n                        <div  data-lazy=\"1\" class=\"module_column tb-column col-full tb_q07t206 first\">\n                    <!-- module text -->\n<div  class=\"module module-text tb_xjd9206    tb_gs1080631\" data-lazy=\"1\">\n        <div  class=\"tb_text_wrap\">\n        <h1 class=\"page-title\">Slu\u017eby<\/h1>    <\/div>\n<\/div>\n<!-- \/module text --><!-- module divider -->\n<div  class=\"module tf_mw module-divider tb_i71k206 solid  divider-custom divider-left\" style=\"border-width: 3px;border-color: #60ccf7;margin-bottom: 17px;max-width: 99px;\" data-lazy=\"1\">\n    <\/div>\n<!-- \/module divider -->\n<!-- module text -->\n<div  class=\"module module-text tb_awbw520\" data-lazy=\"1\">\n        <div  class=\"tb_text_wrap\">\n        <p><strong>Nab\u00edz\u00edme :<\/strong><\/p>\n<ul>\n<li>rozvoz kapaln\u00e9ho dus\u00edku na \u00fazem\u00ed Prahy a bl\u00edzk\u00e9ho okol\u00ed<\/li>\n<li>servisn\u00ed slu\u017eby pro Dewarovy n\u00e1doby<\/li>\n<li>konzultace v oblasti cryogenn\u00ed techniky a jejich aplikac\u00ed<\/li>\n<li>n\u00e1vrhy a konstrukce cryo-za\u0159\u00edzen\u00ed<\/li>\n<\/ul>    <\/div>\n<\/div>\n<!-- \/module text -->        <\/div>\n                        <\/div>\n        <\/div>\n        <\/div>\n<!--\/themify_builder_content-->\r\n<p><\/p>","protected":false},"excerpt":{"rendered":"<p>Slu\u017eby Nab\u00edz\u00edme : rozvoz kapaln\u00e9ho dus\u00edku na \u00fazem\u00ed Prahy a bl\u00edzk\u00e9ho okol\u00ed servisn\u00ed slu\u017eby pro Dewarovy n\u00e1doby konzultace v oblasti cryogenn\u00ed techniky a jejich aplikac\u00ed n\u00e1vrhy a konstrukce cryo-za\u0159\u00edzen\u00ed<\/p>","protected":false},"author":1,"featured_media":0,"parent":0,"menu_order":5,"comment_status":"closed","ping_status":"closed","template":"","meta":{"footnotes":""},"class_list":["post-36","page","type-page","status-publish","hentry","has-post-title","has-post-date","has-post-category","has-post-tag","has-post-comment","has-post-author",""],"yoast_head":"<!-- This site is optimized with the Yoast SEO plugin v27.5 - https:\/\/yoast.com\/product\/yoast-seo-wordpress\/ -->\n<title>Slu\u017eby - Cryometal<\/title>\n<meta name=\"robots\" content=\"index, follow, max-snippet:-1, max-image-preview:large, max-video-preview:-1\" \/>\n<link rel=\"canonical\" href=\"https:\/\/www.cryometal.cz\/en\/sluzby\/\" \/>\n<meta name=\"twitter:card\" content=\"summary_large_image\" \/>\n<meta name=\"twitter:title\" content=\"Slu\u017eby - Cryometal\" \/>\n<meta name=\"twitter:description\" content=\"Slu\u017eby Nab\u00edz\u00edme : rozvoz kapaln\u00e9ho dus\u00edku na \u00fazem\u00ed Prahy a bl\u00edzk\u00e9ho okol\u00ed servisn\u00ed slu\u017eby pro Dewarovy n\u00e1doby konzultace v oblasti cryogenn\u00ed techniky a jejich aplikac\u00ed n\u00e1vrhy a konstrukce cryo-za\u0159\u00edzen\u00ed\" \/>\n<meta name=\"twitter:label1\" content=\"Estimated reading time\" \/>\n\t<meta name=\"twitter:data1\" content=\"1 minute\" \/>\n<script type=\"application\/ld+json\" class=\"yoast-schema-graph\">{\"@context\":\"https:\\\/\\\/schema.org\",\"@graph\":[{\"@type\":\"WebPage\",\"@id\":\"https:\\\/\\\/www.cryometal.cz\\\/sluzby\\\/\",\"url\":\"https:\\\/\\\/www.cryometal.cz\\\/sluzby\\\/\",\"name\":\"Slu\u017eby - Cryometal\",\"isPartOf\":{\"@id\":\"https:\\\/\\\/www.cryometal.cz\\\/#website\"},\"datePublished\":\"2019-12-04T23:12:10+00:00\",\"dateModified\":\"2026-04-30T07:17:30+00:00\",\"breadcrumb\":{\"@id\":\"https:\\\/\\\/www.cryometal.cz\\\/sluzby\\\/#breadcrumb\"},\"inLanguage\":\"en-GB\",\"potentialAction\":[{\"@type\":\"ReadAction\",\"target\":[\"https:\\\/\\\/www.cryometal.cz\\\/sluzby\\\/\"]}]},{\"@type\":\"BreadcrumbList\",\"@id\":\"https:\\\/\\\/www.cryometal.cz\\\/sluzby\\\/#breadcrumb\",\"itemListElement\":[{\"@type\":\"ListItem\",\"position\":1,\"name\":\"Dom\u016f\",\"item\":\"https:\\\/\\\/www.cryometal.cz\\\/\"},{\"@type\":\"ListItem\",\"position\":2,\"name\":\"Slu\u017eby\"}]},{\"@type\":\"WebSite\",\"@id\":\"https:\\\/\\\/www.cryometal.cz\\\/#website\",\"url\":\"https:\\\/\\\/www.cryometal.cz\\\/\",\"name\":\"Cryometal\",\"description\":\"\",\"publisher\":{\"@id\":\"https:\\\/\\\/www.cryometal.cz\\\/#organization\"},\"potentialAction\":[{\"@type\":\"SearchAction\",\"target\":{\"@type\":\"EntryPoint\",\"urlTemplate\":\"https:\\\/\\\/www.cryometal.cz\\\/?s={search_term_string}\"},\"query-input\":{\"@type\":\"PropertyValueSpecification\",\"valueRequired\":true,\"valueName\":\"search_term_string\"}}],\"inLanguage\":\"en-GB\"},{\"@type\":\"Organization\",\"@id\":\"https:\\\/\\\/www.cryometal.cz\\\/#organization\",\"name\":\"Cryometal s.r.o.\",\"url\":\"https:\\\/\\\/www.cryometal.cz\\\/\",\"logo\":{\"@type\":\"ImageObject\",\"inLanguage\":\"en-GB\",\"@id\":\"https:\\\/\\\/www.cryometal.cz\\\/#\\\/schema\\\/logo\\\/image\\\/\",\"url\":\"https:\\\/\\\/www.cryometal.cz\\\/wp-content\\\/uploads\\\/2020\\\/04\\\/logo2_transparent-e1588170436895.png\",\"contentUrl\":\"https:\\\/\\\/www.cryometal.cz\\\/wp-content\\\/uploads\\\/2020\\\/04\\\/logo2_transparent-e1588170436895.png\",\"width\":210,\"height\":57,\"caption\":\"Cryometal s.r.o.\"},\"image\":{\"@id\":\"https:\\\/\\\/www.cryometal.cz\\\/#\\\/schema\\\/logo\\\/image\\\/\"},\"sameAs\":[\"https:\\\/\\\/www.facebook.com\\\/people\\\/Cryometal\\\/100085547590674\\\/\"]}]}<\/script>\n<!-- \/ Yoast SEO plugin. -->","yoast_head_json":{"title":"Slu\u017eby - Cryometal","robots":{"index":"index","follow":"follow","max-snippet":"max-snippet:-1","max-image-preview":"max-image-preview:large","max-video-preview":"max-video-preview:-1"},"canonical":"https:\/\/www.cryometal.cz\/en\/sluzby\/","twitter_card":"summary_large_image","twitter_title":"Slu\u017eby - Cryometal","twitter_description":"Slu\u017eby Nab\u00edz\u00edme : rozvoz kapaln\u00e9ho dus\u00edku na \u00fazem\u00ed Prahy a bl\u00edzk\u00e9ho okol\u00ed servisn\u00ed slu\u017eby pro Dewarovy n\u00e1doby konzultace v oblasti cryogenn\u00ed techniky a jejich aplikac\u00ed n\u00e1vrhy a konstrukce cryo-za\u0159\u00edzen\u00ed","twitter_misc":{"Estimated reading time":"1 minute"},"schema":{"@context":"https:\/\/schema.org","@graph":[{"@type":"WebPage","@id":"https:\/\/www.cryometal.cz\/sluzby\/","url":"https:\/\/www.cryometal.cz\/sluzby\/","name":"Slu\u017eby - Cryometal","isPartOf":{"@id":"https:\/\/www.cryometal.cz\/#website"},"datePublished":"2019-12-04T23:12:10+00:00","dateModified":"2026-04-30T07:17:30+00:00","breadcrumb":{"@id":"https:\/\/www.cryometal.cz\/sluzby\/#breadcrumb"},"inLanguage":"en-GB","potentialAction":[{"@type":"ReadAction","target":["https:\/\/www.cryometal.cz\/sluzby\/"]}]},{"@type":"BreadcrumbList","@id":"https:\/\/www.cryometal.cz\/sluzby\/#breadcrumb","itemListElement":[{"@type":"ListItem","position":1,"name":"Dom\u016f","item":"https:\/\/www.cryometal.cz\/"},{"@type":"ListItem","position":2,"name":"Slu\u017eby"}]},{"@type":"WebSite","@id":"https:\/\/www.cryometal.cz\/#website","url":"https:\/\/www.cryometal.cz\/","name":"Cryometal","description":"","publisher":{"@id":"https:\/\/www.cryometal.cz\/#organization"},"potentialAction":[{"@type":"SearchAction","target":{"@type":"EntryPoint","urlTemplate":"https:\/\/www.cryometal.cz\/?s={search_term_string}"},"query-input":{"@type":"PropertyValueSpecification","valueRequired":true,"valueName":"search_term_string"}}],"inLanguage":"en-GB"},{"@type":"Organization","@id":"https:\/\/www.cryometal.cz\/#organization","name":"Cryometal s.r.o.","url":"https:\/\/www.cryometal.cz\/","logo":{"@type":"ImageObject","inLanguage":"en-GB","@id":"https:\/\/www.cryometal.cz\/#\/schema\/logo\/image\/","url":"https:\/\/www.cryometal.cz\/wp-content\/uploads\/2020\/04\/logo2_transparent-e1588170436895.png","contentUrl":"https:\/\/www.cryometal.cz\/wp-content\/uploads\/2020\/04\/logo2_transparent-e1588170436895.png","width":210,"height":57,"caption":"Cryometal s.r.o."},"image":{"@id":"https:\/\/www.cryometal.cz\/#\/schema\/logo\/image\/"},"sameAs":["https:\/\/www.facebook.com\/people\/Cryometal\/100085547590674\/"]}]}},"builder_content":"<h1>Slu\u017eby<\/h1>\n\n<p><strong>Nab\u00edz\u00edme :<\/strong><\/p> <ul> <li>rozvoz kapaln\u00e9ho dus\u00edku na \u00fazem\u00ed Prahy a bl\u00edzk\u00e9ho okol\u00ed<\/li> <li>servisn\u00ed slu\u017eby pro Dewarovy n\u00e1doby<\/li> <li>konzultace v oblasti cryogenn\u00ed techniky a jejich aplikac\u00ed<\/li> <li>n\u00e1vrhy a konstrukce cryo-za\u0159\u00edzen\u00ed<\/li> <\/ul>","_links":{"self":[{"href":"https:\/\/www.cryometal.cz\/en\/wp-json\/wp\/v2\/pages\/36","targetHints":{"allow":["GET"]}}],"collection":[{"href":"https:\/\/www.cryometal.cz\/en\/wp-json\/wp\/v2\/pages"}],"about":[{"href":"https:\/\/www.cryometal.cz\/en\/wp-json\/wp\/v2\/types\/page"}],"author":[{"embeddable":true,"href":"https:\/\/www.cryometal.cz\/en\/wp-json\/wp\/v2\/users\/1"}],"replies":[{"embeddable":true,"href":"https:\/\/www.cryometal.cz\/en\/wp-json\/wp\/v2\/comments?post=36"}],"version-history":[{"count":6,"href":"https:\/\/www.cryometal.cz\/en\/wp-json\/wp\/v2\/pages\/36\/revisions"}],"predecessor-version":[{"id":1490,"href":"https:\/\/www.cryometal.cz\/en\/wp-json\/wp\/v2\/pages\/36\/revisions\/1490"}],"wp:attachment":[{"href":"https:\/\/www.cryometal.cz\/en\/wp-json\/wp\/v2\/media?parent=36"}],"curies":[{"name":"wp","href":"https:\/\/api.w.org\/{rel}","templated":true}]}}