{"id":35,"date":"2019-12-05T00:11:33","date_gmt":"2019-12-04T23:11:33","guid":{"rendered":"https:\/\/cryometal.wpcomstaging.com\/kovovyroba\/"},"modified":"2026-04-30T09:17:08","modified_gmt":"2026-04-30T07:17:08","slug":"kovovyroba","status":"publish","type":"page","link":"https:\/\/www.cryometal.cz\/en\/kovovyroba\/","title":{"rendered":"Kovov\u00fdroba"},"content":{"rendered":"<p>&nbsp;<\/p>\r\n\r\n\r<!--themify_builder_content-->\n<div id=\"themify_builder_content-35\" data-postid=\"35\" class=\"themify_builder_content themify_builder_content-35 themify_builder tf_clear\">\n                    <div  data-lazy=\"1\" class=\"module_row themify_builder_row tb_rz36792 tb_first tf_w\">\n                        <div class=\"row_inner col_align_top tb_col_count_1 tf_box tf_rel\">\n                        <div  data-lazy=\"1\" class=\"module_column tb-column col-full tb_6ga6792 first\">\n                    <!-- module text -->\n<div  class=\"module module-text tb_r69l792    tb_gs1080631\" data-lazy=\"1\">\n        <div  class=\"tb_text_wrap\">\n        <h1 class=\"page-title\">Kovov\u00fdroba<\/h1>    <\/div>\n<\/div>\n<!-- \/module text --><!-- module divider -->\n<div  class=\"module tf_mw module-divider tb_pvzb792 solid  divider-custom divider-left\" style=\"border-width: 3px;border-color: #60ccf7;margin-bottom: 17px;max-width: 188px;\" data-lazy=\"1\">\n    <\/div>\n<!-- \/module divider -->\n<!-- module text -->\n<div  class=\"module module-text tb_zzuv49\" data-lazy=\"1\">\n        <div  class=\"tb_text_wrap\">\n        <p><strong>Zpracov\u00e1n\u00ed ocelov\u00e9ho a hlin\u00edkov\u00e9ho plechu do 3 mm<br><\/strong><\/p>\n<figure class=\"wp-block-table\">\n<table>\n<tbody>\n<tr>\n<td>d\u011blen\u00ed materi\u00e1l\u016f<\/td>\n<td>2 m; 2,5 m n\u016f\u017eky<br>p\u0159esn\u00e9 \u0159ez\u00e1n\u00ed materi\u00e1lu na p\u00e1sov\u00e9 pile do pr\u016fm\u011bru 305 mm,<br>do pr\u016f\u0159ezu 360 x 305 mm \u2013 90\u00b0<\/td>\n<\/tr>\n<tr>\n<td>lisov\u00e1n\u00ed<\/td>\n<td>lisy: 60-125 t<br>linky: c\u00edvka \u2013 rovna\u010dka \u2013 podava\u010d \u2013 lis<\/td>\n<\/tr>\n<tr>\n<td>ohra\u0148ov\u00e1n\u00ed<\/td>\n<td>lis: 50 t \u2013 2 m st\u016fl<br>100 t \u2013 3 m st\u016fl<\/td>\n<\/tr>\n<tr>\n<td>sva\u0159ov\u00e1n\u00ed<\/td>\n<td>bodov\u00e9 sva\u0159ov\u00e1n\u00ed<br>CO<sub>2<\/sub>\u00a0i Ar \u2013 v ochrann\u00e9 atmosf\u00e9\u0159e<\/td>\n<\/tr>\n<tr>\n<td>povrchov\u00e1 \u00faprava<\/td>\n<td>syntetick\u00e9 barvy<br>pr\u00e1\u0161kov\u00e9 barvy<\/td>\n<\/tr>\n<\/tbody>\n<\/table>\n<\/figure>\n<p><strong>Kovotla\u010d\u00edc\u00ed automat<\/strong>\u00a0do pr\u016fm\u011bru 1400 mm<\/p>\n<ul>\n<li>tvarov\u00e1n\u00ed ocelov\u00e9ho plechu (hlubokotah) do s\u00edly 1,3 mm<\/li>\n<li>tvarov\u00e1n\u00ed hlin\u00edkov\u00e9ho plechu do s\u00edly 3 mm, tvarov\u00e1n\u00ed barevn\u00fdch kov\u016f<\/li>\n<li>P\u0159edpoklad pro v\u00fdrobu<\/li>\n<li>v\u00fdkresov\u00e1 dokumentace<\/li>\n<li>kopyto<\/li>\n<\/ul>\n<p>Zad\u00e1n\u00ed zak\u00e1zky nutno projednat s technick\u00fdm \u00fasekem firmy.<\/p>    <\/div>\n<\/div>\n<!-- \/module text -->        <\/div>\n                        <\/div>\n        <\/div>\n        <\/div>\n<!--\/themify_builder_content-->\r\n<p><\/p>","protected":false},"excerpt":{"rendered":"<p>&nbsp; Kovov\u00fdroba Zpracov\u00e1n\u00ed ocelov\u00e9ho a hlin\u00edkov\u00e9ho plechu do 3 mm d\u011blen\u00ed materi\u00e1l\u016f 2 m; 2,5 m n\u016f\u017ekyp\u0159esn\u00e9 \u0159ez\u00e1n\u00ed materi\u00e1lu na p\u00e1sov\u00e9 pile do pr\u016fm\u011bru 305 mm,do pr\u016f\u0159ezu 360 x 305 mm \u2013 90\u00b0 lisov\u00e1n\u00ed lisy: 60-125 tlinky: c\u00edvka \u2013 rovna\u010dka \u2013 podava\u010d \u2013 lis ohra\u0148ov\u00e1n\u00ed lis: 50 t \u2013 2 m st\u016fl100 t \u2013 3 [&hellip;]<\/p>\n","protected":false},"author":1,"featured_media":0,"parent":0,"menu_order":4,"comment_status":"closed","ping_status":"closed","template":"","meta":{"footnotes":""},"class_list":["post-35","page","type-page","status-publish","hentry","has-post-title","has-post-date","has-post-category","has-post-tag","has-post-comment","has-post-author",""],"yoast_head":"<!-- This site is optimized with the Yoast SEO plugin v27.5 - https:\/\/yoast.com\/product\/yoast-seo-wordpress\/ -->\n<title>Kovov\u00fdroba - Cryometal<\/title>\n<meta name=\"robots\" content=\"index, follow, max-snippet:-1, max-image-preview:large, max-video-preview:-1\" \/>\n<link rel=\"canonical\" href=\"https:\/\/www.cryometal.cz\/en\/kovovyroba\/\" \/>\n<meta name=\"twitter:card\" content=\"summary_large_image\" \/>\n<meta name=\"twitter:title\" content=\"Kovov\u00fdroba - Cryometal\" \/>\n<meta name=\"twitter:description\" content=\"&nbsp; Kovov\u00fdroba Zpracov\u00e1n\u00ed ocelov\u00e9ho a hlin\u00edkov\u00e9ho plechu do 3 mm d\u011blen\u00ed materi\u00e1l\u016f 2 m; 2,5 m n\u016f\u017ekyp\u0159esn\u00e9 \u0159ez\u00e1n\u00ed materi\u00e1lu na p\u00e1sov\u00e9 pile do pr\u016fm\u011bru 305 mm,do pr\u016f\u0159ezu 360 x 305 mm \u2013 90\u00b0 lisov\u00e1n\u00ed lisy: 60-125 tlinky: c\u00edvka \u2013 rovna\u010dka \u2013 podava\u010d \u2013 lis ohra\u0148ov\u00e1n\u00ed lis: 50 t \u2013 2 m st\u016fl100 t \u2013 3 [&hellip;]\" \/>\n<script type=\"application\/ld+json\" class=\"yoast-schema-graph\">{\"@context\":\"https:\\\/\\\/schema.org\",\"@graph\":[{\"@type\":\"WebPage\",\"@id\":\"https:\\\/\\\/www.cryometal.cz\\\/kovovyroba\\\/\",\"url\":\"https:\\\/\\\/www.cryometal.cz\\\/kovovyroba\\\/\",\"name\":\"Kovov\u00fdroba - Cryometal\",\"isPartOf\":{\"@id\":\"https:\\\/\\\/www.cryometal.cz\\\/#website\"},\"datePublished\":\"2019-12-04T23:11:33+00:00\",\"dateModified\":\"2026-04-30T07:17:08+00:00\",\"breadcrumb\":{\"@id\":\"https:\\\/\\\/www.cryometal.cz\\\/kovovyroba\\\/#breadcrumb\"},\"inLanguage\":\"en-GB\",\"potentialAction\":[{\"@type\":\"ReadAction\",\"target\":[\"https:\\\/\\\/www.cryometal.cz\\\/kovovyroba\\\/\"]}]},{\"@type\":\"BreadcrumbList\",\"@id\":\"https:\\\/\\\/www.cryometal.cz\\\/kovovyroba\\\/#breadcrumb\",\"itemListElement\":[{\"@type\":\"ListItem\",\"position\":1,\"name\":\"Dom\u016f\",\"item\":\"https:\\\/\\\/www.cryometal.cz\\\/\"},{\"@type\":\"ListItem\",\"position\":2,\"name\":\"Kovov\u00fdroba\"}]},{\"@type\":\"WebSite\",\"@id\":\"https:\\\/\\\/www.cryometal.cz\\\/#website\",\"url\":\"https:\\\/\\\/www.cryometal.cz\\\/\",\"name\":\"Cryometal\",\"description\":\"\",\"publisher\":{\"@id\":\"https:\\\/\\\/www.cryometal.cz\\\/#organization\"},\"potentialAction\":[{\"@type\":\"SearchAction\",\"target\":{\"@type\":\"EntryPoint\",\"urlTemplate\":\"https:\\\/\\\/www.cryometal.cz\\\/?s={search_term_string}\"},\"query-input\":{\"@type\":\"PropertyValueSpecification\",\"valueRequired\":true,\"valueName\":\"search_term_string\"}}],\"inLanguage\":\"en-GB\"},{\"@type\":\"Organization\",\"@id\":\"https:\\\/\\\/www.cryometal.cz\\\/#organization\",\"name\":\"Cryometal s.r.o.\",\"url\":\"https:\\\/\\\/www.cryometal.cz\\\/\",\"logo\":{\"@type\":\"ImageObject\",\"inLanguage\":\"en-GB\",\"@id\":\"https:\\\/\\\/www.cryometal.cz\\\/#\\\/schema\\\/logo\\\/image\\\/\",\"url\":\"https:\\\/\\\/www.cryometal.cz\\\/wp-content\\\/uploads\\\/2020\\\/04\\\/logo2_transparent-e1588170436895.png\",\"contentUrl\":\"https:\\\/\\\/www.cryometal.cz\\\/wp-content\\\/uploads\\\/2020\\\/04\\\/logo2_transparent-e1588170436895.png\",\"width\":210,\"height\":57,\"caption\":\"Cryometal s.r.o.\"},\"image\":{\"@id\":\"https:\\\/\\\/www.cryometal.cz\\\/#\\\/schema\\\/logo\\\/image\\\/\"},\"sameAs\":[\"https:\\\/\\\/www.facebook.com\\\/people\\\/Cryometal\\\/100085547590674\\\/\"]}]}<\/script>\n<!-- \/ Yoast SEO plugin. -->","yoast_head_json":{"title":"Kovov\u00fdroba - Cryometal","robots":{"index":"index","follow":"follow","max-snippet":"max-snippet:-1","max-image-preview":"max-image-preview:large","max-video-preview":"max-video-preview:-1"},"canonical":"https:\/\/www.cryometal.cz\/en\/kovovyroba\/","twitter_card":"summary_large_image","twitter_title":"Kovov\u00fdroba - Cryometal","twitter_description":"&nbsp; Kovov\u00fdroba Zpracov\u00e1n\u00ed ocelov\u00e9ho a hlin\u00edkov\u00e9ho plechu do 3 mm d\u011blen\u00ed materi\u00e1l\u016f 2 m; 2,5 m n\u016f\u017ekyp\u0159esn\u00e9 \u0159ez\u00e1n\u00ed materi\u00e1lu na p\u00e1sov\u00e9 pile do pr\u016fm\u011bru 305 mm,do pr\u016f\u0159ezu 360 x 305 mm \u2013 90\u00b0 lisov\u00e1n\u00ed lisy: 60-125 tlinky: c\u00edvka \u2013 rovna\u010dka \u2013 podava\u010d \u2013 lis ohra\u0148ov\u00e1n\u00ed lis: 50 t \u2013 2 m st\u016fl100 t \u2013 3 [&hellip;]","schema":{"@context":"https:\/\/schema.org","@graph":[{"@type":"WebPage","@id":"https:\/\/www.cryometal.cz\/kovovyroba\/","url":"https:\/\/www.cryometal.cz\/kovovyroba\/","name":"Kovov\u00fdroba - Cryometal","isPartOf":{"@id":"https:\/\/www.cryometal.cz\/#website"},"datePublished":"2019-12-04T23:11:33+00:00","dateModified":"2026-04-30T07:17:08+00:00","breadcrumb":{"@id":"https:\/\/www.cryometal.cz\/kovovyroba\/#breadcrumb"},"inLanguage":"en-GB","potentialAction":[{"@type":"ReadAction","target":["https:\/\/www.cryometal.cz\/kovovyroba\/"]}]},{"@type":"BreadcrumbList","@id":"https:\/\/www.cryometal.cz\/kovovyroba\/#breadcrumb","itemListElement":[{"@type":"ListItem","position":1,"name":"Dom\u016f","item":"https:\/\/www.cryometal.cz\/"},{"@type":"ListItem","position":2,"name":"Kovov\u00fdroba"}]},{"@type":"WebSite","@id":"https:\/\/www.cryometal.cz\/#website","url":"https:\/\/www.cryometal.cz\/","name":"Cryometal","description":"","publisher":{"@id":"https:\/\/www.cryometal.cz\/#organization"},"potentialAction":[{"@type":"SearchAction","target":{"@type":"EntryPoint","urlTemplate":"https:\/\/www.cryometal.cz\/?s={search_term_string}"},"query-input":{"@type":"PropertyValueSpecification","valueRequired":true,"valueName":"search_term_string"}}],"inLanguage":"en-GB"},{"@type":"Organization","@id":"https:\/\/www.cryometal.cz\/#organization","name":"Cryometal s.r.o.","url":"https:\/\/www.cryometal.cz\/","logo":{"@type":"ImageObject","inLanguage":"en-GB","@id":"https:\/\/www.cryometal.cz\/#\/schema\/logo\/image\/","url":"https:\/\/www.cryometal.cz\/wp-content\/uploads\/2020\/04\/logo2_transparent-e1588170436895.png","contentUrl":"https:\/\/www.cryometal.cz\/wp-content\/uploads\/2020\/04\/logo2_transparent-e1588170436895.png","width":210,"height":57,"caption":"Cryometal s.r.o."},"image":{"@id":"https:\/\/www.cryometal.cz\/#\/schema\/logo\/image\/"},"sameAs":["https:\/\/www.facebook.com\/people\/Cryometal\/100085547590674\/"]}]}},"builder_content":"<h1>Kovov\u00fdroba<\/h1>\n\n<p><strong>Zpracov\u00e1n\u00ed ocelov\u00e9ho a hlin\u00edkov\u00e9ho plechu do 3 mm<br><\/strong><\/p> <figure> <table> <tbody> <tr> <td>d\u011blen\u00ed materi\u00e1l\u016f<\/td> <td>2 m; 2,5 m n\u016f\u017eky<br>p\u0159esn\u00e9 \u0159ez\u00e1n\u00ed materi\u00e1lu na p\u00e1sov\u00e9 pile do pr\u016fm\u011bru 305 mm,<br>do pr\u016f\u0159ezu 360 x 305 mm \u2013 90\u00b0<\/td> <\/tr> <tr> <td>lisov\u00e1n\u00ed<\/td> <td>lisy: 60-125 t<br>linky: c\u00edvka \u2013 rovna\u010dka \u2013 podava\u010d \u2013 lis<\/td> <\/tr> <tr> <td>ohra\u0148ov\u00e1n\u00ed<\/td> <td>lis: 50 t \u2013 2 m st\u016fl<br>100 t \u2013 3 m st\u016fl<\/td> <\/tr> <tr> <td>sva\u0159ov\u00e1n\u00ed<\/td> <td>bodov\u00e9 sva\u0159ov\u00e1n\u00ed<br>CO<sub>2<\/sub>\u00a0i Ar \u2013 v ochrann\u00e9 atmosf\u00e9\u0159e<\/td> <\/tr> <tr> <td>povrchov\u00e1 \u00faprava<\/td> <td>syntetick\u00e9 barvy<br>pr\u00e1\u0161kov\u00e9 barvy<\/td> <\/tr> <\/tbody> <\/table> <\/figure> <p><strong>Kovotla\u010d\u00edc\u00ed automat<\/strong>\u00a0do pr\u016fm\u011bru 1400 mm<\/p> <ul> <li>tvarov\u00e1n\u00ed ocelov\u00e9ho plechu (hlubokotah) do s\u00edly 1,3 mm<\/li> <li>tvarov\u00e1n\u00ed hlin\u00edkov\u00e9ho plechu do s\u00edly 3 mm, tvarov\u00e1n\u00ed barevn\u00fdch kov\u016f<\/li> <li>P\u0159edpoklad pro v\u00fdrobu<\/li> <li>v\u00fdkresov\u00e1 dokumentace<\/li> <li>kopyto<\/li> <\/ul> <p>Zad\u00e1n\u00ed zak\u00e1zky nutno projednat s technick\u00fdm \u00fasekem firmy.<\/p>","_links":{"self":[{"href":"https:\/\/www.cryometal.cz\/en\/wp-json\/wp\/v2\/pages\/35","targetHints":{"allow":["GET"]}}],"collection":[{"href":"https:\/\/www.cryometal.cz\/en\/wp-json\/wp\/v2\/pages"}],"about":[{"href":"https:\/\/www.cryometal.cz\/en\/wp-json\/wp\/v2\/types\/page"}],"author":[{"embeddable":true,"href":"https:\/\/www.cryometal.cz\/en\/wp-json\/wp\/v2\/users\/1"}],"replies":[{"embeddable":true,"href":"https:\/\/www.cryometal.cz\/en\/wp-json\/wp\/v2\/comments?post=35"}],"version-history":[{"count":4,"href":"https:\/\/www.cryometal.cz\/en\/wp-json\/wp\/v2\/pages\/35\/revisions"}],"predecessor-version":[{"id":1488,"href":"https:\/\/www.cryometal.cz\/en\/wp-json\/wp\/v2\/pages\/35\/revisions\/1488"}],"wp:attachment":[{"href":"https:\/\/www.cryometal.cz\/en\/wp-json\/wp\/v2\/media?parent=35"}],"curies":[{"name":"wp","href":"https:\/\/api.w.org\/{rel}","templated":true}]}}