{"id":33,"date":"2019-12-05T00:09:59","date_gmt":"2019-12-04T23:09:59","guid":{"rendered":"https:\/\/cryometal.wpcomstaging.com\/dewarovy-nadoby\/"},"modified":"2026-04-30T12:05:01","modified_gmt":"2026-04-30T10:05:01","slug":"dewarovy-nadoby","status":"publish","type":"page","link":"https:\/\/www.cryometal.cz\/en\/dewarovy-nadoby\/","title":{"rendered":"Dewarovy n\u00e1doby"},"content":{"rendered":"<!--themify_builder_content-->\n<div id=\"themify_builder_content-33\" data-postid=\"33\" class=\"themify_builder_content themify_builder_content-33 themify_builder tf_clear\">\n                    <div  data-lazy=\"1\" class=\"module_row themify_builder_row tb_lder957 tb_first tf_w\">\n                        <div class=\"row_inner col_align_top tb_col_count_1 tf_box tf_rel\">\n                        <div  data-lazy=\"1\" class=\"module_column tb-column col-full tb_rufm957 first\">\n                    <!-- module text -->\n<div  class=\"module module-text tb_olbx88    tb_gs1080631\" data-lazy=\"1\">\n        <div  class=\"tb_text_wrap\">\n        <h1 class=\"page-title\">Dewarovy n\u00e1doby<\/h1>    <\/div>\n<\/div>\n<!-- \/module text --><!-- module divider -->\n<div  class=\"module tf_mw module-divider tb_ncee582 solid  divider-custom divider-left\" style=\"border-width: 3px;border-color: #60ccf7;margin-bottom: 17px;max-width: 188px;\" data-lazy=\"1\">\n    <\/div>\n<!-- \/module divider -->\n        <\/div>\n                        <\/div>\n        <\/div>\n                        <div  data-lazy=\"1\" class=\"module_row themify_builder_row tb_bxys40 tf_w\">\n                        <div class=\"row_inner col_align_top tb_col_count_1 tf_box tf_rel\">\n                        <div  data-lazy=\"1\" class=\"module_column tb-column col-full tb_2cwt40 first\">\n                            <div  data-lazy=\"1\" class=\"module_subrow themify_builder_sub_row tf_w col_align_top tb_col_count_2 tb_4rlk772\">\n                <div  data-lazy=\"1\" class=\"module_column sub_column tb_admg773 first\">\n                    <!-- module image -->\n<div  class=\"module module-image tb_b3uu261 image-top   tf_mw\" data-lazy=\"1\">\n        <div class=\"image-wrap tf_rel tf_mw\">\n            <img loading=\"lazy\" decoding=\"async\" width=\"800\" height=\"600\" src=\"https:\/\/www.cryometal.cz\/wp-content\/uploads\/2026\/04\/KLaLAB.jpg\" class=\"wp-post-image wp-image-1519\" title=\"KLaLAB\" alt=\"KLaLAB\" srcset=\"https:\/\/www.cryometal.cz\/wp-content\/uploads\/2026\/04\/KLaLAB.jpg 800w, https:\/\/www.cryometal.cz\/wp-content\/uploads\/2026\/04\/KLaLAB-300x225.jpg 300w, https:\/\/www.cryometal.cz\/wp-content\/uploads\/2026\/04\/KLaLAB-768x576.jpg 768w\" sizes=\"auto, (max-width: 800px) 100vw, 800px\" \/>    \n        <\/div>\n    <!-- \/image-wrap -->\n    \n        <\/div>\n<!-- \/module image -->        <\/div>\n                    <div  data-lazy=\"1\" class=\"module_column sub_column tb_uupa773 last\">\n                    <!-- module text -->\n<div  class=\"module module-text tb_9vnm472\" data-lazy=\"1\">\n        <div  class=\"tb_text_wrap\">\n        <p>Z\u00e1sobn\u00edky kapaln\u00e9ho dus\u00edku jsou hlin\u00edkov\u00e9 konstrukce s maxim\u00e1ln\u00edm p\u0159etlakem 0,05 MPa<\/p>\n<p>\u0158ada LAB m\u00e1 hladk\u00e9 hrdlo 50mm a\u017e 216 mm a je snadno p\u0159izp\u016fsobiteln\u00e1 pro p\u0159ipojen\u00ed dal\u0161\u00edho p\u0159\u00edslu\u0161enstv\u00ed.<\/p>\n<p>\u0158ady KL a PL maj\u00ed hrdlo s metrick\u00fdm p\u0159ipojen\u00edm, na p\u0159\u00e1n\u00ed podle pot\u0159eby p\u0159ipojen\u00ed dal\u0161\u00edho p\u0159\u00edslu\u0161enstv\u00ed tak\u00e9 bajonetov\u00fdm p\u0159ipojen\u00edm.<\/p>    <\/div>\n<\/div>\n<!-- \/module text -->        <\/div>\n                    <\/div>\n                <div  data-lazy=\"1\" class=\"module_subrow themify_builder_sub_row tf_w col_align_top tb_col_count_2 tb_7xmd28\">\n                <div  data-lazy=\"1\" class=\"module_column sub_column tb_d4mj29 first\">\n                    <!-- module text -->\n<div  class=\"module module-text tb_sje229\" data-lazy=\"1\">\n        <div  class=\"tb_text_wrap\">\n        <p><strong>Pou\u017eit\u00ed v oborech<\/strong>\u00a0\u2013\u00a0<em>hum\u00e1nn\u00ed a veterin\u00e1rn\u00ed medic\u00edna, v\u00fdzkum<\/em>, metalurgie, stroj\u00edrenstv\u00ed, stroj\u00edrensk\u00e9 oprav\u00e1renstv\u00ed, energetika, elektrotechnika, vodohospod\u00e1\u0159stv\u00ed atd.<\/p>    <\/div>\n<\/div>\n<!-- \/module text -->        <\/div>\n                    <div  data-lazy=\"1\" class=\"module_column sub_column tb_dy0u29 last\">\n                    <!-- module image -->\n<div  class=\"module module-image tb_ficn29 image-top   tf_mw\" data-lazy=\"1\">\n        <div class=\"image-wrap tf_rel tf_mw\">\n            <img loading=\"lazy\" decoding=\"async\" width=\"748\" height=\"343\" src=\"https:\/\/www.cryometal.cz\/wp-content\/uploads\/2020\/05\/dnschema.jpg\" class=\"wp-post-image wp-image-341\" title=\"DNschema\" alt=\"DNschema\" srcset=\"https:\/\/www.cryometal.cz\/wp-content\/uploads\/2020\/05\/dnschema.jpg 748w, https:\/\/www.cryometal.cz\/wp-content\/uploads\/2020\/05\/dnschema-600x275.jpg 600w, https:\/\/www.cryometal.cz\/wp-content\/uploads\/2020\/05\/dnschema-300x138.jpg 300w\" sizes=\"auto, (max-width: 748px) 100vw, 748px\" \/>    \n        <\/div>\n    <!-- \/image-wrap -->\n    \n        <\/div>\n<!-- \/module image -->        <\/div>\n                    <\/div>\n                <\/div>\n                        <\/div>\n        <\/div>\n        <\/div>\n<!--\/themify_builder_content-->","protected":false},"excerpt":{"rendered":"<p>Dewarovy n\u00e1doby Z\u00e1sobn\u00edky kapaln\u00e9ho dus\u00edku jsou hlin\u00edkov\u00e9 konstrukce s maxim\u00e1ln\u00edm p\u0159etlakem 0,05 MPa \u0158ady KL a PL maj\u00ed standardn\u011b hrdlo s metrick\u00fdm p\u0159ipojen\u00edm, na p\u0159\u00e1n\u00ed podle pot\u0159eby p\u0159ipojen\u00ed dal\u0161\u00edho p\u0159\u00edslu\u0161enstv\u00ed tak\u00e9 bajonetov\u00fdm p\u0159ipojen\u00edm. Pou\u017eit\u00ed v oborech\u00a0\u2013\u00a0hum\u00e1nn\u00ed a veterin\u00e1rn\u00ed medic\u00edna, v\u00fdzkum, metalurgie, stroj\u00edrenstv\u00ed, stroj\u00edrensk\u00e9 oprav\u00e1renstv\u00ed, energetika, elektrotechnika, vodohospod\u00e1\u0159stv\u00ed atd.<\/p>","protected":false},"author":1,"featured_media":0,"parent":0,"menu_order":2,"comment_status":"closed","ping_status":"closed","template":"","meta":{"footnotes":""},"class_list":["post-33","page","type-page","status-publish","hentry","has-post-title","has-post-date","has-post-category","has-post-tag","has-post-comment","has-post-author",""],"yoast_head":"<!-- This site is optimized with the Yoast SEO plugin v27.5 - https:\/\/yoast.com\/product\/yoast-seo-wordpress\/ -->\n<title>Dewarovy n\u00e1doby - Cryometal<\/title>\n<meta name=\"robots\" content=\"index, follow, max-snippet:-1, max-image-preview:large, max-video-preview:-1\" \/>\n<link rel=\"canonical\" href=\"https:\/\/www.cryometal.cz\/en\/dewarovy-nadoby\/\" \/>\n<meta name=\"twitter:card\" content=\"summary_large_image\" \/>\n<meta name=\"twitter:title\" content=\"Dewarovy n\u00e1doby - Cryometal\" \/>\n<meta name=\"twitter:description\" content=\"Dewarovy n\u00e1doby Z\u00e1sobn\u00edky kapaln\u00e9ho dus\u00edku jsou hlin\u00edkov\u00e9 konstrukce s maxim\u00e1ln\u00edm p\u0159etlakem 0,05 MPa \u0158ady KL a PL maj\u00ed standardn\u011b hrdlo s metrick\u00fdm p\u0159ipojen\u00edm, na p\u0159\u00e1n\u00ed podle pot\u0159eby p\u0159ipojen\u00ed dal\u0161\u00edho p\u0159\u00edslu\u0161enstv\u00ed tak\u00e9 bajonetov\u00fdm p\u0159ipojen\u00edm. Pou\u017eit\u00ed v oborech\u00a0\u2013\u00a0hum\u00e1nn\u00ed a veterin\u00e1rn\u00ed medic\u00edna, v\u00fdzkum, metalurgie, stroj\u00edrenstv\u00ed, stroj\u00edrensk\u00e9 oprav\u00e1renstv\u00ed, energetika, elektrotechnika, vodohospod\u00e1\u0159stv\u00ed atd.\" \/>\n<meta name=\"twitter:image\" content=\"http:\/\/www.cryometal.cz\/wp-content\/uploads\/2020\/04\/dewarovenadoby-1024x3171-1.jpg\" \/>\n<script type=\"application\/ld+json\" class=\"yoast-schema-graph\">{\"@context\":\"https:\\\/\\\/schema.org\",\"@graph\":[{\"@type\":\"WebPage\",\"@id\":\"https:\\\/\\\/www.cryometal.cz\\\/dewarovy-nadoby\\\/\",\"url\":\"https:\\\/\\\/www.cryometal.cz\\\/dewarovy-nadoby\\\/\",\"name\":\"Dewarovy n\u00e1doby - Cryometal\",\"isPartOf\":{\"@id\":\"https:\\\/\\\/www.cryometal.cz\\\/#website\"},\"primaryImageOfPage\":{\"@id\":\"https:\\\/\\\/www.cryometal.cz\\\/dewarovy-nadoby\\\/#primaryimage\"},\"image\":{\"@id\":\"https:\\\/\\\/www.cryometal.cz\\\/dewarovy-nadoby\\\/#primaryimage\"},\"thumbnailUrl\":\"http:\\\/\\\/www.cryometal.cz\\\/wp-content\\\/uploads\\\/2020\\\/04\\\/dewarovenadoby-1024x3171-1.jpg\",\"datePublished\":\"2019-12-04T23:09:59+00:00\",\"dateModified\":\"2026-04-30T10:05:01+00:00\",\"breadcrumb\":{\"@id\":\"https:\\\/\\\/www.cryometal.cz\\\/dewarovy-nadoby\\\/#breadcrumb\"},\"inLanguage\":\"en-GB\",\"potentialAction\":[{\"@type\":\"ReadAction\",\"target\":[\"https:\\\/\\\/www.cryometal.cz\\\/dewarovy-nadoby\\\/\"]}]},{\"@type\":\"ImageObject\",\"inLanguage\":\"en-GB\",\"@id\":\"https:\\\/\\\/www.cryometal.cz\\\/dewarovy-nadoby\\\/#primaryimage\",\"url\":\"http:\\\/\\\/www.cryometal.cz\\\/wp-content\\\/uploads\\\/2020\\\/04\\\/dewarovenadoby-1024x3171-1.jpg\",\"contentUrl\":\"http:\\\/\\\/www.cryometal.cz\\\/wp-content\\\/uploads\\\/2020\\\/04\\\/dewarovenadoby-1024x3171-1.jpg\"},{\"@type\":\"BreadcrumbList\",\"@id\":\"https:\\\/\\\/www.cryometal.cz\\\/dewarovy-nadoby\\\/#breadcrumb\",\"itemListElement\":[{\"@type\":\"ListItem\",\"position\":1,\"name\":\"Dom\u016f\",\"item\":\"https:\\\/\\\/www.cryometal.cz\\\/\"},{\"@type\":\"ListItem\",\"position\":2,\"name\":\"Dewarovy n\u00e1doby\"}]},{\"@type\":\"WebSite\",\"@id\":\"https:\\\/\\\/www.cryometal.cz\\\/#website\",\"url\":\"https:\\\/\\\/www.cryometal.cz\\\/\",\"name\":\"Cryometal\",\"description\":\"\",\"publisher\":{\"@id\":\"https:\\\/\\\/www.cryometal.cz\\\/#organization\"},\"potentialAction\":[{\"@type\":\"SearchAction\",\"target\":{\"@type\":\"EntryPoint\",\"urlTemplate\":\"https:\\\/\\\/www.cryometal.cz\\\/?s={search_term_string}\"},\"query-input\":{\"@type\":\"PropertyValueSpecification\",\"valueRequired\":true,\"valueName\":\"search_term_string\"}}],\"inLanguage\":\"en-GB\"},{\"@type\":\"Organization\",\"@id\":\"https:\\\/\\\/www.cryometal.cz\\\/#organization\",\"name\":\"Cryometal s.r.o.\",\"url\":\"https:\\\/\\\/www.cryometal.cz\\\/\",\"logo\":{\"@type\":\"ImageObject\",\"inLanguage\":\"en-GB\",\"@id\":\"https:\\\/\\\/www.cryometal.cz\\\/#\\\/schema\\\/logo\\\/image\\\/\",\"url\":\"https:\\\/\\\/www.cryometal.cz\\\/wp-content\\\/uploads\\\/2020\\\/04\\\/logo2_transparent-e1588170436895.png\",\"contentUrl\":\"https:\\\/\\\/www.cryometal.cz\\\/wp-content\\\/uploads\\\/2020\\\/04\\\/logo2_transparent-e1588170436895.png\",\"width\":210,\"height\":57,\"caption\":\"Cryometal s.r.o.\"},\"image\":{\"@id\":\"https:\\\/\\\/www.cryometal.cz\\\/#\\\/schema\\\/logo\\\/image\\\/\"},\"sameAs\":[\"https:\\\/\\\/www.facebook.com\\\/people\\\/Cryometal\\\/100085547590674\\\/\"]}]}<\/script>\n<!-- \/ Yoast SEO plugin. -->","yoast_head_json":{"title":"Dewarovy n\u00e1doby - Cryometal","robots":{"index":"index","follow":"follow","max-snippet":"max-snippet:-1","max-image-preview":"max-image-preview:large","max-video-preview":"max-video-preview:-1"},"canonical":"https:\/\/www.cryometal.cz\/en\/dewarovy-nadoby\/","twitter_card":"summary_large_image","twitter_title":"Dewarovy n\u00e1doby - Cryometal","twitter_description":"Dewarovy n\u00e1doby Z\u00e1sobn\u00edky kapaln\u00e9ho dus\u00edku jsou hlin\u00edkov\u00e9 konstrukce s maxim\u00e1ln\u00edm p\u0159etlakem 0,05 MPa \u0158ady KL a PL maj\u00ed standardn\u011b hrdlo s metrick\u00fdm p\u0159ipojen\u00edm, na p\u0159\u00e1n\u00ed podle pot\u0159eby p\u0159ipojen\u00ed dal\u0161\u00edho p\u0159\u00edslu\u0161enstv\u00ed tak\u00e9 bajonetov\u00fdm p\u0159ipojen\u00edm. Pou\u017eit\u00ed v oborech\u00a0\u2013\u00a0hum\u00e1nn\u00ed a veterin\u00e1rn\u00ed medic\u00edna, v\u00fdzkum, metalurgie, stroj\u00edrenstv\u00ed, stroj\u00edrensk\u00e9 oprav\u00e1renstv\u00ed, energetika, elektrotechnika, vodohospod\u00e1\u0159stv\u00ed atd.","twitter_image":"http:\/\/www.cryometal.cz\/wp-content\/uploads\/2020\/04\/dewarovenadoby-1024x3171-1.jpg","schema":{"@context":"https:\/\/schema.org","@graph":[{"@type":"WebPage","@id":"https:\/\/www.cryometal.cz\/dewarovy-nadoby\/","url":"https:\/\/www.cryometal.cz\/dewarovy-nadoby\/","name":"Dewarovy n\u00e1doby - Cryometal","isPartOf":{"@id":"https:\/\/www.cryometal.cz\/#website"},"primaryImageOfPage":{"@id":"https:\/\/www.cryometal.cz\/dewarovy-nadoby\/#primaryimage"},"image":{"@id":"https:\/\/www.cryometal.cz\/dewarovy-nadoby\/#primaryimage"},"thumbnailUrl":"http:\/\/www.cryometal.cz\/wp-content\/uploads\/2020\/04\/dewarovenadoby-1024x3171-1.jpg","datePublished":"2019-12-04T23:09:59+00:00","dateModified":"2026-04-30T10:05:01+00:00","breadcrumb":{"@id":"https:\/\/www.cryometal.cz\/dewarovy-nadoby\/#breadcrumb"},"inLanguage":"en-GB","potentialAction":[{"@type":"ReadAction","target":["https:\/\/www.cryometal.cz\/dewarovy-nadoby\/"]}]},{"@type":"ImageObject","inLanguage":"en-GB","@id":"https:\/\/www.cryometal.cz\/dewarovy-nadoby\/#primaryimage","url":"http:\/\/www.cryometal.cz\/wp-content\/uploads\/2020\/04\/dewarovenadoby-1024x3171-1.jpg","contentUrl":"http:\/\/www.cryometal.cz\/wp-content\/uploads\/2020\/04\/dewarovenadoby-1024x3171-1.jpg"},{"@type":"BreadcrumbList","@id":"https:\/\/www.cryometal.cz\/dewarovy-nadoby\/#breadcrumb","itemListElement":[{"@type":"ListItem","position":1,"name":"Dom\u016f","item":"https:\/\/www.cryometal.cz\/"},{"@type":"ListItem","position":2,"name":"Dewarovy n\u00e1doby"}]},{"@type":"WebSite","@id":"https:\/\/www.cryometal.cz\/#website","url":"https:\/\/www.cryometal.cz\/","name":"Cryometal","description":"","publisher":{"@id":"https:\/\/www.cryometal.cz\/#organization"},"potentialAction":[{"@type":"SearchAction","target":{"@type":"EntryPoint","urlTemplate":"https:\/\/www.cryometal.cz\/?s={search_term_string}"},"query-input":{"@type":"PropertyValueSpecification","valueRequired":true,"valueName":"search_term_string"}}],"inLanguage":"en-GB"},{"@type":"Organization","@id":"https:\/\/www.cryometal.cz\/#organization","name":"Cryometal s.r.o.","url":"https:\/\/www.cryometal.cz\/","logo":{"@type":"ImageObject","inLanguage":"en-GB","@id":"https:\/\/www.cryometal.cz\/#\/schema\/logo\/image\/","url":"https:\/\/www.cryometal.cz\/wp-content\/uploads\/2020\/04\/logo2_transparent-e1588170436895.png","contentUrl":"https:\/\/www.cryometal.cz\/wp-content\/uploads\/2020\/04\/logo2_transparent-e1588170436895.png","width":210,"height":57,"caption":"Cryometal s.r.o."},"image":{"@id":"https:\/\/www.cryometal.cz\/#\/schema\/logo\/image\/"},"sameAs":["https:\/\/www.facebook.com\/people\/Cryometal\/100085547590674\/"]}]}},"builder_content":"<h1>Dewarovy n\u00e1doby<\/h1>\n\n<img src=\"https:\/\/www.cryometal.cz\/wp-content\/uploads\/2026\/04\/KLaLAB.jpg\" title=\"KLaLAB\" alt=\"KLaLAB\" srcset=\"https:\/\/www.cryometal.cz\/wp-content\/uploads\/2026\/04\/KLaLAB.jpg 800w, https:\/\/www.cryometal.cz\/wp-content\/uploads\/2026\/04\/KLaLAB-300x225.jpg 300w, https:\/\/www.cryometal.cz\/wp-content\/uploads\/2026\/04\/KLaLAB-768x576.jpg 768w\" sizes=\"(max-width: 800px) 100vw, 800px\" \/>\n<p>Z\u00e1sobn\u00edky kapaln\u00e9ho dus\u00edku jsou hlin\u00edkov\u00e9 konstrukce s maxim\u00e1ln\u00edm p\u0159etlakem 0,05 MPa<\/p> <p>\u0158ada LAB m\u00e1 hladk\u00e9 hrdlo 50mm a\u017e 216 mm a je snadno p\u0159izp\u016fsobiteln\u00e1 pro p\u0159ipojen\u00ed dal\u0161\u00edho p\u0159\u00edslu\u0161enstv\u00ed.<\/p> <p>\u0158ady KL a PL maj\u00ed hrdlo s metrick\u00fdm p\u0159ipojen\u00edm, na p\u0159\u00e1n\u00ed podle pot\u0159eby p\u0159ipojen\u00ed dal\u0161\u00edho p\u0159\u00edslu\u0161enstv\u00ed tak\u00e9 bajonetov\u00fdm p\u0159ipojen\u00edm.<\/p>\n<p><strong>Pou\u017eit\u00ed v oborech<\/strong>\u00a0\u2013\u00a0<em>hum\u00e1nn\u00ed a veterin\u00e1rn\u00ed medic\u00edna, v\u00fdzkum<\/em>, metalurgie, stroj\u00edrenstv\u00ed, stroj\u00edrensk\u00e9 oprav\u00e1renstv\u00ed, energetika, elektrotechnika, vodohospod\u00e1\u0159stv\u00ed atd.<\/p>\n<img src=\"https:\/\/www.cryometal.cz\/wp-content\/uploads\/2020\/05\/dnschema.jpg\" title=\"DNschema\" alt=\"DNschema\" srcset=\"https:\/\/www.cryometal.cz\/wp-content\/uploads\/2020\/05\/dnschema.jpg 748w, https:\/\/www.cryometal.cz\/wp-content\/uploads\/2020\/05\/dnschema-600x275.jpg 600w, https:\/\/www.cryometal.cz\/wp-content\/uploads\/2020\/05\/dnschema-300x138.jpg 300w\" sizes=\"(max-width: 748px) 100vw, 748px\" \/>","_links":{"self":[{"href":"https:\/\/www.cryometal.cz\/en\/wp-json\/wp\/v2\/pages\/33","targetHints":{"allow":["GET"]}}],"collection":[{"href":"https:\/\/www.cryometal.cz\/en\/wp-json\/wp\/v2\/pages"}],"about":[{"href":"https:\/\/www.cryometal.cz\/en\/wp-json\/wp\/v2\/types\/page"}],"author":[{"embeddable":true,"href":"https:\/\/www.cryometal.cz\/en\/wp-json\/wp\/v2\/users\/1"}],"replies":[{"embeddable":true,"href":"https:\/\/www.cryometal.cz\/en\/wp-json\/wp\/v2\/comments?post=33"}],"version-history":[{"count":13,"href":"https:\/\/www.cryometal.cz\/en\/wp-json\/wp\/v2\/pages\/33\/revisions"}],"predecessor-version":[{"id":1520,"href":"https:\/\/www.cryometal.cz\/en\/wp-json\/wp\/v2\/pages\/33\/revisions\/1520"}],"wp:attachment":[{"href":"https:\/\/www.cryometal.cz\/en\/wp-json\/wp\/v2\/media?parent=33"}],"curies":[{"name":"wp","href":"https:\/\/api.w.org\/{rel}","templated":true}]}}