{"id":276,"date":"2020-05-05T07:40:13","date_gmt":"2020-05-05T06:40:13","guid":{"rendered":"https:\/\/cryometal.wpcomstaging.com\/?page_id=276"},"modified":"2026-04-30T09:12:34","modified_gmt":"2026-04-30T07:12:34","slug":"slevove-akce","status":"publish","type":"page","link":"https:\/\/www.cryometal.cz\/en\/slevove-akce\/","title":{"rendered":"Slevov\u00e9 akce"},"content":{"rendered":"<!--themify_builder_content-->\n<div id=\"themify_builder_content-276\" data-postid=\"276\" class=\"themify_builder_content themify_builder_content-276 themify_builder tf_clear\">\n                    <div  data-lazy=\"1\" class=\"module_row themify_builder_row tb_evrk89 tb_first tf_w\">\n                        <div class=\"row_inner col_align_top tb_col_count_1 tf_box tf_rel\">\n                        <div  data-lazy=\"1\" class=\"module_column tb-column col-full tb_c4x989 first\">\n                    <!-- module text -->\n<div  class=\"module module-text tb_g63d90    tb_gs1080631\" data-lazy=\"1\">\n        <div  class=\"tb_text_wrap\">\n        <h1 class=\"page-title\">Slevov\u00e9 akce<\/h1>    <\/div>\n<\/div>\n<!-- \/module text --><!-- module divider -->\n<div  class=\"module tf_mw module-divider tb_rlmx90 solid  divider-custom divider-left\" style=\"border-width: 3px;border-color: #60ccf7;margin-bottom: 17px;max-width: 188px;\" data-lazy=\"1\">\n    <\/div>\n<!-- \/module divider -->\n<!-- module text -->\n<div  class=\"module module-text tb_xnpv439\" data-lazy=\"1\">\n        <div  class=\"tb_text_wrap\">\n        <div class=\"wp-container-1 wp-block-group alignfull\">\n<div class=\"wp-block-group__inner-container\">\n<div class=\"wp-block-jetpack-layout-grid alignfull column1-desktop-grid__span-8 column1-desktop-grid__start-3 column1-desktop-grid__row-1 column1-tablet-grid__span-8 column1-tablet-grid__row-1 column1-mobile-grid__span-4 column1-mobile-grid__row-1\">\n<div class=\"wp-block-jetpack-layout-grid-column wp-block-jetpack-layout-grid__padding-none\">\n<h4 class=\"has-very-dark-gray-color has-text-color\"><strong>AKCE OBNOVA<\/strong><\/h4>\n<\/div>\n<\/div>\n<figure class=\"wp-block-table is-style-stripes\">\n<table>\n<tbody>\n<tr>\n<td><strong>3000\u00a0<\/strong>K\u010d<\/td>\n<td>z cen\u00edkov\u00e9 ceny bez DPH p\u0159i po\u0159\u00edzen\u00ed z\u00e1sobn\u00edku KL 32, KB 32<br>Poskytnut\u00ed t\u00e9to slevy je podm\u00edn\u011bno vr\u00e1cen\u00edm z\u00e1sobn\u00edku o objemu od cca 30 litr\u016f do cca 50 litr\u016f od jak\u00e9hokoli v\u00fdrobce.<\/td>\n<\/tr>\n<tr>\n<td><strong>1800<\/strong>\u00a0K\u010d<\/td>\n<td>z cen\u00edkov\u00e9 ceny bez DPH p\u0159i po\u0159\u00edzen\u00ed z\u00e1sobn\u00edku KL 20, KB 20<br>Poskytnut\u00ed t\u00e9to slevy je podm\u00edn\u011bno vr\u00e1cen\u00edm z\u00e1sobn\u00edku o objemu od cca 20 litr\u016f do cca 30 litr\u016f od jak\u00e9hokoli v\u00fdrobce.<\/td>\n<\/tr>\n<tr>\n<td><strong>1200\u00a0<\/strong>K\u010d<\/td>\n<td>z cen\u00edkov\u00e9 ceny bez DPH p\u0159i po\u0159\u00edzen\u00ed z\u00e1sobn\u00edku KL 7, KB 7<br>Poskytnut\u00ed t\u00e9to slevy je podm\u00edn\u011bno vr\u00e1cen\u00edm z\u00e1sobn\u00edku o objemu od cca 5 litr\u016f do cca 10 litr\u016f od jak\u00e9hokoli v\u00fdrobce<\/td>\n<\/tr>\n<\/tbody>\n<\/table>\n<figcaption><br><br><\/figcaption>\n<\/figure>\n<h4 class=\"has-text-align-center\">NAB\u00cdDKA OBNOVY Z\u00c1SOBN\u00cdK\u016e<\/h4>\n<p>Nab\u00edz\u00edme ekonomicky a ekologicky v\u00fdhodnou obnovu Va\u0161ich technicky zastaral\u00fdch a opot\u0159ebovan\u00fdch z\u00e1sobn\u00edk\u016f na kapaln\u00fd dus\u00edk a t\u00edmto dos\u00e1hnete:<\/p>\n<figure class=\"wp-block-table is-style-stripes\">\n<table>\n<tbody>\n<tr>\n<td>\u2013 sn\u00ed\u017een\u00ed provozn\u00edch n\u00e1klad\u016f p\u0159i manipulaci s kapaln\u00fdm dus\u00edkem po\u0159\u00edzen\u00edm kontejner\u016f inovovan\u00e9 \u0159ady (typy KL 7, KL 20, KL 32, KB 7, KB 20, KB 32) dos\u00e1hnete \u00faspory provozn\u00edch n\u00e1klad\u016f a\u017e 70 % ro\u010dn\u011b<\/td>\n<\/tr>\n<tr>\n<td>\u2013 sn\u00ed\u017een\u00ed po\u0159izovac\u00edch n\u00e1klad\u016f na n\u00e1kup nov\u00fdch z\u00e1sobn\u00edk\u016f (viz akce OBNOVA)<\/td>\n<\/tr>\n<tr>\n<td>\u2013 ekologickou likvidaci technicky zastaral\u00fdch \u017elut\u00fdch, modr\u00fdch a st\u0159\u00edbrn\u00fdch z\u00e1sobn\u00edk\u016f na kapaln\u00fd dus\u00edk z\u00a0na\u0161\u00ed produkce a z produkce i jin\u00fdch sv\u011btov\u00fdch v\u00fdrobc\u016f<\/td>\n<\/tr>\n<\/tbody>\n<\/table>\n<\/figure>\n<\/div>\n<\/div>\n<div class=\"wp-block-jetpack-layout-grid alignfull column1-desktop-grid__span-8 column1-desktop-grid__start-3 column1-desktop-grid__row-1 column1-tablet-grid__span-8 column1-tablet-grid__row-1 column1-mobile-grid__span-4 column1-mobile-grid__row-1\">\n<div class=\"wp-block-jetpack-layout-grid-column wp-block-jetpack-layout-grid__padding-none\">\n<h4 class=\"has-very-dark-gray-color has-text-color\">MIMO\u0158\u00c1DN\u00c1 SLEVA 10 % NA Z\u00c1SOBN\u00cdKY PL11 DO 31.5.2022<\/h4>\n<\/div>\n<\/div>\n<figure class=\"wp-block-table is-style-stripes\">\n<table>\n<tbody>\n<tr>\n<td>\u00a0<\/td>\n<td>N\u00e1doby PL11 jsou vhodn\u00e9 pro transport a skladov\u00e1n\u00ed kapaln\u00e9ho dus\u00edku. D\u00edky tvaru jsou vhodn\u00e9 pro jednoduchou manipulaci v laborato\u0159\u00edch a ordinac\u00edch.<\/td>\n<\/tr>\n<tr>\n<td>\u00a0<\/td>\n<td>\n<div class=\"wp-container-1 wp-block-group alignfull\">\n<div class=\"wp-block-group__inner-container\">\n<div class=\"wp-block-jetpack-layout-grid alignfull column1-desktop-grid__span-8 column1-desktop-grid__start-3 column1-desktop-grid__row-1 column1-tablet-grid__span-8 column1-tablet-grid__row-1 column1-mobile-grid__span-4 column1-mobile-grid__row-1\">\n<div class=\"wp-block-jetpack-layout-grid-column wp-block-jetpack-layout-grid__padding-none\">\n<h4 class=\"has-very-dark-gray-color has-text-color\"><strong>AKCE OBNOVA<\/strong><\/h4>\n<\/div>\n<\/div>\n<figure class=\"wp-block-table is-style-stripes\">\n<table>\n<tbody>\n<tr>\n<td><strong>3000\u00a0<\/strong>K\u010d<\/td>\n<td>z cen\u00edkov\u00e9 ceny bez DPH p\u0159i po\u0159\u00edzen\u00ed z\u00e1sobn\u00edku KL 32, KB 32<br>Poskytnut\u00ed t\u00e9to slevy je podm\u00edn\u011bno vr\u00e1cen\u00edm z\u00e1sobn\u00edku o objemu od cca 30 litr\u016f do cca 50 litr\u016f od jak\u00e9hokoli v\u00fdrobce.<\/td>\n<\/tr>\n<tr>\n<td><strong>1800<\/strong>\u00a0K\u010d<\/td>\n<td>z cen\u00edkov\u00e9 ceny bez DPH p\u0159i po\u0159\u00edzen\u00ed z\u00e1sobn\u00edku KL 20, KB 20<br>Poskytnut\u00ed t\u00e9to slevy je podm\u00edn\u011bno vr\u00e1cen\u00edm z\u00e1sobn\u00edku o objemu od cca 20 litr\u016f do cca 30 litr\u016f od jak\u00e9hokoli v\u00fdrobce.<\/td>\n<\/tr>\n<tr>\n<td><strong>1200\u00a0<\/strong>K\u010d<\/td>\n<td>z cen\u00edkov\u00e9 ceny bez DPH p\u0159i po\u0159\u00edzen\u00ed z\u00e1sobn\u00edku KL 7, KB 7<br>Poskytnut\u00ed t\u00e9to slevy je podm\u00edn\u011bno vr\u00e1cen\u00edm z\u00e1sobn\u00edku o objemu od cca 5 litr\u016f do cca 10 litr\u016f od jak\u00e9hokoli v\u00fdrobce<\/td>\n<\/tr>\n<\/tbody>\n<\/table>\n<figcaption><br><br><\/figcaption>\n<\/figure>\n<h4 class=\"has-text-align-center\">NAB\u00cdDKA OBNOVY Z\u00c1SOBN\u00cdK\u016e<\/h4>\n<p>Nab\u00edz\u00edme ekonomicky a ekologicky v\u00fdhodnou obnovu Va\u0161ich technicky zastaral\u00fdch a opot\u0159ebovan\u00fdch z\u00e1sobn\u00edk\u016f na kapaln\u00fd dus\u00edk a t\u00edmto dos\u00e1hnete:<\/p>\n<figure class=\"wp-block-table is-style-stripes\">\n<table>\n<tbody>\n<tr>\n<td>\u2013 sn\u00ed\u017een\u00ed provozn\u00edch n\u00e1klad\u016f p\u0159i manipulaci s kapaln\u00fdm dus\u00edkem po\u0159\u00edzen\u00edm kontejner\u016f inovovan\u00e9 \u0159ady (typy KL 7, KL 20, KL 32, KB 7, KB 20, KB 32) dos\u00e1hnete \u00faspory provozn\u00edch n\u00e1klad\u016f a\u017e 70 % ro\u010dn\u011b<\/td>\n<\/tr>\n<tr>\n<td>\u2013 sn\u00ed\u017een\u00ed po\u0159izovac\u00edch n\u00e1klad\u016f na n\u00e1kup nov\u00fdch z\u00e1sobn\u00edk\u016f (viz akce OBNOVA)<\/td>\n<\/tr>\n<tr>\n<td>\u2013 ekologickou likvidaci technicky zastaral\u00fdch \u017elut\u00fdch, modr\u00fdch a st\u0159\u00edbrn\u00fdch z\u00e1sobn\u00edk\u016f na kapaln\u00fd dus\u00edk z\u00a0na\u0161\u00ed produkce a z produkce i jin\u00fdch sv\u011btov\u00fdch v\u00fdrobc\u016f<\/td>\n<\/tr>\n<\/tbody>\n<\/table>\n<\/figure>\n<\/div>\n<\/div>\n<div class=\"wp-block-jetpack-layout-grid alignfull column1-desktop-grid__span-8 column1-desktop-grid__start-3 column1-desktop-grid__row-1 column1-tablet-grid__span-8 column1-tablet-grid__row-1 column1-mobile-grid__span-4 column1-mobile-grid__row-1\">\n<div class=\"wp-block-jetpack-layout-grid-column wp-block-jetpack-layout-grid__padding-none\">\n<h4 class=\"has-very-dark-gray-color has-text-color\">MIMO\u0158\u00c1DN\u00c1 SLEVA 10 % NA Z\u00c1SOBN\u00cdKY PL11 DO 31.5.2022<\/h4>\n<\/div>\n<\/div>\n<figure class=\"wp-block-table is-style-stripes\">\n<table>\n<tbody>\n<tr>\n<td>\u00a0<\/td>\n<td>N\u00e1doby PL11 jsou vhodn\u00e9 pro transport a skladov\u00e1n\u00ed kapaln\u00e9ho dus\u00edku. D\u00edky tvaru jsou vhodn\u00e9 pro jednoduchou manipulaci v laborato\u0159\u00edch a ordinac\u00edch.<\/td>\n<\/tr>\n<tr>\n<td>\u00a0<\/td>\n<td>\u00a0<\/td>\n<\/tr>\n<\/tbody>\n<\/table>\n<\/figure>\n<\/td>\n<\/tr>\n<\/tbody>\n<\/table>\n<\/figure>    <\/div>\n<\/div>\n<!-- \/module text -->        <\/div>\n                        <\/div>\n        <\/div>\n        <\/div>\n<!--\/themify_builder_content-->\r\n<p><\/p>","protected":false},"excerpt":{"rendered":"<p>Slevov\u00e9 akce AKCE OBNOVA 3000\u00a0K\u010d z cen\u00edkov\u00e9 ceny bez DPH p\u0159i po\u0159\u00edzen\u00ed z\u00e1sobn\u00edku KL 32, KB 32Poskytnut\u00ed t\u00e9to slevy je podm\u00edn\u011bno vr\u00e1cen\u00edm z\u00e1sobn\u00edku o objemu od cca 30 litr\u016f do cca 50 litr\u016f od jak\u00e9hokoli v\u00fdrobce. 1800\u00a0K\u010d z cen\u00edkov\u00e9 ceny bez DPH p\u0159i po\u0159\u00edzen\u00ed z\u00e1sobn\u00edku KL 20, KB 20Poskytnut\u00ed t\u00e9to slevy je podm\u00edn\u011bno vr\u00e1cen\u00edm z\u00e1sobn\u00edku [&hellip;]<\/p>\n","protected":false},"author":1,"featured_media":0,"parent":0,"menu_order":1,"comment_status":"closed","ping_status":"closed","template":"","meta":{"footnotes":""},"class_list":["post-276","page","type-page","status-publish","hentry","has-post-title","has-post-date","has-post-category","has-post-tag","has-post-comment","has-post-author",""],"yoast_head":"<!-- This site is optimized with the Yoast SEO plugin v27.5 - https:\/\/yoast.com\/product\/yoast-seo-wordpress\/ -->\n<title>Slevov\u00e9 akce - Cryometal<\/title>\n<meta name=\"robots\" content=\"index, follow, max-snippet:-1, max-image-preview:large, max-video-preview:-1\" \/>\n<link rel=\"canonical\" href=\"https:\/\/www.cryometal.cz\/en\/slevove-akce\/\" \/>\n<meta name=\"twitter:card\" content=\"summary_large_image\" \/>\n<meta name=\"twitter:title\" content=\"Slevov\u00e9 akce - Cryometal\" \/>\n<meta name=\"twitter:description\" content=\"Slevov\u00e9 akce AKCE OBNOVA 3000\u00a0K\u010d z cen\u00edkov\u00e9 ceny bez DPH p\u0159i po\u0159\u00edzen\u00ed z\u00e1sobn\u00edku KL 32, KB 32Poskytnut\u00ed t\u00e9to slevy je podm\u00edn\u011bno vr\u00e1cen\u00edm z\u00e1sobn\u00edku o objemu od cca 30 litr\u016f do cca 50 litr\u016f od jak\u00e9hokoli v\u00fdrobce. 1800\u00a0K\u010d z cen\u00edkov\u00e9 ceny bez DPH p\u0159i po\u0159\u00edzen\u00ed z\u00e1sobn\u00edku KL 20, KB 20Poskytnut\u00ed t\u00e9to slevy je podm\u00edn\u011bno vr\u00e1cen\u00edm z\u00e1sobn\u00edku [&hellip;]\" \/>\n<script type=\"application\/ld+json\" class=\"yoast-schema-graph\">{\"@context\":\"https:\\\/\\\/schema.org\",\"@graph\":[{\"@type\":\"WebPage\",\"@id\":\"https:\\\/\\\/www.cryometal.cz\\\/slevove-akce\\\/\",\"url\":\"https:\\\/\\\/www.cryometal.cz\\\/slevove-akce\\\/\",\"name\":\"Slevov\u00e9 akce - Cryometal\",\"isPartOf\":{\"@id\":\"https:\\\/\\\/www.cryometal.cz\\\/#website\"},\"datePublished\":\"2020-05-05T06:40:13+00:00\",\"dateModified\":\"2026-04-30T07:12:34+00:00\",\"breadcrumb\":{\"@id\":\"https:\\\/\\\/www.cryometal.cz\\\/slevove-akce\\\/#breadcrumb\"},\"inLanguage\":\"en-GB\",\"potentialAction\":[{\"@type\":\"ReadAction\",\"target\":[\"https:\\\/\\\/www.cryometal.cz\\\/slevove-akce\\\/\"]}]},{\"@type\":\"BreadcrumbList\",\"@id\":\"https:\\\/\\\/www.cryometal.cz\\\/slevove-akce\\\/#breadcrumb\",\"itemListElement\":[{\"@type\":\"ListItem\",\"position\":1,\"name\":\"Dom\u016f\",\"item\":\"https:\\\/\\\/www.cryometal.cz\\\/\"},{\"@type\":\"ListItem\",\"position\":2,\"name\":\"Slevov\u00e9 akce\"}]},{\"@type\":\"WebSite\",\"@id\":\"https:\\\/\\\/www.cryometal.cz\\\/#website\",\"url\":\"https:\\\/\\\/www.cryometal.cz\\\/\",\"name\":\"Cryometal\",\"description\":\"\",\"publisher\":{\"@id\":\"https:\\\/\\\/www.cryometal.cz\\\/#organization\"},\"potentialAction\":[{\"@type\":\"SearchAction\",\"target\":{\"@type\":\"EntryPoint\",\"urlTemplate\":\"https:\\\/\\\/www.cryometal.cz\\\/?s={search_term_string}\"},\"query-input\":{\"@type\":\"PropertyValueSpecification\",\"valueRequired\":true,\"valueName\":\"search_term_string\"}}],\"inLanguage\":\"en-GB\"},{\"@type\":\"Organization\",\"@id\":\"https:\\\/\\\/www.cryometal.cz\\\/#organization\",\"name\":\"Cryometal s.r.o.\",\"url\":\"https:\\\/\\\/www.cryometal.cz\\\/\",\"logo\":{\"@type\":\"ImageObject\",\"inLanguage\":\"en-GB\",\"@id\":\"https:\\\/\\\/www.cryometal.cz\\\/#\\\/schema\\\/logo\\\/image\\\/\",\"url\":\"https:\\\/\\\/www.cryometal.cz\\\/wp-content\\\/uploads\\\/2020\\\/04\\\/logo2_transparent-e1588170436895.png\",\"contentUrl\":\"https:\\\/\\\/www.cryometal.cz\\\/wp-content\\\/uploads\\\/2020\\\/04\\\/logo2_transparent-e1588170436895.png\",\"width\":210,\"height\":57,\"caption\":\"Cryometal s.r.o.\"},\"image\":{\"@id\":\"https:\\\/\\\/www.cryometal.cz\\\/#\\\/schema\\\/logo\\\/image\\\/\"},\"sameAs\":[\"https:\\\/\\\/www.facebook.com\\\/people\\\/Cryometal\\\/100085547590674\\\/\"]}]}<\/script>\n<!-- \/ Yoast SEO plugin. -->","yoast_head_json":{"title":"Slevov\u00e9 akce - Cryometal","robots":{"index":"index","follow":"follow","max-snippet":"max-snippet:-1","max-image-preview":"max-image-preview:large","max-video-preview":"max-video-preview:-1"},"canonical":"https:\/\/www.cryometal.cz\/en\/slevove-akce\/","twitter_card":"summary_large_image","twitter_title":"Slevov\u00e9 akce - Cryometal","twitter_description":"Slevov\u00e9 akce AKCE OBNOVA 3000\u00a0K\u010d z cen\u00edkov\u00e9 ceny bez DPH p\u0159i po\u0159\u00edzen\u00ed z\u00e1sobn\u00edku KL 32, KB 32Poskytnut\u00ed t\u00e9to slevy je podm\u00edn\u011bno vr\u00e1cen\u00edm z\u00e1sobn\u00edku o objemu od cca 30 litr\u016f do cca 50 litr\u016f od jak\u00e9hokoli v\u00fdrobce. 1800\u00a0K\u010d z cen\u00edkov\u00e9 ceny bez DPH p\u0159i po\u0159\u00edzen\u00ed z\u00e1sobn\u00edku KL 20, KB 20Poskytnut\u00ed t\u00e9to slevy je podm\u00edn\u011bno vr\u00e1cen\u00edm z\u00e1sobn\u00edku [&hellip;]","schema":{"@context":"https:\/\/schema.org","@graph":[{"@type":"WebPage","@id":"https:\/\/www.cryometal.cz\/slevove-akce\/","url":"https:\/\/www.cryometal.cz\/slevove-akce\/","name":"Slevov\u00e9 akce - Cryometal","isPartOf":{"@id":"https:\/\/www.cryometal.cz\/#website"},"datePublished":"2020-05-05T06:40:13+00:00","dateModified":"2026-04-30T07:12:34+00:00","breadcrumb":{"@id":"https:\/\/www.cryometal.cz\/slevove-akce\/#breadcrumb"},"inLanguage":"en-GB","potentialAction":[{"@type":"ReadAction","target":["https:\/\/www.cryometal.cz\/slevove-akce\/"]}]},{"@type":"BreadcrumbList","@id":"https:\/\/www.cryometal.cz\/slevove-akce\/#breadcrumb","itemListElement":[{"@type":"ListItem","position":1,"name":"Dom\u016f","item":"https:\/\/www.cryometal.cz\/"},{"@type":"ListItem","position":2,"name":"Slevov\u00e9 akce"}]},{"@type":"WebSite","@id":"https:\/\/www.cryometal.cz\/#website","url":"https:\/\/www.cryometal.cz\/","name":"Cryometal","description":"","publisher":{"@id":"https:\/\/www.cryometal.cz\/#organization"},"potentialAction":[{"@type":"SearchAction","target":{"@type":"EntryPoint","urlTemplate":"https:\/\/www.cryometal.cz\/?s={search_term_string}"},"query-input":{"@type":"PropertyValueSpecification","valueRequired":true,"valueName":"search_term_string"}}],"inLanguage":"en-GB"},{"@type":"Organization","@id":"https:\/\/www.cryometal.cz\/#organization","name":"Cryometal s.r.o.","url":"https:\/\/www.cryometal.cz\/","logo":{"@type":"ImageObject","inLanguage":"en-GB","@id":"https:\/\/www.cryometal.cz\/#\/schema\/logo\/image\/","url":"https:\/\/www.cryometal.cz\/wp-content\/uploads\/2020\/04\/logo2_transparent-e1588170436895.png","contentUrl":"https:\/\/www.cryometal.cz\/wp-content\/uploads\/2020\/04\/logo2_transparent-e1588170436895.png","width":210,"height":57,"caption":"Cryometal s.r.o."},"image":{"@id":"https:\/\/www.cryometal.cz\/#\/schema\/logo\/image\/"},"sameAs":["https:\/\/www.facebook.com\/people\/Cryometal\/100085547590674\/"]}]}},"builder_content":"<h1>Slevov\u00e9 akce<\/h1>\n\n<h4><strong>AKCE OBNOVA<\/strong><\/h4>\n<figure> <table> <tbody> <tr> <td><strong>3000\u00a0<\/strong>K\u010d<\/td> <td>z cen\u00edkov\u00e9 ceny bez DPH p\u0159i po\u0159\u00edzen\u00ed z\u00e1sobn\u00edku KL 32, KB 32<br>Poskytnut\u00ed t\u00e9to slevy je podm\u00edn\u011bno vr\u00e1cen\u00edm z\u00e1sobn\u00edku o objemu od cca 30 litr\u016f do cca 50 litr\u016f od jak\u00e9hokoli v\u00fdrobce.<\/td> <\/tr> <tr> <td><strong>1800<\/strong>\u00a0K\u010d<\/td> <td>z cen\u00edkov\u00e9 ceny bez DPH p\u0159i po\u0159\u00edzen\u00ed z\u00e1sobn\u00edku KL 20, KB 20<br>Poskytnut\u00ed t\u00e9to slevy je podm\u00edn\u011bno vr\u00e1cen\u00edm z\u00e1sobn\u00edku o objemu od cca 20 litr\u016f do cca 30 litr\u016f od jak\u00e9hokoli v\u00fdrobce.<\/td> <\/tr> <tr> <td><strong>1200\u00a0<\/strong>K\u010d<\/td> <td>z cen\u00edkov\u00e9 ceny bez DPH p\u0159i po\u0159\u00edzen\u00ed z\u00e1sobn\u00edku KL 7, KB 7<br>Poskytnut\u00ed t\u00e9to slevy je podm\u00edn\u011bno vr\u00e1cen\u00edm z\u00e1sobn\u00edku o objemu od cca 5 litr\u016f do cca 10 litr\u016f od jak\u00e9hokoli v\u00fdrobce<\/td> <\/tr> <\/tbody> <\/table> <figcaption><br><br><\/figcaption> <\/figure> <h4>NAB\u00cdDKA OBNOVY Z\u00c1SOBN\u00cdK\u016e<\/h4> <p>Nab\u00edz\u00edme ekonomicky a ekologicky v\u00fdhodnou obnovu Va\u0161ich technicky zastaral\u00fdch a opot\u0159ebovan\u00fdch z\u00e1sobn\u00edk\u016f na kapaln\u00fd dus\u00edk a t\u00edmto dos\u00e1hnete:<\/p> <figure> <table> <tbody> <tr> <td>\u2013 sn\u00ed\u017een\u00ed provozn\u00edch n\u00e1klad\u016f p\u0159i manipulaci s kapaln\u00fdm dus\u00edkem po\u0159\u00edzen\u00edm kontejner\u016f inovovan\u00e9 \u0159ady (typy KL 7, KL 20, KL 32, KB 7, KB 20, KB 32) dos\u00e1hnete \u00faspory provozn\u00edch n\u00e1klad\u016f a\u017e 70 % ro\u010dn\u011b<\/td> <\/tr> <tr> <td>\u2013 sn\u00ed\u017een\u00ed po\u0159izovac\u00edch n\u00e1klad\u016f na n\u00e1kup nov\u00fdch z\u00e1sobn\u00edk\u016f (viz akce OBNOVA)<\/td> <\/tr> <tr> <td>\u2013 ekologickou likvidaci technicky zastaral\u00fdch \u017elut\u00fdch, modr\u00fdch a st\u0159\u00edbrn\u00fdch z\u00e1sobn\u00edk\u016f na kapaln\u00fd dus\u00edk z\u00a0na\u0161\u00ed produkce a z produkce i jin\u00fdch sv\u011btov\u00fdch v\u00fdrobc\u016f<\/td> <\/tr> <\/tbody> <\/table> <\/figure>\n<h4>MIMO\u0158\u00c1DN\u00c1 SLEVA 10 % NA Z\u00c1SOBN\u00cdKY PL11 DO 31.5.2022<\/h4>\n<figure> <table> <tbody> <tr> <td>\u00a0<\/td> <td>N\u00e1doby PL11 jsou vhodn\u00e9 pro transport a skladov\u00e1n\u00ed kapaln\u00e9ho dus\u00edku. D\u00edky tvaru jsou vhodn\u00e9 pro jednoduchou manipulaci v laborato\u0159\u00edch a ordinac\u00edch.<\/td> <\/tr> <tr> <td>\u00a0<\/td> <td>\n<h4><strong>AKCE OBNOVA<\/strong><\/h4>\n<figure> <table> <tbody> <tr> <td><strong>3000\u00a0<\/strong>K\u010d<\/td> <td>z cen\u00edkov\u00e9 ceny bez DPH p\u0159i po\u0159\u00edzen\u00ed z\u00e1sobn\u00edku KL 32, KB 32<br>Poskytnut\u00ed t\u00e9to slevy je podm\u00edn\u011bno vr\u00e1cen\u00edm z\u00e1sobn\u00edku o objemu od cca 30 litr\u016f do cca 50 litr\u016f od jak\u00e9hokoli v\u00fdrobce.<\/td> <\/tr> <tr> <td><strong>1800<\/strong>\u00a0K\u010d<\/td> <td>z cen\u00edkov\u00e9 ceny bez DPH p\u0159i po\u0159\u00edzen\u00ed z\u00e1sobn\u00edku KL 20, KB 20<br>Poskytnut\u00ed t\u00e9to slevy je podm\u00edn\u011bno vr\u00e1cen\u00edm z\u00e1sobn\u00edku o objemu od cca 20 litr\u016f do cca 30 litr\u016f od jak\u00e9hokoli v\u00fdrobce.<\/td> <\/tr> <tr> <td><strong>1200\u00a0<\/strong>K\u010d<\/td> <td>z cen\u00edkov\u00e9 ceny bez DPH p\u0159i po\u0159\u00edzen\u00ed z\u00e1sobn\u00edku KL 7, KB 7<br>Poskytnut\u00ed t\u00e9to slevy je podm\u00edn\u011bno vr\u00e1cen\u00edm z\u00e1sobn\u00edku o objemu od cca 5 litr\u016f do cca 10 litr\u016f od jak\u00e9hokoli v\u00fdrobce<\/td> <\/tr> <\/tbody> <\/table> <figcaption><br><br><\/figcaption> <\/figure> <h4>NAB\u00cdDKA OBNOVY Z\u00c1SOBN\u00cdK\u016e<\/h4> <p>Nab\u00edz\u00edme ekonomicky a ekologicky v\u00fdhodnou obnovu Va\u0161ich technicky zastaral\u00fdch a opot\u0159ebovan\u00fdch z\u00e1sobn\u00edk\u016f na kapaln\u00fd dus\u00edk a t\u00edmto dos\u00e1hnete:<\/p> <figure> <table> <tbody> <tr> <td>\u2013 sn\u00ed\u017een\u00ed provozn\u00edch n\u00e1klad\u016f p\u0159i manipulaci s kapaln\u00fdm dus\u00edkem po\u0159\u00edzen\u00edm kontejner\u016f inovovan\u00e9 \u0159ady (typy KL 7, KL 20, KL 32, KB 7, KB 20, KB 32) dos\u00e1hnete \u00faspory provozn\u00edch n\u00e1klad\u016f a\u017e 70 % ro\u010dn\u011b<\/td> <\/tr> <tr> <td>\u2013 sn\u00ed\u017een\u00ed po\u0159izovac\u00edch n\u00e1klad\u016f na n\u00e1kup nov\u00fdch z\u00e1sobn\u00edk\u016f (viz akce OBNOVA)<\/td> <\/tr> <tr> <td>\u2013 ekologickou likvidaci technicky zastaral\u00fdch \u017elut\u00fdch, modr\u00fdch a st\u0159\u00edbrn\u00fdch z\u00e1sobn\u00edk\u016f na kapaln\u00fd dus\u00edk z\u00a0na\u0161\u00ed produkce a z produkce i jin\u00fdch sv\u011btov\u00fdch v\u00fdrobc\u016f<\/td> <\/tr> <\/tbody> <\/table> <\/figure>\n<h4>MIMO\u0158\u00c1DN\u00c1 SLEVA 10 % NA Z\u00c1SOBN\u00cdKY PL11 DO 31.5.2022<\/h4>\n<figure> <table> <tbody> <tr> <td>\u00a0<\/td> <td>N\u00e1doby PL11 jsou vhodn\u00e9 pro transport a skladov\u00e1n\u00ed kapaln\u00e9ho dus\u00edku. D\u00edky tvaru jsou vhodn\u00e9 pro jednoduchou manipulaci v laborato\u0159\u00edch a ordinac\u00edch.<\/td> <\/tr> <tr> <td>\u00a0<\/td> <td>\u00a0<\/td> <\/tr> <\/tbody> <\/table> <\/figure> <\/td> <\/tr> <\/tbody> <\/table> <\/figure>","_links":{"self":[{"href":"https:\/\/www.cryometal.cz\/en\/wp-json\/wp\/v2\/pages\/276","targetHints":{"allow":["GET"]}}],"collection":[{"href":"https:\/\/www.cryometal.cz\/en\/wp-json\/wp\/v2\/pages"}],"about":[{"href":"https:\/\/www.cryometal.cz\/en\/wp-json\/wp\/v2\/types\/page"}],"author":[{"embeddable":true,"href":"https:\/\/www.cryometal.cz\/en\/wp-json\/wp\/v2\/users\/1"}],"replies":[{"embeddable":true,"href":"https:\/\/www.cryometal.cz\/en\/wp-json\/wp\/v2\/comments?post=276"}],"version-history":[{"count":9,"href":"https:\/\/www.cryometal.cz\/en\/wp-json\/wp\/v2\/pages\/276\/revisions"}],"predecessor-version":[{"id":1471,"href":"https:\/\/www.cryometal.cz\/en\/wp-json\/wp\/v2\/pages\/276\/revisions\/1471"}],"wp:attachment":[{"href":"https:\/\/www.cryometal.cz\/en\/wp-json\/wp\/v2\/media?parent=276"}],"curies":[{"name":"wp","href":"https:\/\/api.w.org\/{rel}","templated":true}]}}