{"id":253,"date":"2020-05-04T10:21:26","date_gmt":"2020-05-04T09:21:26","guid":{"rendered":"https:\/\/cryometal.wpcomstaging.com\/?page_id=253"},"modified":"2026-04-30T09:12:00","modified_gmt":"2026-04-30T07:12:00","slug":"stranka-1","status":"publish","type":"page","link":"https:\/\/www.cryometal.cz\/en\/stranka-1\/","title":{"rendered":"O n\u00e1s"},"content":{"rendered":"<!--themify_builder_content-->\n<div id=\"themify_builder_content-253\" data-postid=\"253\" class=\"themify_builder_content themify_builder_content-253 themify_builder tf_clear\">\n                    <div  data-lazy=\"1\" class=\"module_row themify_builder_row tb_xz4q87 tb_first tf_w\">\n                        <div class=\"row_inner col_align_top tb_col_count_1 tf_box tf_rel\">\n                        <div  data-lazy=\"1\" class=\"module_column tb-column col-full tb_jy1f87 first\">\n                    <!-- module text -->\n<div  class=\"module module-text tb_map487    tb_gs1080631\" data-lazy=\"1\">\n        <div  class=\"tb_text_wrap\">\n        <h1 class=\"page-title\">O n\u00e1s<\/h1>    <\/div>\n<\/div>\n<!-- \/module text --><!-- module divider -->\n<div  class=\"module tf_mw module-divider tb_5ksq88 solid  divider-custom divider-left\" style=\"border-width: 3px;border-color: #60ccf7;margin-bottom: 17px;max-width: 94px;\" data-lazy=\"1\">\n    <\/div>\n<!-- \/module divider -->\n<!-- module text -->\n<div  class=\"module module-text tb_8yk5958\" data-lazy=\"1\">\n        <div  class=\"tb_text_wrap\">\n        <p>Firma <strong>Cryometal s.r.o<\/strong>. vznikla v roce <b>1997<\/b> privatizac\u00ed \u010d\u00e1sti STS \u0158\u00ed\u010dany. Programov\u011b nav\u00e1zala p\u0159edev\u0161\u00edm na v\u00edce ne\u017e <b>30-ti letou tradici v\u00fdroby<\/b> kryogenn\u00ed techniky, kter\u00e1 se stala nosn\u00fdm prvkem aktivit spole\u010dnosti. Tento program je nad\u00e1le rozv\u00edjen a dopl\u0148ov\u00e1n s vyu\u017eit\u00edm vlastn\u00ed know-how i ve spolupr\u00e1ci s <b>p\u0159edn\u00edmi odborn\u00edky v\u011bdeck\u00fdch a v\u00fdzkumn\u00fdch pracovi\u0161\u0165.<\/b> Unik\u00e1tnost v\u00fdroby a technick\u00e1 \u00farove\u0148 v\u00fdrobk\u016f, p\u0159edstavuje v\u00fdrazn\u00fd exportn\u00ed potenci\u00e1l v obchodn\u00edch z\u00e1m\u011brech firmy. U ostatn\u00ed produkce strojn\u011b-z\u00e1me\u010dnick\u00e9ho charakteru se v\u00fdroba postupn\u011b p\u0159ev\u00e1d\u00ed na specializovan\u00e9 \u0159ady malos\u00e9riov\u00e9ho rozsahu. V roce<b> 2001<\/b> se <b>Cryometal s.r.o<\/b>. stal 100% dce\u0159inou spole\u010dnost\u00ed <b>Katres s.r.o<\/b>. a posl\u00e9ze <b>AustRea Invest a.s.<\/b>, kter\u00e1 je sou\u010d\u00e1st\u00ed skupiny <b>Katres.<\/b><\/p>    <\/div>\n<\/div>\n<!-- \/module text --><!-- module gallery -->\n<div  class=\"module gallery module-gallery tb_kadw882 layout-grid\" data-lazy=\"1\">\n    <div class=\"module-gallery-grid\" style=\"--gald:2;--galt:2;--galm:2\">\n            <dl class=\"gallery-item\">\n            <dt class=\"gallery-icon\">\n            <a data-title=\"\" title=\"\" href=\"https:\/\/www.cryometal.cz\/wp-content\/uploads\/2020\/05\/kbrada.jpg\" data-rel=\"tb_kadw882\" class=\"themify_lightbox\"><img loading=\"lazy\" decoding=\"async\" width=\"150\" height=\"150\" src=\"https:\/\/www.cryometal.cz\/wp-content\/uploads\/2020\/05\/kbrada-150x150.jpg\" class=\"wp-post-image wp-image-382\" title=\"KBrada\" alt=\"KBrada\" srcset=\"https:\/\/www.cryometal.cz\/wp-content\/uploads\/2020\/05\/kbrada-150x150.jpg 150w, https:\/\/www.cryometal.cz\/wp-content\/uploads\/2020\/05\/kbrada-100x100.jpg 100w\" sizes=\"auto, (max-width: 150px) 100vw, 150px\" \/><\/a>            <\/dt>\n                    <\/dl>\n            <dl class=\"gallery-item\">\n            <dt class=\"gallery-icon\">\n            <a data-title=\"\" title=\"\" href=\"https:\/\/www.cryometal.cz\/wp-content\/uploads\/2020\/08\/prago2009_web1-1.jpg\" data-rel=\"tb_kadw882\" class=\"themify_lightbox\"><img loading=\"lazy\" decoding=\"async\" width=\"150\" height=\"150\" src=\"https:\/\/www.cryometal.cz\/wp-content\/uploads\/2020\/08\/prago2009_web1-1-150x150.jpg\" class=\"wp-post-image wp-image-573\" title=\"prago2009_web1-1\" alt=\"prago2009_web1-1\" srcset=\"https:\/\/www.cryometal.cz\/wp-content\/uploads\/2020\/08\/prago2009_web1-1-150x150.jpg 150w, https:\/\/www.cryometal.cz\/wp-content\/uploads\/2020\/08\/prago2009_web1-1-100x100.jpg 100w\" sizes=\"auto, (max-width: 150px) 100vw, 150px\" \/><\/a>            <\/dt>\n                    <\/dl>\n            <dl class=\"gallery-item\">\n            <dt class=\"gallery-icon\">\n            <a data-title=\"\" title=\"\" href=\"https:\/\/www.cryometal.cz\/wp-content\/uploads\/2020\/08\/metal-1024x377_0-7.jpg\" data-rel=\"tb_kadw882\" class=\"themify_lightbox\"><img loading=\"lazy\" decoding=\"async\" width=\"150\" height=\"150\" src=\"https:\/\/www.cryometal.cz\/wp-content\/uploads\/2020\/08\/metal-1024x377_0-7-150x150.jpg\" class=\"wp-post-image wp-image-562\" title=\"metal-1024x377_0-7\" alt=\"metal-1024x377_0-7\" srcset=\"https:\/\/www.cryometal.cz\/wp-content\/uploads\/2020\/08\/metal-1024x377_0-7-150x150.jpg 150w, https:\/\/www.cryometal.cz\/wp-content\/uploads\/2020\/08\/metal-1024x377_0-7-100x100.jpg 100w\" sizes=\"auto, (max-width: 150px) 100vw, 150px\" \/><\/a>            <\/dt>\n                    <\/dl>\n            <dl class=\"gallery-item\">\n            <dt class=\"gallery-icon\">\n            <a data-title=\"\" title=\"\" href=\"https:\/\/www.cryometal.cz\/wp-content\/uploads\/2020\/08\/slideshow_6-1.jpg\" data-rel=\"tb_kadw882\" class=\"themify_lightbox\"><img loading=\"lazy\" decoding=\"async\" width=\"150\" height=\"150\" src=\"https:\/\/www.cryometal.cz\/wp-content\/uploads\/2020\/08\/slideshow_6-1-150x150.jpg\" class=\"wp-post-image wp-image-576\" title=\"slideshow_6-1\" alt=\"slideshow_6-1\" srcset=\"https:\/\/www.cryometal.cz\/wp-content\/uploads\/2020\/08\/slideshow_6-1-150x150.jpg 150w, https:\/\/www.cryometal.cz\/wp-content\/uploads\/2020\/08\/slideshow_6-1-100x100.jpg 100w\" sizes=\"auto, (max-width: 150px) 100vw, 150px\" \/><\/a>            <\/dt>\n                    <\/dl>\n    <\/div>\n<\/div>\n<!-- \/module gallery -->        <\/div>\n                        <\/div>\n        <\/div>\n        <\/div>\n<!--\/themify_builder_content-->\r\n<p><\/p>","protected":false},"excerpt":{"rendered":"<p>O n\u00e1s Firma Cryometal s.r.o. vznikla v roce 1997 privatizac\u00ed \u010d\u00e1sti STS \u0158\u00ed\u010dany. Programov\u011b nav\u00e1zala p\u0159edev\u0161\u00edm na v\u00edce ne\u017e 30-ti letou tradici v\u00fdroby kryogenn\u00ed techniky, kter\u00e1 se stala nosn\u00fdm prvkem aktivit spole\u010dnosti. Tento program je nad\u00e1le rozv\u00edjen a dopl\u0148ov\u00e1n s vyu\u017eit\u00edm vlastn\u00ed know-how i ve spolupr\u00e1ci s p\u0159edn\u00edmi odborn\u00edky v\u011bdeck\u00fdch a v\u00fdzkumn\u00fdch pracovi\u0161\u0165. Unik\u00e1tnost v\u00fdroby [&hellip;]<\/p>\n","protected":false},"author":1,"featured_media":0,"parent":0,"menu_order":1,"comment_status":"closed","ping_status":"closed","template":"","meta":{"footnotes":""},"class_list":["post-253","page","type-page","status-publish","hentry","has-post-title","has-post-date","has-post-category","has-post-tag","has-post-comment","has-post-author",""],"yoast_head":"<!-- This site is optimized with the Yoast SEO plugin v27.5 - https:\/\/yoast.com\/product\/yoast-seo-wordpress\/ -->\n<title>O n\u00e1s - Cryometal<\/title>\n<meta name=\"robots\" content=\"index, follow, max-snippet:-1, max-image-preview:large, max-video-preview:-1\" \/>\n<link rel=\"canonical\" href=\"https:\/\/www.cryometal.cz\/en\/stranka-1\/\" \/>\n<meta name=\"twitter:card\" content=\"summary_large_image\" \/>\n<meta name=\"twitter:title\" content=\"O n\u00e1s - Cryometal\" \/>\n<meta name=\"twitter:description\" content=\"O n\u00e1s Firma Cryometal s.r.o. vznikla v roce 1997 privatizac\u00ed \u010d\u00e1sti STS \u0158\u00ed\u010dany. Programov\u011b nav\u00e1zala p\u0159edev\u0161\u00edm na v\u00edce ne\u017e 30-ti letou tradici v\u00fdroby kryogenn\u00ed techniky, kter\u00e1 se stala nosn\u00fdm prvkem aktivit spole\u010dnosti. Tento program je nad\u00e1le rozv\u00edjen a dopl\u0148ov\u00e1n s vyu\u017eit\u00edm vlastn\u00ed know-how i ve spolupr\u00e1ci s p\u0159edn\u00edmi odborn\u00edky v\u011bdeck\u00fdch a v\u00fdzkumn\u00fdch pracovi\u0161\u0165. Unik\u00e1tnost v\u00fdroby [&hellip;]\" \/>\n<meta name=\"twitter:image\" content=\"https:\/\/www.cryometal.cz\/wp-content\/uploads\/2020\/05\/kbrada-150x150.jpg\" \/>\n<script type=\"application\/ld+json\" class=\"yoast-schema-graph\">{\"@context\":\"https:\\\/\\\/schema.org\",\"@graph\":[{\"@type\":\"WebPage\",\"@id\":\"https:\\\/\\\/www.cryometal.cz\\\/stranka-1\\\/\",\"url\":\"https:\\\/\\\/www.cryometal.cz\\\/stranka-1\\\/\",\"name\":\"O n\u00e1s - Cryometal\",\"isPartOf\":{\"@id\":\"https:\\\/\\\/www.cryometal.cz\\\/#website\"},\"datePublished\":\"2020-05-04T09:21:26+00:00\",\"dateModified\":\"2026-04-30T07:12:00+00:00\",\"breadcrumb\":{\"@id\":\"https:\\\/\\\/www.cryometal.cz\\\/stranka-1\\\/#breadcrumb\"},\"inLanguage\":\"en-GB\",\"potentialAction\":[{\"@type\":\"ReadAction\",\"target\":[\"https:\\\/\\\/www.cryometal.cz\\\/stranka-1\\\/\"]}]},{\"@type\":\"BreadcrumbList\",\"@id\":\"https:\\\/\\\/www.cryometal.cz\\\/stranka-1\\\/#breadcrumb\",\"itemListElement\":[{\"@type\":\"ListItem\",\"position\":1,\"name\":\"Dom\u016f\",\"item\":\"https:\\\/\\\/www.cryometal.cz\\\/\"},{\"@type\":\"ListItem\",\"position\":2,\"name\":\"O n\u00e1s\"}]},{\"@type\":\"WebSite\",\"@id\":\"https:\\\/\\\/www.cryometal.cz\\\/#website\",\"url\":\"https:\\\/\\\/www.cryometal.cz\\\/\",\"name\":\"Cryometal\",\"description\":\"\",\"publisher\":{\"@id\":\"https:\\\/\\\/www.cryometal.cz\\\/#organization\"},\"potentialAction\":[{\"@type\":\"SearchAction\",\"target\":{\"@type\":\"EntryPoint\",\"urlTemplate\":\"https:\\\/\\\/www.cryometal.cz\\\/?s={search_term_string}\"},\"query-input\":{\"@type\":\"PropertyValueSpecification\",\"valueRequired\":true,\"valueName\":\"search_term_string\"}}],\"inLanguage\":\"en-GB\"},{\"@type\":\"Organization\",\"@id\":\"https:\\\/\\\/www.cryometal.cz\\\/#organization\",\"name\":\"Cryometal s.r.o.\",\"url\":\"https:\\\/\\\/www.cryometal.cz\\\/\",\"logo\":{\"@type\":\"ImageObject\",\"inLanguage\":\"en-GB\",\"@id\":\"https:\\\/\\\/www.cryometal.cz\\\/#\\\/schema\\\/logo\\\/image\\\/\",\"url\":\"https:\\\/\\\/www.cryometal.cz\\\/wp-content\\\/uploads\\\/2020\\\/04\\\/logo2_transparent-e1588170436895.png\",\"contentUrl\":\"https:\\\/\\\/www.cryometal.cz\\\/wp-content\\\/uploads\\\/2020\\\/04\\\/logo2_transparent-e1588170436895.png\",\"width\":210,\"height\":57,\"caption\":\"Cryometal s.r.o.\"},\"image\":{\"@id\":\"https:\\\/\\\/www.cryometal.cz\\\/#\\\/schema\\\/logo\\\/image\\\/\"},\"sameAs\":[\"https:\\\/\\\/www.facebook.com\\\/people\\\/Cryometal\\\/100085547590674\\\/\"]}]}<\/script>\n<!-- \/ Yoast SEO plugin. -->","yoast_head_json":{"title":"O n\u00e1s - Cryometal","robots":{"index":"index","follow":"follow","max-snippet":"max-snippet:-1","max-image-preview":"max-image-preview:large","max-video-preview":"max-video-preview:-1"},"canonical":"https:\/\/www.cryometal.cz\/en\/stranka-1\/","twitter_card":"summary_large_image","twitter_title":"O n\u00e1s - Cryometal","twitter_description":"O n\u00e1s Firma Cryometal s.r.o. vznikla v roce 1997 privatizac\u00ed \u010d\u00e1sti STS \u0158\u00ed\u010dany. Programov\u011b nav\u00e1zala p\u0159edev\u0161\u00edm na v\u00edce ne\u017e 30-ti letou tradici v\u00fdroby kryogenn\u00ed techniky, kter\u00e1 se stala nosn\u00fdm prvkem aktivit spole\u010dnosti. Tento program je nad\u00e1le rozv\u00edjen a dopl\u0148ov\u00e1n s vyu\u017eit\u00edm vlastn\u00ed know-how i ve spolupr\u00e1ci s p\u0159edn\u00edmi odborn\u00edky v\u011bdeck\u00fdch a v\u00fdzkumn\u00fdch pracovi\u0161\u0165. Unik\u00e1tnost v\u00fdroby [&hellip;]","twitter_image":"https:\/\/www.cryometal.cz\/wp-content\/uploads\/2020\/05\/kbrada-150x150.jpg","schema":{"@context":"https:\/\/schema.org","@graph":[{"@type":"WebPage","@id":"https:\/\/www.cryometal.cz\/stranka-1\/","url":"https:\/\/www.cryometal.cz\/stranka-1\/","name":"O n\u00e1s - Cryometal","isPartOf":{"@id":"https:\/\/www.cryometal.cz\/#website"},"datePublished":"2020-05-04T09:21:26+00:00","dateModified":"2026-04-30T07:12:00+00:00","breadcrumb":{"@id":"https:\/\/www.cryometal.cz\/stranka-1\/#breadcrumb"},"inLanguage":"en-GB","potentialAction":[{"@type":"ReadAction","target":["https:\/\/www.cryometal.cz\/stranka-1\/"]}]},{"@type":"BreadcrumbList","@id":"https:\/\/www.cryometal.cz\/stranka-1\/#breadcrumb","itemListElement":[{"@type":"ListItem","position":1,"name":"Dom\u016f","item":"https:\/\/www.cryometal.cz\/"},{"@type":"ListItem","position":2,"name":"O n\u00e1s"}]},{"@type":"WebSite","@id":"https:\/\/www.cryometal.cz\/#website","url":"https:\/\/www.cryometal.cz\/","name":"Cryometal","description":"","publisher":{"@id":"https:\/\/www.cryometal.cz\/#organization"},"potentialAction":[{"@type":"SearchAction","target":{"@type":"EntryPoint","urlTemplate":"https:\/\/www.cryometal.cz\/?s={search_term_string}"},"query-input":{"@type":"PropertyValueSpecification","valueRequired":true,"valueName":"search_term_string"}}],"inLanguage":"en-GB"},{"@type":"Organization","@id":"https:\/\/www.cryometal.cz\/#organization","name":"Cryometal s.r.o.","url":"https:\/\/www.cryometal.cz\/","logo":{"@type":"ImageObject","inLanguage":"en-GB","@id":"https:\/\/www.cryometal.cz\/#\/schema\/logo\/image\/","url":"https:\/\/www.cryometal.cz\/wp-content\/uploads\/2020\/04\/logo2_transparent-e1588170436895.png","contentUrl":"https:\/\/www.cryometal.cz\/wp-content\/uploads\/2020\/04\/logo2_transparent-e1588170436895.png","width":210,"height":57,"caption":"Cryometal s.r.o."},"image":{"@id":"https:\/\/www.cryometal.cz\/#\/schema\/logo\/image\/"},"sameAs":["https:\/\/www.facebook.com\/people\/Cryometal\/100085547590674\/"]}]}},"builder_content":"<h1>O n\u00e1s<\/h1>\n\n<p>Firma <strong>Cryometal s.r.o<\/strong>. vznikla v roce <b>1997<\/b> privatizac\u00ed \u010d\u00e1sti STS \u0158\u00ed\u010dany. Programov\u011b nav\u00e1zala p\u0159edev\u0161\u00edm na v\u00edce ne\u017e <b>30-ti letou tradici v\u00fdroby<\/b> kryogenn\u00ed techniky, kter\u00e1 se stala nosn\u00fdm prvkem aktivit spole\u010dnosti. Tento program je nad\u00e1le rozv\u00edjen a dopl\u0148ov\u00e1n s vyu\u017eit\u00edm vlastn\u00ed know-how i ve spolupr\u00e1ci s <b>p\u0159edn\u00edmi odborn\u00edky v\u011bdeck\u00fdch a v\u00fdzkumn\u00fdch pracovi\u0161\u0165.<\/b> Unik\u00e1tnost v\u00fdroby a technick\u00e1 \u00farove\u0148 v\u00fdrobk\u016f, p\u0159edstavuje v\u00fdrazn\u00fd exportn\u00ed potenci\u00e1l v obchodn\u00edch z\u00e1m\u011brech firmy. U ostatn\u00ed produkce strojn\u011b-z\u00e1me\u010dnick\u00e9ho charakteru se v\u00fdroba postupn\u011b p\u0159ev\u00e1d\u00ed na specializovan\u00e9 \u0159ady malos\u00e9riov\u00e9ho rozsahu. V roce<b> 2001<\/b> se <b>Cryometal s.r.o<\/b>. stal 100% dce\u0159inou spole\u010dnost\u00ed <b>Katres s.r.o<\/b>. a posl\u00e9ze <b>AustRea Invest a.s.<\/b>, kter\u00e1 je sou\u010d\u00e1st\u00ed skupiny <b>Katres.<\/b><\/p>\n[gallery ids=\"382,573,562,576\"]","_links":{"self":[{"href":"https:\/\/www.cryometal.cz\/en\/wp-json\/wp\/v2\/pages\/253","targetHints":{"allow":["GET"]}}],"collection":[{"href":"https:\/\/www.cryometal.cz\/en\/wp-json\/wp\/v2\/pages"}],"about":[{"href":"https:\/\/www.cryometal.cz\/en\/wp-json\/wp\/v2\/types\/page"}],"author":[{"embeddable":true,"href":"https:\/\/www.cryometal.cz\/en\/wp-json\/wp\/v2\/users\/1"}],"replies":[{"embeddable":true,"href":"https:\/\/www.cryometal.cz\/en\/wp-json\/wp\/v2\/comments?post=253"}],"version-history":[{"count":6,"href":"https:\/\/www.cryometal.cz\/en\/wp-json\/wp\/v2\/pages\/253\/revisions"}],"predecessor-version":[{"id":1469,"href":"https:\/\/www.cryometal.cz\/en\/wp-json\/wp\/v2\/pages\/253\/revisions\/1469"}],"wp:attachment":[{"href":"https:\/\/www.cryometal.cz\/en\/wp-json\/wp\/v2\/media?parent=253"}],"curies":[{"name":"wp","href":"https:\/\/api.w.org\/{rel}","templated":true}]}}