{"id":199,"date":"2020-05-05T07:30:37","date_gmt":"2020-05-05T06:30:37","guid":{"rendered":"https:\/\/cryometal.wpcomstaging.com\/boxy\/"},"modified":"2026-04-30T09:11:00","modified_gmt":"2026-04-30T07:11:00","slug":"boxy","status":"publish","type":"page","link":"https:\/\/www.cryometal.cz\/en\/boxy\/","title":{"rendered":"Cryoprogram"},"content":{"rendered":"<!--themify_builder_content-->\n<div id=\"themify_builder_content-199\" data-postid=\"199\" class=\"themify_builder_content themify_builder_content-199 themify_builder tf_clear\">\n                    <div  data-lazy=\"1\" class=\"module_row themify_builder_row tb_cxwb502 tb_first tf_w\">\n                        <div class=\"row_inner col_align_top tb_col_count_1 tf_box tf_rel\">\n                        <div  data-lazy=\"1\" class=\"module_column tb-column col-full tb_4o18503 first\">\n                    <!-- module text -->\n<div  class=\"module module-text tb_rdsv503    tb_gs1080631\" data-lazy=\"1\">\n        <div  class=\"tb_text_wrap\">\n        <h1 class=\"page-title\">Cryoprogram<\/h1>    <\/div>\n<\/div>\n<!-- \/module text --><!-- module divider -->\n<div  class=\"module tf_mw module-divider tb_7yyq503 solid  divider-custom divider-left\" style=\"border-width: 3px;border-color: #60ccf7;margin-bottom: 17px;max-width: 188px;\" data-lazy=\"1\">\n    <\/div>\n<!-- \/module divider -->\n        <\/div>\n                        <\/div>\n        <\/div>\n                        <div  data-lazy=\"1\" class=\"module_row themify_builder_row tb_yuq1981 tf_w\">\n                        <div class=\"row_inner col_align_top tb_col_count_2 tf_box tf_rel\">\n                        <div  data-lazy=\"1\" class=\"module_column tb-column tb_583c981 first\">\n                    <!-- module text -->\n<div  class=\"module module-text tb_mqq2423\" data-lazy=\"1\">\n        <div  class=\"tb_text_wrap\">\n        <p><strong>N\u00e1dr\u017ee na kapaln\u00fd dus\u00edk pro prochlazov\u00e1n\u00ed strojn\u00edch sou\u010d\u00e1st\u00ed<\/strong><\/p>\n<p>\u2013\u00a0\u00a0\u00a0 jsou ur\u010deny pro aplikaci kapaln\u00e9ho dus\u00edku ve stroj\u00edrenstv\u00ed a strojn\u00edm oprav\u00e1renstv\u00ed.<\/p>\n<p>\u2013\u00a0\u00a0\u00a0\u00a0 boxy vyr\u00e1b\u00edme dle po\u017eadavk\u016f, navrhujeme p\u0159\u00edpadn\u011b realizujeme pot\u0159ebn\u00e9 p\u0159\u00edslu\u0161enstv\u00ed pro za\u010dlen\u011bn\u00ed do technologick\u00e9ho procesu.<\/p>\n<p>\u2013\u00a0\u00a0\u00a0\u00a0 boxy mohou b\u00fdt vybaveny m\u011b\u0159\u00edc\u00ed technikou jak pro kontrolu teploty nebo hladiny kapaln\u00e9ho dus\u00edku a tak\u00e9 napou\u0161t\u011bc\u00edm za\u0159\u00edzen\u00edm pro kapaln\u00fd dus\u00edk.<\/p>    <\/div>\n<\/div>\n<!-- \/module text -->        <\/div>\n                    <div  data-lazy=\"1\" class=\"module_column tb-column tb_ua86981 last\">\n                    <!-- module image -->\n<div  class=\"module module-image tb_nugb248 image-top   tf_mw\" data-lazy=\"1\">\n        <div class=\"image-wrap tf_rel tf_mw\">\n            <a href=\"http:\/\/www.cryometal.cz\/wp-content\/uploads\/2020\/09\/cryo_kovo.png\" class=\"lightbox-builder themify_lightbox\">\n                                   <span class=\"zoom\">\n                <svg  aria-label=\"Open\" class=\"tf_fa tf-ti-search\" xmlns:xlink=\"http:\/\/www.w3.org\/1999\/xlink\" role=\"img\"><use href=\"#tf-ti-search\" xlink:href=\"#tf-ti-search\"><\/use><\/svg>            <\/span>\n                    <img loading=\"lazy\" decoding=\"async\" width=\"1200\" height=\"1200\" src=\"https:\/\/www.cryometal.cz\/wp-content\/uploads\/2020\/09\/cryo_kovo.png\" class=\"wp-post-image wp-image-702\" title=\"Cryo_kovo\" alt=\"Cryo_kovo\" srcset=\"https:\/\/www.cryometal.cz\/wp-content\/uploads\/2020\/09\/cryo_kovo.png 1200w, https:\/\/www.cryometal.cz\/wp-content\/uploads\/2020\/09\/cryo_kovo-300x300.png 300w, https:\/\/www.cryometal.cz\/wp-content\/uploads\/2020\/09\/cryo_kovo-100x100.png 100w, https:\/\/www.cryometal.cz\/wp-content\/uploads\/2020\/09\/cryo_kovo-600x600.png 600w, https:\/\/www.cryometal.cz\/wp-content\/uploads\/2020\/09\/cryo_kovo-1024x1024.png 1024w, https:\/\/www.cryometal.cz\/wp-content\/uploads\/2020\/09\/cryo_kovo-150x150.png 150w, https:\/\/www.cryometal.cz\/wp-content\/uploads\/2020\/09\/cryo_kovo-768x768.png 768w\" sizes=\"auto, (max-width: 1200px) 100vw, 1200px\" \/>        <\/a>\n    \n        <\/div>\n    <!-- \/image-wrap -->\n    \n        <\/div>\n<!-- \/module image -->        <\/div>\n                        <\/div>\n        <\/div>\n        <\/div>\n<!--\/themify_builder_content-->\r\n<p><\/p>","protected":false},"excerpt":{"rendered":"<p>Cryoprogram N\u00e1dr\u017ee na kapaln\u00fd dus\u00edk pro prochlazov\u00e1n\u00ed strojn\u00edch sou\u010d\u00e1st\u00ed \u2013\u00a0\u00a0\u00a0 jsou ur\u010deny pro aplikaci kapaln\u00e9ho dus\u00edku ve stroj\u00edrenstv\u00ed a strojn\u00edm oprav\u00e1renstv\u00ed. \u2013\u00a0\u00a0\u00a0\u00a0 boxy vyr\u00e1b\u00edme dle po\u017eadavk\u016f, navrhujeme p\u0159\u00edpadn\u011b realizujeme pot\u0159ebn\u00e9 p\u0159\u00edslu\u0161enstv\u00ed pro za\u010dlen\u011bn\u00ed do technologick\u00e9ho procesu. \u2013\u00a0\u00a0\u00a0\u00a0 boxy mohou b\u00fdt vybaveny m\u011b\u0159\u00edc\u00ed technikou jak pro kontrolu teploty nebo hladiny kapaln\u00e9ho dus\u00edku a tak\u00e9 napou\u0161t\u011bc\u00edm za\u0159\u00edzen\u00edm [&hellip;]<\/p>\n","protected":false},"author":1,"featured_media":0,"parent":0,"menu_order":0,"comment_status":"closed","ping_status":"closed","template":"","meta":{"footnotes":""},"class_list":["post-199","page","type-page","status-publish","hentry","has-post-title","has-post-date","has-post-category","has-post-tag","has-post-comment","has-post-author",""],"yoast_head":"<!-- This site is optimized with the Yoast SEO plugin v27.5 - https:\/\/yoast.com\/product\/yoast-seo-wordpress\/ -->\n<title>Cryoprogram - Cryometal<\/title>\n<meta name=\"robots\" content=\"index, follow, max-snippet:-1, max-image-preview:large, max-video-preview:-1\" \/>\n<link rel=\"canonical\" href=\"https:\/\/www.cryometal.cz\/en\/boxy\/\" \/>\n<meta name=\"twitter:card\" content=\"summary_large_image\" \/>\n<meta name=\"twitter:title\" content=\"Cryoprogram - Cryometal\" \/>\n<meta name=\"twitter:description\" content=\"Cryoprogram N\u00e1dr\u017ee na kapaln\u00fd dus\u00edk pro prochlazov\u00e1n\u00ed strojn\u00edch sou\u010d\u00e1st\u00ed \u2013\u00a0\u00a0\u00a0 jsou ur\u010deny pro aplikaci kapaln\u00e9ho dus\u00edku ve stroj\u00edrenstv\u00ed a strojn\u00edm oprav\u00e1renstv\u00ed. \u2013\u00a0\u00a0\u00a0\u00a0 boxy vyr\u00e1b\u00edme dle po\u017eadavk\u016f, navrhujeme p\u0159\u00edpadn\u011b realizujeme pot\u0159ebn\u00e9 p\u0159\u00edslu\u0161enstv\u00ed pro za\u010dlen\u011bn\u00ed do technologick\u00e9ho procesu. \u2013\u00a0\u00a0\u00a0\u00a0 boxy mohou b\u00fdt vybaveny m\u011b\u0159\u00edc\u00ed technikou jak pro kontrolu teploty nebo hladiny kapaln\u00e9ho dus\u00edku a tak\u00e9 napou\u0161t\u011bc\u00edm za\u0159\u00edzen\u00edm [&hellip;]\" \/>\n<meta name=\"twitter:image\" content=\"http:\/\/www.cryometal.cz\/wp-content\/uploads\/2020\/09\/cryo_kovo.png\" \/>\n<script type=\"application\/ld+json\" class=\"yoast-schema-graph\">{\"@context\":\"https:\\\/\\\/schema.org\",\"@graph\":[{\"@type\":\"WebPage\",\"@id\":\"https:\\\/\\\/www.cryometal.cz\\\/boxy\\\/\",\"url\":\"https:\\\/\\\/www.cryometal.cz\\\/boxy\\\/\",\"name\":\"Cryoprogram - Cryometal\",\"isPartOf\":{\"@id\":\"https:\\\/\\\/www.cryometal.cz\\\/#website\"},\"primaryImageOfPage\":{\"@id\":\"https:\\\/\\\/www.cryometal.cz\\\/boxy\\\/#primaryimage\"},\"image\":{\"@id\":\"https:\\\/\\\/www.cryometal.cz\\\/boxy\\\/#primaryimage\"},\"thumbnailUrl\":\"http:\\\/\\\/www.cryometal.cz\\\/wp-content\\\/uploads\\\/2020\\\/09\\\/cryo_kovo.png\",\"datePublished\":\"2020-05-05T06:30:37+00:00\",\"dateModified\":\"2026-04-30T07:11:00+00:00\",\"breadcrumb\":{\"@id\":\"https:\\\/\\\/www.cryometal.cz\\\/boxy\\\/#breadcrumb\"},\"inLanguage\":\"en-GB\",\"potentialAction\":[{\"@type\":\"ReadAction\",\"target\":[\"https:\\\/\\\/www.cryometal.cz\\\/boxy\\\/\"]}]},{\"@type\":\"ImageObject\",\"inLanguage\":\"en-GB\",\"@id\":\"https:\\\/\\\/www.cryometal.cz\\\/boxy\\\/#primaryimage\",\"url\":\"http:\\\/\\\/www.cryometal.cz\\\/wp-content\\\/uploads\\\/2020\\\/09\\\/cryo_kovo.png\",\"contentUrl\":\"http:\\\/\\\/www.cryometal.cz\\\/wp-content\\\/uploads\\\/2020\\\/09\\\/cryo_kovo.png\"},{\"@type\":\"BreadcrumbList\",\"@id\":\"https:\\\/\\\/www.cryometal.cz\\\/boxy\\\/#breadcrumb\",\"itemListElement\":[{\"@type\":\"ListItem\",\"position\":1,\"name\":\"Dom\u016f\",\"item\":\"https:\\\/\\\/www.cryometal.cz\\\/\"},{\"@type\":\"ListItem\",\"position\":2,\"name\":\"Cryoprogram\"}]},{\"@type\":\"WebSite\",\"@id\":\"https:\\\/\\\/www.cryometal.cz\\\/#website\",\"url\":\"https:\\\/\\\/www.cryometal.cz\\\/\",\"name\":\"Cryometal\",\"description\":\"\",\"publisher\":{\"@id\":\"https:\\\/\\\/www.cryometal.cz\\\/#organization\"},\"potentialAction\":[{\"@type\":\"SearchAction\",\"target\":{\"@type\":\"EntryPoint\",\"urlTemplate\":\"https:\\\/\\\/www.cryometal.cz\\\/?s={search_term_string}\"},\"query-input\":{\"@type\":\"PropertyValueSpecification\",\"valueRequired\":true,\"valueName\":\"search_term_string\"}}],\"inLanguage\":\"en-GB\"},{\"@type\":\"Organization\",\"@id\":\"https:\\\/\\\/www.cryometal.cz\\\/#organization\",\"name\":\"Cryometal s.r.o.\",\"url\":\"https:\\\/\\\/www.cryometal.cz\\\/\",\"logo\":{\"@type\":\"ImageObject\",\"inLanguage\":\"en-GB\",\"@id\":\"https:\\\/\\\/www.cryometal.cz\\\/#\\\/schema\\\/logo\\\/image\\\/\",\"url\":\"https:\\\/\\\/www.cryometal.cz\\\/wp-content\\\/uploads\\\/2020\\\/04\\\/logo2_transparent-e1588170436895.png\",\"contentUrl\":\"https:\\\/\\\/www.cryometal.cz\\\/wp-content\\\/uploads\\\/2020\\\/04\\\/logo2_transparent-e1588170436895.png\",\"width\":210,\"height\":57,\"caption\":\"Cryometal s.r.o.\"},\"image\":{\"@id\":\"https:\\\/\\\/www.cryometal.cz\\\/#\\\/schema\\\/logo\\\/image\\\/\"},\"sameAs\":[\"https:\\\/\\\/www.facebook.com\\\/people\\\/Cryometal\\\/100085547590674\\\/\"]}]}<\/script>\n<!-- \/ Yoast SEO plugin. -->","yoast_head_json":{"title":"Cryoprogram - Cryometal","robots":{"index":"index","follow":"follow","max-snippet":"max-snippet:-1","max-image-preview":"max-image-preview:large","max-video-preview":"max-video-preview:-1"},"canonical":"https:\/\/www.cryometal.cz\/en\/boxy\/","twitter_card":"summary_large_image","twitter_title":"Cryoprogram - Cryometal","twitter_description":"Cryoprogram N\u00e1dr\u017ee na kapaln\u00fd dus\u00edk pro prochlazov\u00e1n\u00ed strojn\u00edch sou\u010d\u00e1st\u00ed \u2013\u00a0\u00a0\u00a0 jsou ur\u010deny pro aplikaci kapaln\u00e9ho dus\u00edku ve stroj\u00edrenstv\u00ed a strojn\u00edm oprav\u00e1renstv\u00ed. \u2013\u00a0\u00a0\u00a0\u00a0 boxy vyr\u00e1b\u00edme dle po\u017eadavk\u016f, navrhujeme p\u0159\u00edpadn\u011b realizujeme pot\u0159ebn\u00e9 p\u0159\u00edslu\u0161enstv\u00ed pro za\u010dlen\u011bn\u00ed do technologick\u00e9ho procesu. \u2013\u00a0\u00a0\u00a0\u00a0 boxy mohou b\u00fdt vybaveny m\u011b\u0159\u00edc\u00ed technikou jak pro kontrolu teploty nebo hladiny kapaln\u00e9ho dus\u00edku a tak\u00e9 napou\u0161t\u011bc\u00edm za\u0159\u00edzen\u00edm [&hellip;]","twitter_image":"http:\/\/www.cryometal.cz\/wp-content\/uploads\/2020\/09\/cryo_kovo.png","schema":{"@context":"https:\/\/schema.org","@graph":[{"@type":"WebPage","@id":"https:\/\/www.cryometal.cz\/boxy\/","url":"https:\/\/www.cryometal.cz\/boxy\/","name":"Cryoprogram - Cryometal","isPartOf":{"@id":"https:\/\/www.cryometal.cz\/#website"},"primaryImageOfPage":{"@id":"https:\/\/www.cryometal.cz\/boxy\/#primaryimage"},"image":{"@id":"https:\/\/www.cryometal.cz\/boxy\/#primaryimage"},"thumbnailUrl":"http:\/\/www.cryometal.cz\/wp-content\/uploads\/2020\/09\/cryo_kovo.png","datePublished":"2020-05-05T06:30:37+00:00","dateModified":"2026-04-30T07:11:00+00:00","breadcrumb":{"@id":"https:\/\/www.cryometal.cz\/boxy\/#breadcrumb"},"inLanguage":"en-GB","potentialAction":[{"@type":"ReadAction","target":["https:\/\/www.cryometal.cz\/boxy\/"]}]},{"@type":"ImageObject","inLanguage":"en-GB","@id":"https:\/\/www.cryometal.cz\/boxy\/#primaryimage","url":"http:\/\/www.cryometal.cz\/wp-content\/uploads\/2020\/09\/cryo_kovo.png","contentUrl":"http:\/\/www.cryometal.cz\/wp-content\/uploads\/2020\/09\/cryo_kovo.png"},{"@type":"BreadcrumbList","@id":"https:\/\/www.cryometal.cz\/boxy\/#breadcrumb","itemListElement":[{"@type":"ListItem","position":1,"name":"Dom\u016f","item":"https:\/\/www.cryometal.cz\/"},{"@type":"ListItem","position":2,"name":"Cryoprogram"}]},{"@type":"WebSite","@id":"https:\/\/www.cryometal.cz\/#website","url":"https:\/\/www.cryometal.cz\/","name":"Cryometal","description":"","publisher":{"@id":"https:\/\/www.cryometal.cz\/#organization"},"potentialAction":[{"@type":"SearchAction","target":{"@type":"EntryPoint","urlTemplate":"https:\/\/www.cryometal.cz\/?s={search_term_string}"},"query-input":{"@type":"PropertyValueSpecification","valueRequired":true,"valueName":"search_term_string"}}],"inLanguage":"en-GB"},{"@type":"Organization","@id":"https:\/\/www.cryometal.cz\/#organization","name":"Cryometal s.r.o.","url":"https:\/\/www.cryometal.cz\/","logo":{"@type":"ImageObject","inLanguage":"en-GB","@id":"https:\/\/www.cryometal.cz\/#\/schema\/logo\/image\/","url":"https:\/\/www.cryometal.cz\/wp-content\/uploads\/2020\/04\/logo2_transparent-e1588170436895.png","contentUrl":"https:\/\/www.cryometal.cz\/wp-content\/uploads\/2020\/04\/logo2_transparent-e1588170436895.png","width":210,"height":57,"caption":"Cryometal s.r.o."},"image":{"@id":"https:\/\/www.cryometal.cz\/#\/schema\/logo\/image\/"},"sameAs":["https:\/\/www.facebook.com\/people\/Cryometal\/100085547590674\/"]}]}},"builder_content":"<h1>Cryoprogram<\/h1>\n\n<p><strong>N\u00e1dr\u017ee na kapaln\u00fd dus\u00edk pro prochlazov\u00e1n\u00ed strojn\u00edch sou\u010d\u00e1st\u00ed<\/strong><\/p> <p>\u2013\u00a0\u00a0\u00a0 jsou ur\u010deny pro aplikaci kapaln\u00e9ho dus\u00edku ve stroj\u00edrenstv\u00ed a strojn\u00edm oprav\u00e1renstv\u00ed.<\/p> <p>\u2013\u00a0\u00a0\u00a0\u00a0 boxy vyr\u00e1b\u00edme dle po\u017eadavk\u016f, navrhujeme p\u0159\u00edpadn\u011b realizujeme pot\u0159ebn\u00e9 p\u0159\u00edslu\u0161enstv\u00ed pro za\u010dlen\u011bn\u00ed do technologick\u00e9ho procesu.<\/p> <p>\u2013\u00a0\u00a0\u00a0\u00a0 boxy mohou b\u00fdt vybaveny m\u011b\u0159\u00edc\u00ed technikou jak pro kontrolu teploty nebo hladiny kapaln\u00e9ho dus\u00edku a tak\u00e9 napou\u0161t\u011bc\u00edm za\u0159\u00edzen\u00edm pro kapaln\u00fd dus\u00edk.<\/p>\n<a href=\"http:\/\/www.cryometal.cz\/wp-content\/uploads\/2020\/09\/cryo_kovo.png\"> <svg aria-label=\"Open\" xmlns:xlink=\"http:\/\/www.w3.org\/1999\/xlink\" role=\"img\"><use href=\"#tf-ti-search\" xlink:href=\"#tf-ti-search\"><\/use><\/svg> <img src=\"https:\/\/www.cryometal.cz\/wp-content\/uploads\/2020\/09\/cryo_kovo.png\" title=\"Cryo_kovo\" alt=\"Cryo_kovo\" srcset=\"https:\/\/www.cryometal.cz\/wp-content\/uploads\/2020\/09\/cryo_kovo.png 1200w, https:\/\/www.cryometal.cz\/wp-content\/uploads\/2020\/09\/cryo_kovo-300x300.png 300w, https:\/\/www.cryometal.cz\/wp-content\/uploads\/2020\/09\/cryo_kovo-100x100.png 100w, https:\/\/www.cryometal.cz\/wp-content\/uploads\/2020\/09\/cryo_kovo-600x600.png 600w, https:\/\/www.cryometal.cz\/wp-content\/uploads\/2020\/09\/cryo_kovo-1024x1024.png 1024w, https:\/\/www.cryometal.cz\/wp-content\/uploads\/2020\/09\/cryo_kovo-150x150.png 150w, https:\/\/www.cryometal.cz\/wp-content\/uploads\/2020\/09\/cryo_kovo-768x768.png 768w\" sizes=\"(max-width: 1200px) 100vw, 1200px\" \/> <\/a>","_links":{"self":[{"href":"https:\/\/www.cryometal.cz\/en\/wp-json\/wp\/v2\/pages\/199","targetHints":{"allow":["GET"]}}],"collection":[{"href":"https:\/\/www.cryometal.cz\/en\/wp-json\/wp\/v2\/pages"}],"about":[{"href":"https:\/\/www.cryometal.cz\/en\/wp-json\/wp\/v2\/types\/page"}],"author":[{"embeddable":true,"href":"https:\/\/www.cryometal.cz\/en\/wp-json\/wp\/v2\/users\/1"}],"replies":[{"embeddable":true,"href":"https:\/\/www.cryometal.cz\/en\/wp-json\/wp\/v2\/comments?post=199"}],"version-history":[{"count":12,"href":"https:\/\/www.cryometal.cz\/en\/wp-json\/wp\/v2\/pages\/199\/revisions"}],"predecessor-version":[{"id":1465,"href":"https:\/\/www.cryometal.cz\/en\/wp-json\/wp\/v2\/pages\/199\/revisions\/1465"}],"wp:attachment":[{"href":"https:\/\/www.cryometal.cz\/en\/wp-json\/wp\/v2\/media?parent=199"}],"curies":[{"name":"wp","href":"https:\/\/api.w.org\/{rel}","templated":true}]}}